{"id":30177,"date":"2023-10-20T10:58:07","date_gmt":"2023-10-20T08:58:07","guid":{"rendered":"https:\/\/www.swibeco.ch\/?page_id=30177"},"modified":"2025-03-18T14:02:02","modified_gmt":"2025-03-18T13:02:02","slug":"demo-hs","status":"publish","type":"page","link":"https:\/\/www.swibeco.ch\/de\/demo-hs\/","title":{"rendered":"Kostenlose Demo buchen"},"content":{"rendered":"<div class=\"gb-container gb-container-95fe2c14 alignfull\">\n<div class=\"gb-container gb-container-c9bd6a8d\">\n<div class=\"gb-grid-wrapper gb-grid-wrapper-10a9ae00\">\n<div class=\"gb-grid-column gb-grid-column-bc24e28a\"><div class=\"gb-container gb-container-bc24e28a\">\n\n<h1 class=\"gb-headline gb-headline-77e3f5fb gb-headline-text\">Kostenlose Demo buchen<\/h1>\n\n\n\n<p class=\"gb-headline gb-headline-e6548fc1 gb-headline-text\">Sie m\u00f6chten mehr \u00fcber unser Angebot erfahren und herausfinden, wie Swibeco Ihren Betrieb ver\u00e4ndern kann? Dann vereinbaren Sie einen Termin mit einem Mitglied unseres Teams und entdecken Sie, wie unsere Plattform Ihnen dabei helfen kann, Talente anzuziehen, zu belohnen und an Ihr Unternehmen zu binden.<\/p>\n\n<\/div><\/div>\n\n<div class=\"gb-grid-column gb-grid-column-06a5e635\"><div class=\"gb-container gb-container-06a5e635\">\n\n<div id=\"zf_div_IF6_RNeXqrME7NcS9Sr0cu638xrGiUY1l-NvrV2I1Lg\"><\/div><script type=\"text\/javascript\">(function() {\ntry{\nvar f = document.createElement(\"iframe\");   \nf.src = 'https:\/\/forms.zohopublic.eu\/swibeco\/form\/DemandededmoDEHS\/formperma\/IF6_RNeXqrME7NcS9Sr0cu638xrGiUY1l-NvrV2I1Lg?zf_rszfm=1';\nf.style.border=\"none\";                                           \nf.style.height=\"1500px\";\nf.style.width=\"100%\";\nf.style.transition=\"all 0.5s ease\";\nvar d = document.getElementById(\"zf_div_IF6_RNeXqrME7NcS9Sr0cu638xrGiUY1l-NvrV2I1Lg\");\nd.appendChild(f);\nwindow.addEventListener('message', function (){\nvar evntData = event.data;\nif( evntData && evntData.constructor == String ){\nvar zf_ifrm_data = evntData.split(\"|\");\nif ( zf_ifrm_data.length == 2 ) {\nvar zf_perma = zf_ifrm_data[0];\nvar zf_ifrm_ht_nw = ( parseInt(zf_ifrm_data[1], 10) + 15 ) + \"px\";\nvar iframe = document.getElementById(\"zf_div_IF6_RNeXqrME7NcS9Sr0cu638xrGiUY1l-NvrV2I1Lg\").getElementsByTagName(\"iframe\")[0];\nif ( (iframe.src).indexOf('formperma') > 0 && (iframe.src).indexOf(zf_perma) > 0 ) {\nvar prevIframeHeight = iframe.style.height;\nif ( prevIframeHeight != zf_ifrm_ht_nw ) {\niframe.style.height = zf_ifrm_ht_nw;\n}   \n}\n}\n}\n}, false);\n}catch(e){}\n})();<\/script>\n\n<\/div><\/div>\n<\/div>\n<\/div>\n<\/div>","protected":false},"excerpt":{"rendered":"","protected":false},"author":1,"featured_media":0,"parent":0,"menu_order":226,"comment_status":"closed","ping_status":"closed","template":"","meta":{"_acf_changed":false,"footnotes":""},"class_list":["post-30177","page","type-page","status-publish"],"acf":{"type_page":"lp_inactive"},"yoast_head":"<!-- This site is optimized with the Yoast SEO Premium plugin v27.1 (Yoast SEO v27.2) - https:\/\/yoast.com\/product\/yoast-seo-premium-wordpress\/ -->\n<title>Kostenlose Demo buchen | Swibeco<\/title>\n<meta name=\"robots\" content=\"noindex, nofollow\" \/>\n<meta property=\"og:locale\" content=\"de_DE\" \/>\n<meta property=\"og:type\" content=\"article\" \/>\n<meta property=\"og:title\" content=\"Kostenlose Demo buchen\" \/>\n<meta property=\"og:url\" content=\"https:\/\/www.swibeco.ch\/de\/demo-hs\/\" \/>\n<meta property=\"og:site_name\" content=\"Swibeco\" \/>\n<meta property=\"article:modified_time\" content=\"2025-03-18T13:02:02+00:00\" \/>\n<meta property=\"og:image\" content=\"https:\/\/www.swibeco.ch\/wp-content\/uploads\/swibeco-opengraph.jpg\" \/>\n\t<meta property=\"og:image:width\" content=\"1200\" \/>\n\t<meta property=\"og:image:height\" content=\"675\" \/>\n\t<meta property=\"og:image:type\" content=\"image\/jpeg\" \/>\n<meta name=\"twitter:card\" content=\"summary_large_image\" \/>\n<meta name=\"twitter:label1\" content=\"Gesch\u00e4tzte Lesezeit\" \/>\n\t<meta name=\"twitter:data1\" content=\"1\u00a0Minute\" \/>\n<script type=\"application\/ld+json\" class=\"yoast-schema-graph\">{\"@context\":\"https:\/\/schema.org\",\"@graph\":[{\"@type\":\"WebPage\",\"@id\":\"https:\/\/www.swibeco.ch\/de\/demo-hs\/\",\"url\":\"https:\/\/www.swibeco.ch\/de\/demo-hs\/\",\"name\":\"Kostenlose Demo buchen | Swibeco\",\"isPartOf\":{\"@id\":\"https:\/\/www.swibeco.ch\/de\/#website\"},\"datePublished\":\"2023-10-20T08:58:07+00:00\",\"dateModified\":\"2025-03-18T13:02:02+00:00\",\"breadcrumb\":{\"@id\":\"https:\/\/www.swibeco.ch\/de\/demo-hs\/#breadcrumb\"},\"inLanguage\":\"de\",\"potentialAction\":[{\"@type\":\"ReadAction\",\"target\":[\"https:\/\/www.swibeco.ch\/de\/demo-hs\/\"]}]},{\"@type\":\"BreadcrumbList\",\"@id\":\"https:\/\/www.swibeco.ch\/de\/demo-hs\/#breadcrumb\",\"itemListElement\":[{\"@type\":\"ListItem\",\"position\":1,\"name\":\"Accueil\",\"item\":\"https:\/\/www.swibeco.ch\/de\/\"},{\"@type\":\"ListItem\",\"position\":2,\"name\":\"Kostenlose Demo buchen\"}]},{\"@type\":\"WebSite\",\"@id\":\"https:\/\/www.swibeco.ch\/de\/#website\",\"url\":\"https:\/\/www.swibeco.ch\/de\/\",\"name\":\"Swibeco\",\"description\":\"Flexible Benefits for Real Impact\",\"publisher\":{\"@id\":\"https:\/\/www.swibeco.ch\/de\/#organization\"},\"potentialAction\":[{\"@type\":\"SearchAction\",\"target\":{\"@type\":\"EntryPoint\",\"urlTemplate\":\"https:\/\/www.swibeco.ch\/de\/?s={search_term_string}\"},\"query-input\":{\"@type\":\"PropertyValueSpecification\",\"valueRequired\":true,\"valueName\":\"search_term_string\"}}],\"inLanguage\":\"de\"},{\"@type\":\"Organization\",\"@id\":\"https:\/\/www.swibeco.ch\/de\/#organization\",\"name\":\"SWIBECO\",\"url\":\"https:\/\/www.swibeco.ch\/de\/\",\"logo\":{\"@type\":\"ImageObject\",\"inLanguage\":\"de\",\"@id\":\"https:\/\/www.swibeco.ch\/de\/#\/schema\/logo\/image\/\",\"url\":\"https:\/\/www.swibeco.ch\/wp-content\/uploads\/logo-swibeco.svg\",\"contentUrl\":\"https:\/\/www.swibeco.ch\/wp-content\/uploads\/logo-swibeco.svg\",\"width\":300,\"height\":110,\"caption\":\"SWIBECO\"},\"image\":{\"@id\":\"https:\/\/www.swibeco.ch\/de\/#\/schema\/logo\/image\/\"},\"sameAs\":[\"https:\/\/www.linkedin.com\/company\/swibeco\/\"]}]}<\/script>\n<!-- \/ Yoast SEO Premium plugin. -->","yoast_head_json":{"title":"Kostenlose Demo buchen | Swibeco","robots":{"index":"noindex","follow":"nofollow"},"og_locale":"de_DE","og_type":"article","og_title":"Kostenlose Demo buchen","og_url":"https:\/\/www.swibeco.ch\/de\/demo-hs\/","og_site_name":"Swibeco","article_modified_time":"2025-03-18T13:02:02+00:00","og_image":[{"width":1200,"height":675,"url":"https:\/\/www.swibeco.ch\/wp-content\/uploads\/swibeco-opengraph.jpg","type":"image\/jpeg"}],"twitter_card":"summary_large_image","twitter_misc":{"Gesch\u00e4tzte Lesezeit":"1\u00a0Minute"},"schema":{"@context":"https:\/\/schema.org","@graph":[{"@type":"WebPage","@id":"https:\/\/www.swibeco.ch\/de\/demo-hs\/","url":"https:\/\/www.swibeco.ch\/de\/demo-hs\/","name":"Kostenlose Demo buchen | Swibeco","isPartOf":{"@id":"https:\/\/www.swibeco.ch\/de\/#website"},"datePublished":"2023-10-20T08:58:07+00:00","dateModified":"2025-03-18T13:02:02+00:00","breadcrumb":{"@id":"https:\/\/www.swibeco.ch\/de\/demo-hs\/#breadcrumb"},"inLanguage":"de","potentialAction":[{"@type":"ReadAction","target":["https:\/\/www.swibeco.ch\/de\/demo-hs\/"]}]},{"@type":"BreadcrumbList","@id":"https:\/\/www.swibeco.ch\/de\/demo-hs\/#breadcrumb","itemListElement":[{"@type":"ListItem","position":1,"name":"Accueil","item":"https:\/\/www.swibeco.ch\/de\/"},{"@type":"ListItem","position":2,"name":"Kostenlose Demo buchen"}]},{"@type":"WebSite","@id":"https:\/\/www.swibeco.ch\/de\/#website","url":"https:\/\/www.swibeco.ch\/de\/","name":"Swibeco","description":"Flexible Benefits for Real Impact","publisher":{"@id":"https:\/\/www.swibeco.ch\/de\/#organization"},"potentialAction":[{"@type":"SearchAction","target":{"@type":"EntryPoint","urlTemplate":"https:\/\/www.swibeco.ch\/de\/?s={search_term_string}"},"query-input":{"@type":"PropertyValueSpecification","valueRequired":true,"valueName":"search_term_string"}}],"inLanguage":"de"},{"@type":"Organization","@id":"https:\/\/www.swibeco.ch\/de\/#organization","name":"SWIBECO","url":"https:\/\/www.swibeco.ch\/de\/","logo":{"@type":"ImageObject","inLanguage":"de","@id":"https:\/\/www.swibeco.ch\/de\/#\/schema\/logo\/image\/","url":"https:\/\/www.swibeco.ch\/wp-content\/uploads\/logo-swibeco.svg","contentUrl":"https:\/\/www.swibeco.ch\/wp-content\/uploads\/logo-swibeco.svg","width":300,"height":110,"caption":"SWIBECO"},"image":{"@id":"https:\/\/www.swibeco.ch\/de\/#\/schema\/logo\/image\/"},"sameAs":["https:\/\/www.linkedin.com\/company\/swibeco\/"]}]}},"_links":{"self":[{"href":"https:\/\/www.swibeco.ch\/de\/wp-json\/wp\/v2\/pages\/30177","targetHints":{"allow":["GET"]}}],"collection":[{"href":"https:\/\/www.swibeco.ch\/de\/wp-json\/wp\/v2\/pages"}],"about":[{"href":"https:\/\/www.swibeco.ch\/de\/wp-json\/wp\/v2\/types\/page"}],"author":[{"embeddable":true,"href":"https:\/\/www.swibeco.ch\/de\/wp-json\/wp\/v2\/users\/1"}],"replies":[{"embeddable":true,"href":"https:\/\/www.swibeco.ch\/de\/wp-json\/wp\/v2\/comments?post=30177"}],"version-history":[{"count":5,"href":"https:\/\/www.swibeco.ch\/de\/wp-json\/wp\/v2\/pages\/30177\/revisions"}],"predecessor-version":[{"id":40139,"href":"https:\/\/www.swibeco.ch\/de\/wp-json\/wp\/v2\/pages\/30177\/revisions\/40139"}],"wp:attachment":[{"href":"https:\/\/www.swibeco.ch\/de\/wp-json\/wp\/v2\/media?parent=30177"}],"curies":[{"name":"wp","href":"https:\/\/api.w.org\/{rel}","templated":true}]}}