{"id":39625,"date":"2025-02-24T09:03:37","date_gmt":"2025-02-24T08:03:37","guid":{"rendered":"https:\/\/www.swibeco.ch\/?page_id=39625"},"modified":"2025-06-03T17:11:25","modified_gmt":"2025-06-03T15:11:25","slug":"dokumente-axa-basel","status":"publish","type":"page","link":"https:\/\/www.swibeco.ch\/de\/dokumente-axa-basel\/","title":{"rendered":"Swibeco &#8211; Ein exklusives Angebot f\u00fcr AXA Basel Kunden"},"content":{"rendered":"<div class=\"gb-container gb-container-a55d0339\">\n\n<p>Nachstehend finden Sie alle Informationen, die Sie ben\u00f6tigen, um sich f\u00fcr Swibeco zu entscheiden.<\/p>\n\n\n\n<p>Dieses exklusive Angebot gilt nur f\u00fcr Kunden der Generalagentur AXA Basel und ist nur f\u00fcr eine beschr\u00e4nkte Zeit verf\u00fcgbar. Nutzen Sie diese Gelegenheit, um Ihren Mitarbeitenden attraktive und massgeschneiderte Vorteile zu bieten.<\/p>\n\n\n\n<h3 class=\"gb-headline gb-headline-fec2a937 gb-headline-text\">Swibeco auf einen Blick<\/h3>\n\n\n\n<ul class=\"wp-block-list\">\n<li><a href=\"https:\/\/swibe.co\/pres-axa-basel-de\" target=\"_blank\" rel=\"noreferrer noopener\">Pr\u00e4sentation Swibeco<\/a><\/li>\n\n\n\n<li><a href=\"https:\/\/bit.ly\/videopresb2e-de\" target=\"_blank\" rel=\"noreferrer noopener\">Mitarbeiter-L\u00f6sungen<\/a><\/li>\n<\/ul>\n\n\n\n<h3 class=\"gb-headline gb-headline-1076d9c0 gb-headline-text\">Entdecken Sie die Details unseres Angebots und die Schritte, um mit Swibeco zu beginnen<\/h3>\n\n\n\n<ul class=\"wp-block-list\">\n<li><a href=\"https:\/\/swibe.co\/axa-basel-de\" target=\"_blank\" rel=\"noreferrer noopener\">Detailliertes Angebot<\/a><\/li>\n<\/ul>\n\n<\/div>","protected":false},"excerpt":{"rendered":"<p>Nachstehend finden Sie alle Informationen, die Sie ben\u00f6tigen, um sich f\u00fcr Swibeco zu entscheiden. Dieses exklusive Angebot gilt nur f\u00fcr Kunden der Generalagentur AXA Basel und ist nur f\u00fcr eine beschr\u00e4nkte Zeit verf\u00fcgbar. Nutzen Sie diese Gelegenheit, um Ihren Mitarbeitenden attraktive und massgeschneiderte Vorteile zu bieten. Swibeco auf einen Blick Entdecken Sie die Details unseres &#8230; <a title=\"Swibeco &#8211; Ein exklusives Angebot f\u00fcr AXA Basel Kunden\" class=\"read-more\" href=\"https:\/\/www.swibeco.ch\/de\/dokumente-axa-basel\/\" aria-label=\"Mehr Informationen \u00fcber Swibeco &#8211; Ein exklusives Angebot f\u00fcr AXA Basel Kunden\">Lire plus<\/a><\/p>\n","protected":false},"author":1,"featured_media":0,"parent":0,"menu_order":99,"comment_status":"closed","ping_status":"closed","template":"","meta":{"_acf_changed":false,"footnotes":""},"class_list":["post-39625","page","type-page","status-publish"],"acf":{"type_page":null},"yoast_head":"<!-- This site is optimized with the Yoast SEO Premium plugin v27.4 (Yoast SEO v27.4) - https:\/\/yoast.com\/product\/yoast-seo-premium-wordpress\/ -->\n<title>Swibeco - Ein exklusives Angebot f\u00fcr AXA Basel Kunden | Swibeco<\/title>\n<meta name=\"robots\" content=\"index, follow, max-snippet:-1, max-image-preview:large, max-video-preview:-1\" \/>\n<link rel=\"canonical\" href=\"https:\/\/www.swibeco.ch\/de\/dokumente-axa-basel\/\" \/>\n<meta property=\"og:locale\" content=\"de_DE\" \/>\n<meta property=\"og:type\" content=\"article\" \/>\n<meta property=\"og:title\" content=\"Swibeco - Ein exklusives Angebot f\u00fcr AXA Basel Kunden\" \/>\n<meta property=\"og:description\" content=\"Nachstehend finden Sie alle Informationen, die Sie ben\u00f6tigen, um sich f\u00fcr Swibeco zu entscheiden. Dieses exklusive Angebot gilt nur f\u00fcr Kunden der Generalagentur AXA Basel und ist nur f\u00fcr eine beschr\u00e4nkte Zeit verf\u00fcgbar. Nutzen Sie diese Gelegenheit, um Ihren Mitarbeitenden attraktive und massgeschneiderte Vorteile zu bieten. Swibeco auf einen Blick Entdecken Sie die Details unseres ... Lire plus\" \/>\n<meta property=\"og:url\" content=\"https:\/\/www.swibeco.ch\/de\/dokumente-axa-basel\/\" \/>\n<meta property=\"og:site_name\" content=\"Swibeco\" \/>\n<meta property=\"article:modified_time\" content=\"2025-06-03T15:11:25+00:00\" \/>\n<meta property=\"og:image\" content=\"https:\/\/www.swibeco.ch\/wp-content\/uploads\/swibeco-opengraph.jpg\" \/>\n\t<meta property=\"og:image:width\" content=\"1200\" \/>\n\t<meta property=\"og:image:height\" content=\"675\" \/>\n\t<meta property=\"og:image:type\" content=\"image\/jpeg\" \/>\n<meta name=\"twitter:card\" content=\"summary_large_image\" \/>\n<meta name=\"twitter:label1\" content=\"Gesch\u00e4tzte Lesezeit\" \/>\n\t<meta name=\"twitter:data1\" content=\"1\u00a0Minute\" \/>\n<script type=\"application\/ld+json\" class=\"yoast-schema-graph\">{\"@context\":\"https:\\\/\\\/schema.org\",\"@graph\":[{\"@type\":\"WebPage\",\"@id\":\"https:\\\/\\\/www.swibeco.ch\\\/de\\\/dokumente-axa-basel\\\/\",\"url\":\"https:\\\/\\\/www.swibeco.ch\\\/de\\\/dokumente-axa-basel\\\/\",\"name\":\"Swibeco - Ein exklusives Angebot f\u00fcr AXA Basel Kunden | Swibeco\",\"isPartOf\":{\"@id\":\"https:\\\/\\\/www.swibeco.ch\\\/de\\\/#website\"},\"datePublished\":\"2025-02-24T08:03:37+00:00\",\"dateModified\":\"2025-06-03T15:11:25+00:00\",\"breadcrumb\":{\"@id\":\"https:\\\/\\\/www.swibeco.ch\\\/de\\\/dokumente-axa-basel\\\/#breadcrumb\"},\"inLanguage\":\"de\",\"potentialAction\":[{\"@type\":\"ReadAction\",\"target\":[\"https:\\\/\\\/www.swibeco.ch\\\/de\\\/dokumente-axa-basel\\\/\"]}]},{\"@type\":\"BreadcrumbList\",\"@id\":\"https:\\\/\\\/www.swibeco.ch\\\/de\\\/dokumente-axa-basel\\\/#breadcrumb\",\"itemListElement\":[{\"@type\":\"ListItem\",\"position\":1,\"name\":\"Accueil\",\"item\":\"https:\\\/\\\/www.swibeco.ch\\\/de\\\/\"},{\"@type\":\"ListItem\",\"position\":2,\"name\":\"Swibeco &#8211; Ein exklusives Angebot f\u00fcr AXA Basel Kunden\"}]},{\"@type\":\"WebSite\",\"@id\":\"https:\\\/\\\/www.swibeco.ch\\\/de\\\/#website\",\"url\":\"https:\\\/\\\/www.swibeco.ch\\\/de\\\/\",\"name\":\"Swibeco\",\"description\":\"Flexible Benefits for Real Impact\",\"publisher\":{\"@id\":\"https:\\\/\\\/www.swibeco.ch\\\/de\\\/#organization\"},\"potentialAction\":[{\"@type\":\"SearchAction\",\"target\":{\"@type\":\"EntryPoint\",\"urlTemplate\":\"https:\\\/\\\/www.swibeco.ch\\\/de\\\/?s={search_term_string}\"},\"query-input\":{\"@type\":\"PropertyValueSpecification\",\"valueRequired\":true,\"valueName\":\"search_term_string\"}}],\"inLanguage\":\"de\"},{\"@type\":\"Organization\",\"@id\":\"https:\\\/\\\/www.swibeco.ch\\\/de\\\/#organization\",\"name\":\"SWIBECO\",\"url\":\"https:\\\/\\\/www.swibeco.ch\\\/de\\\/\",\"logo\":{\"@type\":\"ImageObject\",\"inLanguage\":\"de\",\"@id\":\"https:\\\/\\\/www.swibeco.ch\\\/de\\\/#\\\/schema\\\/logo\\\/image\\\/\",\"url\":\"https:\\\/\\\/www.swibeco.ch\\\/wp-content\\\/uploads\\\/logo-swibeco.svg\",\"contentUrl\":\"https:\\\/\\\/www.swibeco.ch\\\/wp-content\\\/uploads\\\/logo-swibeco.svg\",\"width\":300,\"height\":110,\"caption\":\"SWIBECO\"},\"image\":{\"@id\":\"https:\\\/\\\/www.swibeco.ch\\\/de\\\/#\\\/schema\\\/logo\\\/image\\\/\"},\"sameAs\":[\"https:\\\/\\\/www.linkedin.com\\\/company\\\/swibeco\\\/\"]}]}<\/script>\n<!-- \/ Yoast SEO Premium plugin. -->","yoast_head_json":{"title":"Swibeco - Ein exklusives Angebot f\u00fcr AXA Basel Kunden | Swibeco","robots":{"index":"index","follow":"follow","max-snippet":"max-snippet:-1","max-image-preview":"max-image-preview:large","max-video-preview":"max-video-preview:-1"},"canonical":"https:\/\/www.swibeco.ch\/de\/dokumente-axa-basel\/","og_locale":"de_DE","og_type":"article","og_title":"Swibeco - Ein exklusives Angebot f\u00fcr AXA Basel Kunden","og_description":"Nachstehend finden Sie alle Informationen, die Sie ben\u00f6tigen, um sich f\u00fcr Swibeco zu entscheiden. Dieses exklusive Angebot gilt nur f\u00fcr Kunden der Generalagentur AXA Basel und ist nur f\u00fcr eine beschr\u00e4nkte Zeit verf\u00fcgbar. Nutzen Sie diese Gelegenheit, um Ihren Mitarbeitenden attraktive und massgeschneiderte Vorteile zu bieten. Swibeco auf einen Blick Entdecken Sie die Details unseres ... Lire plus","og_url":"https:\/\/www.swibeco.ch\/de\/dokumente-axa-basel\/","og_site_name":"Swibeco","article_modified_time":"2025-06-03T15:11:25+00:00","og_image":[{"width":1200,"height":675,"url":"https:\/\/www.swibeco.ch\/wp-content\/uploads\/swibeco-opengraph.jpg","type":"image\/jpeg"}],"twitter_card":"summary_large_image","twitter_misc":{"Gesch\u00e4tzte Lesezeit":"1\u00a0Minute"},"schema":{"@context":"https:\/\/schema.org","@graph":[{"@type":"WebPage","@id":"https:\/\/www.swibeco.ch\/de\/dokumente-axa-basel\/","url":"https:\/\/www.swibeco.ch\/de\/dokumente-axa-basel\/","name":"Swibeco - Ein exklusives Angebot f\u00fcr AXA Basel Kunden | Swibeco","isPartOf":{"@id":"https:\/\/www.swibeco.ch\/de\/#website"},"datePublished":"2025-02-24T08:03:37+00:00","dateModified":"2025-06-03T15:11:25+00:00","breadcrumb":{"@id":"https:\/\/www.swibeco.ch\/de\/dokumente-axa-basel\/#breadcrumb"},"inLanguage":"de","potentialAction":[{"@type":"ReadAction","target":["https:\/\/www.swibeco.ch\/de\/dokumente-axa-basel\/"]}]},{"@type":"BreadcrumbList","@id":"https:\/\/www.swibeco.ch\/de\/dokumente-axa-basel\/#breadcrumb","itemListElement":[{"@type":"ListItem","position":1,"name":"Accueil","item":"https:\/\/www.swibeco.ch\/de\/"},{"@type":"ListItem","position":2,"name":"Swibeco &#8211; Ein exklusives Angebot f\u00fcr AXA Basel Kunden"}]},{"@type":"WebSite","@id":"https:\/\/www.swibeco.ch\/de\/#website","url":"https:\/\/www.swibeco.ch\/de\/","name":"Swibeco","description":"Flexible Benefits for Real Impact","publisher":{"@id":"https:\/\/www.swibeco.ch\/de\/#organization"},"potentialAction":[{"@type":"SearchAction","target":{"@type":"EntryPoint","urlTemplate":"https:\/\/www.swibeco.ch\/de\/?s={search_term_string}"},"query-input":{"@type":"PropertyValueSpecification","valueRequired":true,"valueName":"search_term_string"}}],"inLanguage":"de"},{"@type":"Organization","@id":"https:\/\/www.swibeco.ch\/de\/#organization","name":"SWIBECO","url":"https:\/\/www.swibeco.ch\/de\/","logo":{"@type":"ImageObject","inLanguage":"de","@id":"https:\/\/www.swibeco.ch\/de\/#\/schema\/logo\/image\/","url":"https:\/\/www.swibeco.ch\/wp-content\/uploads\/logo-swibeco.svg","contentUrl":"https:\/\/www.swibeco.ch\/wp-content\/uploads\/logo-swibeco.svg","width":300,"height":110,"caption":"SWIBECO"},"image":{"@id":"https:\/\/www.swibeco.ch\/de\/#\/schema\/logo\/image\/"},"sameAs":["https:\/\/www.linkedin.com\/company\/swibeco\/"]}]}},"_links":{"self":[{"href":"https:\/\/www.swibeco.ch\/de\/wp-json\/wp\/v2\/pages\/39625","targetHints":{"allow":["GET"]}}],"collection":[{"href":"https:\/\/www.swibeco.ch\/de\/wp-json\/wp\/v2\/pages"}],"about":[{"href":"https:\/\/www.swibeco.ch\/de\/wp-json\/wp\/v2\/types\/page"}],"author":[{"embeddable":true,"href":"https:\/\/www.swibeco.ch\/de\/wp-json\/wp\/v2\/users\/1"}],"replies":[{"embeddable":true,"href":"https:\/\/www.swibeco.ch\/de\/wp-json\/wp\/v2\/comments?post=39625"}],"version-history":[{"count":15,"href":"https:\/\/www.swibeco.ch\/de\/wp-json\/wp\/v2\/pages\/39625\/revisions"}],"predecessor-version":[{"id":44096,"href":"https:\/\/www.swibeco.ch\/de\/wp-json\/wp\/v2\/pages\/39625\/revisions\/44096"}],"wp:attachment":[{"href":"https:\/\/www.swibeco.ch\/de\/wp-json\/wp\/v2\/media?parent=39625"}],"curies":[{"name":"wp","href":"https:\/\/api.w.org\/{rel}","templated":true}]}}