{"id":4432,"date":"2023-07-20T11:24:07","date_gmt":"2023-07-20T09:24:07","guid":{"rendered":"https:\/\/www.swibeco.ch\/contact\/"},"modified":"2025-03-27T09:03:29","modified_gmt":"2025-03-27T08:03:29","slug":"kontakt","status":"publish","type":"page","link":"https:\/\/www.swibeco.ch\/de\/kontakt\/","title":{"rendered":"Kontakt"},"content":{"rendered":"<div class=\"gb-container gb-container-b13f497b alignfull\">\n<div class=\"gb-container gb-container-c5f6c252\">\n<div class=\"gb-grid-wrapper gb-grid-wrapper-39129535\">\n<div class=\"gb-grid-column gb-grid-column-5a1912d5\"><div class=\"gb-container gb-container-5a1912d5\">\n\n<h1 class=\"gb-headline gb-headline-2660b705 gb-headline-text\">Kontakt<\/h1>\n\n\n\n<p class=\"gb-headline gb-headline-1c985262 gb-headline-text\">Sie interessieren sich f\u00fcr Swibeco und unsere Dienstleistungen? Sie nutzen unsere L\u00f6sungen bereits?<\/p>\n\n\n\n<p>Wir helfen Ihnen jederzeit gerne weiter. Z\u00f6gern Sie nicht, uns Ihre Meinung mitzuteilen oder Fragen zu stellen. <\/p>\n\n\n\n<p class=\"gb-headline gb-headline-759c6718 gb-headline-text\">info[@]swibeco.ch<\/p>\n\n\n\n<p class=\"gb-headline gb-headline-1858b434 gb-headline-text\">+41 41 360 43 43<\/p>\n\n<\/div><\/div>\n\n<div class=\"gb-grid-column gb-grid-column-276aedee\"><div class=\"gb-container gb-container-276aedee\">\n\n<div\n\tclass=\"flex justify-center\"\n\tid=\"zf_div_hJOtHS-ocn54IoU33DRz7gzWfuzfyn-QCJrPXazeB2Q\"\n><\/div>\n<script type=\"text\/javascript\">\n\t(function () {\n\t\ttry {\n\t\t\tvar f = document.createElement('iframe');\n\t\t\tf.src =\n\t\t\t\t'https:\/\/forms.zohopublic.eu\/swibeco\/form\/KontaktierenSieuns\/formperma\/hJOtHS-ocn54IoU33DRz7gzWfuzfyn-QCJrPXazeB2Q?zf_rszfm=1';\n\t\t\tf.style.border = 'none';\n\t\t\tf.style.height = '959px';\n\t\t\tf.style.width = '100%';\n\t\t\tf.style.transition = 'all 0.5s ease';\n\t\t\tvar d = document.getElementById(\n\t\t\t\t'zf_div_hJOtHS-ocn54IoU33DRz7gzWfuzfyn-QCJrPXazeB2Q'\n\t\t\t);\n\t\t\td.appendChild(f);\n\t\t\twindow.addEventListener(\n\t\t\t\t'message',\n\t\t\t\tfunction () {\n\t\t\t\t\tvar evntData = event.data;\n\t\t\t\t\tif (evntData && evntData.constructor == String) {\n\t\t\t\t\t\tvar zf_ifrm_data = evntData.split('|');\n\t\t\t\t\t\tif (zf_ifrm_data.length == 2) {\n\t\t\t\t\t\t\tvar zf_perma = zf_ifrm_data[0];\n\t\t\t\t\t\t\tvar zf_ifrm_ht_nw = parseInt(zf_ifrm_data[1], 10) + 15 + 'px';\n\t\t\t\t\t\t\tvar iframe = document\n\t\t\t\t\t\t\t\t.getElementById(\n\t\t\t\t\t\t\t\t\t'zf_div_hJOtHS-ocn54IoU33DRz7gzWfuzfyn-QCJrPXazeB2Q'\n\t\t\t\t\t\t\t\t)\n\t\t\t\t\t\t\t\t.getElementsByTagName('iframe')[0];\n\t\t\t\t\t\t\tif (\n\t\t\t\t\t\t\t\tiframe.src.indexOf('formperma') > 0 &&\n\t\t\t\t\t\t\t\tiframe.src.indexOf(zf_perma) > 0\n\t\t\t\t\t\t\t) {\n\t\t\t\t\t\t\t\tvar prevIframeHeight = iframe.style.height;\n\t\t\t\t\t\t\t\tif (prevIframeHeight != zf_ifrm_ht_nw) {\n\t\t\t\t\t\t\t\t\tiframe.style.height = zf_ifrm_ht_nw;\n\t\t\t\t\t\t\t\t}\n\t\t\t\t\t\t\t}\n\t\t\t\t\t\t}\n\t\t\t\t\t}\n\t\t\t\t},\n\t\t\t\tfalse\n\t\t\t);\n\t\t} catch (e) {}\n\t})();\n<\/script>\n\n<\/div><\/div>\n<\/div>\n<\/div>\n<\/div>\n\n<div class=\"gb-container gb-container-9b0bd30d\">\n\n<h2 class=\"gb-headline gb-headline-b446cbef gb-headline-text\">Hier finden Sie uns<\/h2>\n\n\n<div class=\"gb-grid-wrapper gb-grid-wrapper-41b08be5\">\n<div class=\"gb-grid-column gb-grid-column-5bf6da27\"><div class=\"gb-container gb-container-5bf6da27\">\n<div class=\"gb-grid-wrapper gb-grid-wrapper-1dad781a\">\n<div class=\"gb-grid-column gb-grid-column-c595f245\"><div class=\"gb-container gb-container-c595f245\"><\/div><\/div>\n\n<div class=\"gb-grid-column gb-grid-column-b3a0341a\"><div class=\"gb-container gb-container-b3a0341a\">\n\n<h3 class=\"gb-headline gb-headline-298c8c9f gb-headline-text\"><strong>Lausanne <\/strong>\u2013 Hauptsitz<\/h3>\n\n\n\n<p><strong>Swibeco<\/strong><\/p>\n\n\n\n<p>Chemin de Primerose 11<\/p>\n\n\n\n<p>1007 Lausanne<\/p>\n\n\n\n<iframe src=\"https:\/\/www.google.com\/maps\/embed?pb=!1m18!1m12!1m3!1d2745.704147648305!2d6.6174807!3d46.5139664!2m3!1f0!2f0!3f0!3m2!1i1024!2i768!4f13.1!3m3!1m2!1s0x478c2f97b65d0093%3A0x9f18a58954bf099!2sSwibeco%20AG!5e0!3m2!1sfr!2sfr!4v1719993601361!5m2!1sfr!2sfr\" width=\"100%\" height=\"250\" style=\"border:0;\" allowfullscreen=\"\" loading=\"lazy\" referrerpolicy=\"no-referrer-when-downgrade\"><\/iframe>\n\n<\/div><\/div>\n<\/div>\n<\/div><\/div>\n\n<div class=\"gb-grid-column gb-grid-column-034bbbeb\"><div class=\"gb-container gb-container-034bbbeb\">\n<div class=\"gb-grid-wrapper gb-grid-wrapper-d77da990\">\n<div class=\"gb-grid-column gb-grid-column-e47082ca\"><div class=\"gb-container gb-container-e47082ca\"><\/div><\/div>\n\n<div class=\"gb-grid-column gb-grid-column-cf6f61e2\"><div class=\"gb-container gb-container-cf6f61e2\">\n\n<h3 class=\"wp-block-heading\" id=\"h-zurich\">Z\u00fcrich<\/h3>\n\n\n\n<p><strong>Swibeco<\/strong><\/p>\n\n\n\n<p>Stockerstrasse 14<\/p>\n\n\n\n<p>8002 Z\u00fcrich<\/p>\n\n\n\n<iframe src=\"https:\/\/www.google.com\/maps\/embed?pb=!1m18!1m12!1m3!1d2702.3730276118913!2d8.5362545!3d47.3656375!2m3!1f0!2f0!3f0!3m2!1i1024!2i768!4f13.1!3m3!1m2!1s0x479009ff1288f285%3A0xe81ad8f5782133ef!2sStockerstrasse%2014%2C%208002%20Z%C3%BCrich%2C%20Suisse!5e0!3m2!1sfr!2sfr!4v1719993484440!5m2!1sfr!2sfr\" width=\"100%\" height=\"250\" style=\"border:0;\" allowfullscreen=\"\" loading=\"lazy\" referrerpolicy=\"no-referrer-when-downgrade\"><\/iframe>\n\n<\/div><\/div>\n<\/div>\n<\/div><\/div>\n<\/div>\n<\/div>","protected":false},"excerpt":{"rendered":"<p>Hier finden Sie uns<\/p>\n","protected":false},"author":1,"featured_media":0,"parent":0,"menu_order":190,"comment_status":"closed","ping_status":"closed","template":"","meta":{"_acf_changed":false,"footnotes":""},"class_list":["post-4432","page","type-page","status-publish"],"acf":{"type_page":"site_officiel"},"yoast_head":"<!-- This site is optimized with the Yoast SEO Premium plugin v27.4 (Yoast SEO v27.4) - https:\/\/yoast.com\/product\/yoast-seo-premium-wordpress\/ -->\n<title>Kontakt | Swibeco<\/title>\n<meta name=\"description\" content=\"Gerne k\u00f6nnen Sie Swibeco f\u00fcr Fragen zu unseren Dienstleistungen oder Feedback kontaktieren. Wir freuen uns, von Ihnen zu h\u00f6ren.\" \/>\n<meta name=\"robots\" content=\"index, follow, max-snippet:-1, max-image-preview:large, max-video-preview:-1\" \/>\n<link rel=\"canonical\" href=\"https:\/\/www.swibeco.ch\/de\/kontakt\/\" \/>\n<meta property=\"og:locale\" content=\"de_DE\" \/>\n<meta property=\"og:type\" content=\"article\" \/>\n<meta property=\"og:title\" content=\"Kontakt\" \/>\n<meta property=\"og:description\" content=\"Gerne k\u00f6nnen Sie Swibeco f\u00fcr Fragen zu unseren Dienstleistungen oder Feedback kontaktieren. Wir freuen uns, von Ihnen zu h\u00f6ren.\" \/>\n<meta property=\"og:url\" content=\"https:\/\/www.swibeco.ch\/de\/kontakt\/\" \/>\n<meta property=\"og:site_name\" content=\"Swibeco\" \/>\n<meta property=\"article:modified_time\" content=\"2025-03-27T08:03:29+00:00\" \/>\n<meta property=\"og:image\" content=\"https:\/\/www.swibeco.ch\/wp-content\/uploads\/swibeco-opengraph.jpg\" \/>\n\t<meta property=\"og:image:width\" content=\"1200\" \/>\n\t<meta property=\"og:image:height\" content=\"675\" \/>\n\t<meta property=\"og:image:type\" content=\"image\/jpeg\" \/>\n<meta name=\"twitter:card\" content=\"summary_large_image\" \/>\n<meta name=\"twitter:label1\" content=\"Gesch\u00e4tzte Lesezeit\" \/>\n\t<meta name=\"twitter:data1\" content=\"1\u00a0Minute\" \/>\n<script type=\"application\/ld+json\" class=\"yoast-schema-graph\">{\"@context\":\"https:\\\/\\\/schema.org\",\"@graph\":[{\"@type\":\"WebPage\",\"@id\":\"https:\\\/\\\/www.swibeco.ch\\\/de\\\/kontakt\\\/\",\"url\":\"https:\\\/\\\/www.swibeco.ch\\\/de\\\/kontakt\\\/\",\"name\":\"Kontakt | Swibeco\",\"isPartOf\":{\"@id\":\"https:\\\/\\\/www.swibeco.ch\\\/de\\\/#website\"},\"datePublished\":\"2023-07-20T09:24:07+00:00\",\"dateModified\":\"2025-03-27T08:03:29+00:00\",\"description\":\"Gerne k\u00f6nnen Sie Swibeco f\u00fcr Fragen zu unseren Dienstleistungen oder Feedback kontaktieren. Wir freuen uns, von Ihnen zu h\u00f6ren.\",\"breadcrumb\":{\"@id\":\"https:\\\/\\\/www.swibeco.ch\\\/de\\\/kontakt\\\/#breadcrumb\"},\"inLanguage\":\"de\",\"potentialAction\":[{\"@type\":\"ReadAction\",\"target\":[\"https:\\\/\\\/www.swibeco.ch\\\/de\\\/kontakt\\\/\"]}]},{\"@type\":\"BreadcrumbList\",\"@id\":\"https:\\\/\\\/www.swibeco.ch\\\/de\\\/kontakt\\\/#breadcrumb\",\"itemListElement\":[{\"@type\":\"ListItem\",\"position\":1,\"name\":\"Accueil\",\"item\":\"https:\\\/\\\/www.swibeco.ch\\\/de\\\/\"},{\"@type\":\"ListItem\",\"position\":2,\"name\":\"Kontakt\"}]},{\"@type\":\"WebSite\",\"@id\":\"https:\\\/\\\/www.swibeco.ch\\\/de\\\/#website\",\"url\":\"https:\\\/\\\/www.swibeco.ch\\\/de\\\/\",\"name\":\"Swibeco\",\"description\":\"Flexible Benefits for Real Impact\",\"publisher\":{\"@id\":\"https:\\\/\\\/www.swibeco.ch\\\/de\\\/#organization\"},\"potentialAction\":[{\"@type\":\"SearchAction\",\"target\":{\"@type\":\"EntryPoint\",\"urlTemplate\":\"https:\\\/\\\/www.swibeco.ch\\\/de\\\/?s={search_term_string}\"},\"query-input\":{\"@type\":\"PropertyValueSpecification\",\"valueRequired\":true,\"valueName\":\"search_term_string\"}}],\"inLanguage\":\"de\"},{\"@type\":\"Organization\",\"@id\":\"https:\\\/\\\/www.swibeco.ch\\\/de\\\/#organization\",\"name\":\"SWIBECO\",\"url\":\"https:\\\/\\\/www.swibeco.ch\\\/de\\\/\",\"logo\":{\"@type\":\"ImageObject\",\"inLanguage\":\"de\",\"@id\":\"https:\\\/\\\/www.swibeco.ch\\\/de\\\/#\\\/schema\\\/logo\\\/image\\\/\",\"url\":\"https:\\\/\\\/www.swibeco.ch\\\/wp-content\\\/uploads\\\/logo-swibeco.svg\",\"contentUrl\":\"https:\\\/\\\/www.swibeco.ch\\\/wp-content\\\/uploads\\\/logo-swibeco.svg\",\"width\":300,\"height\":110,\"caption\":\"SWIBECO\"},\"image\":{\"@id\":\"https:\\\/\\\/www.swibeco.ch\\\/de\\\/#\\\/schema\\\/logo\\\/image\\\/\"},\"sameAs\":[\"https:\\\/\\\/www.linkedin.com\\\/company\\\/swibeco\\\/\"]}]}<\/script>\n<!-- \/ Yoast SEO Premium plugin. -->","yoast_head_json":{"title":"Kontakt | Swibeco","description":"Gerne k\u00f6nnen Sie Swibeco f\u00fcr Fragen zu unseren Dienstleistungen oder Feedback kontaktieren. Wir freuen uns, von Ihnen zu h\u00f6ren.","robots":{"index":"index","follow":"follow","max-snippet":"max-snippet:-1","max-image-preview":"max-image-preview:large","max-video-preview":"max-video-preview:-1"},"canonical":"https:\/\/www.swibeco.ch\/de\/kontakt\/","og_locale":"de_DE","og_type":"article","og_title":"Kontakt","og_description":"Gerne k\u00f6nnen Sie Swibeco f\u00fcr Fragen zu unseren Dienstleistungen oder Feedback kontaktieren. Wir freuen uns, von Ihnen zu h\u00f6ren.","og_url":"https:\/\/www.swibeco.ch\/de\/kontakt\/","og_site_name":"Swibeco","article_modified_time":"2025-03-27T08:03:29+00:00","og_image":[{"width":1200,"height":675,"url":"https:\/\/www.swibeco.ch\/wp-content\/uploads\/swibeco-opengraph.jpg","type":"image\/jpeg"}],"twitter_card":"summary_large_image","twitter_misc":{"Gesch\u00e4tzte Lesezeit":"1\u00a0Minute"},"schema":{"@context":"https:\/\/schema.org","@graph":[{"@type":"WebPage","@id":"https:\/\/www.swibeco.ch\/de\/kontakt\/","url":"https:\/\/www.swibeco.ch\/de\/kontakt\/","name":"Kontakt | Swibeco","isPartOf":{"@id":"https:\/\/www.swibeco.ch\/de\/#website"},"datePublished":"2023-07-20T09:24:07+00:00","dateModified":"2025-03-27T08:03:29+00:00","description":"Gerne k\u00f6nnen Sie Swibeco f\u00fcr Fragen zu unseren Dienstleistungen oder Feedback kontaktieren. Wir freuen uns, von Ihnen zu h\u00f6ren.","breadcrumb":{"@id":"https:\/\/www.swibeco.ch\/de\/kontakt\/#breadcrumb"},"inLanguage":"de","potentialAction":[{"@type":"ReadAction","target":["https:\/\/www.swibeco.ch\/de\/kontakt\/"]}]},{"@type":"BreadcrumbList","@id":"https:\/\/www.swibeco.ch\/de\/kontakt\/#breadcrumb","itemListElement":[{"@type":"ListItem","position":1,"name":"Accueil","item":"https:\/\/www.swibeco.ch\/de\/"},{"@type":"ListItem","position":2,"name":"Kontakt"}]},{"@type":"WebSite","@id":"https:\/\/www.swibeco.ch\/de\/#website","url":"https:\/\/www.swibeco.ch\/de\/","name":"Swibeco","description":"Flexible Benefits for Real Impact","publisher":{"@id":"https:\/\/www.swibeco.ch\/de\/#organization"},"potentialAction":[{"@type":"SearchAction","target":{"@type":"EntryPoint","urlTemplate":"https:\/\/www.swibeco.ch\/de\/?s={search_term_string}"},"query-input":{"@type":"PropertyValueSpecification","valueRequired":true,"valueName":"search_term_string"}}],"inLanguage":"de"},{"@type":"Organization","@id":"https:\/\/www.swibeco.ch\/de\/#organization","name":"SWIBECO","url":"https:\/\/www.swibeco.ch\/de\/","logo":{"@type":"ImageObject","inLanguage":"de","@id":"https:\/\/www.swibeco.ch\/de\/#\/schema\/logo\/image\/","url":"https:\/\/www.swibeco.ch\/wp-content\/uploads\/logo-swibeco.svg","contentUrl":"https:\/\/www.swibeco.ch\/wp-content\/uploads\/logo-swibeco.svg","width":300,"height":110,"caption":"SWIBECO"},"image":{"@id":"https:\/\/www.swibeco.ch\/de\/#\/schema\/logo\/image\/"},"sameAs":["https:\/\/www.linkedin.com\/company\/swibeco\/"]}]}},"_links":{"self":[{"href":"https:\/\/www.swibeco.ch\/de\/wp-json\/wp\/v2\/pages\/4432","targetHints":{"allow":["GET"]}}],"collection":[{"href":"https:\/\/www.swibeco.ch\/de\/wp-json\/wp\/v2\/pages"}],"about":[{"href":"https:\/\/www.swibeco.ch\/de\/wp-json\/wp\/v2\/types\/page"}],"author":[{"embeddable":true,"href":"https:\/\/www.swibeco.ch\/de\/wp-json\/wp\/v2\/users\/1"}],"replies":[{"embeddable":true,"href":"https:\/\/www.swibeco.ch\/de\/wp-json\/wp\/v2\/comments?post=4432"}],"version-history":[{"count":0,"href":"https:\/\/www.swibeco.ch\/de\/wp-json\/wp\/v2\/pages\/4432\/revisions"}],"wp:attachment":[{"href":"https:\/\/www.swibeco.ch\/de\/wp-json\/wp\/v2\/media?parent=4432"}],"curies":[{"name":"wp","href":"https:\/\/api.w.org\/{rel}","templated":true}]}}