{"id":4456,"date":"2023-07-18T11:14:14","date_gmt":"2023-07-18T09:14:14","guid":{"rendered":"https:\/\/www.swibeco.ch\/partenaires\/"},"modified":"2026-05-07T16:38:46","modified_gmt":"2026-05-07T14:38:46","slug":"partner","status":"publish","type":"page","link":"https:\/\/www.swibeco.ch\/de\/partner\/","title":{"rendered":"Partner"},"content":{"rendered":"<div class=\"gb-container gb-container-7a180ece alignfull\">\n<div class=\"gb-container gb-container-fe5b51a6 banniere-bg\">\n<div class=\"gb-container gb-container-72e810eb\">\n<div class=\"gb-container gb-container-58a1bb3b\">\n\n<h1 class=\"gb-headline gb-headline-8ad563e4 gb-headline-text\">Wachsen Sie mit uns: Werden Sie Partner<\/h1>\n\n<\/div>\n\n\n<p>Mit Swibeco er\u00f6ffnen Sie neue, profitable und lukrative M\u00e4rkte und steigern Ihren Erfolg. Profitieren Sie von frischen Kundengruppen und h\u00f6heren Konversionsraten und heben Ihr Gesch\u00e4ft auf das n\u00e4chste Level. Gemeinsam wachsen wir st\u00e4rker.<\/p>\n\n\n\n<a class=\"gb-button gb-button-92cf0928 gb-button-text\" href=\"#formpartner\">Kontaktieren Sie uns<\/a>\n\n<\/div>\n<\/div>\n<\/div>\n\n<div class=\"gb-container gb-container-a19b123d\">\n\n<h2 class=\"gb-headline gb-headline-96f9965f gb-headline-text\">Ein neuer, exklusiver und leistungsstarker Kanal zur Erg\u00e4nzung Ihrer bestehenden Verkaufskan\u00e4le<\/h2>\n\n\n<div class=\"gb-grid-wrapper gb-grid-wrapper-cc3bd451\">\n<div class=\"gb-grid-column gb-grid-column-62b601cc\"><div class=\"gb-container gb-container-62b601cc\">\n\n<h3 class=\"gb-headline gb-headline-e401c39e gb-headline-text\">Ein neuer Vertriebskanal<\/h3>\n\n\n\n<p>Werden Sie Angebotspartner und profitieren Sie von einem neuen Vertriebskanal im Business-to-Employee-Segment. So gewinnen Sie neue Kunden sowie Marktanteile und steigern zudem Ihren Umsatz.<\/p>\n\n<\/div><\/div>\n\n<div class=\"gb-grid-column gb-grid-column-fcd80842\"><div class=\"gb-container gb-container-fcd80842\">\n\n<h3 class=\"gb-headline gb-headline-8a47b384 gb-headline-text\">Geschlossene Nutzergruppe<\/h3>\n\n\n\n<p>Ihre Rabattaktionen und Angebote werden an gezielten, lukrativen Kundengruppen kommuniziert. Nutzen Sie einen privaten Zugang, der ausschliesslich registrierten Swibeco-Mitgliedern vorbehalten ist, um Angebote exklusiv anzubieten.<\/p>\n\n<\/div><\/div>\n\n<div class=\"gb-grid-column gb-grid-column-35f51702\"><div class=\"gb-container gb-container-35f51702\">\n\n<h3 class=\"gb-headline gb-headline-463ffc23 gb-headline-text\">Eine h\u00f6here Konversionsrate<\/h3>\n\n\n\n<p>Erreichen Sie Zehntausende von Mitarbeitenden auf der Suche nach Angeboten und profitieren Sie von wesentlich h\u00f6heren Konversionsraten als auf herk\u00f6mmlichen B2C E-Commerce-Plattformen.<\/p>\n\n<\/div><\/div>\n<\/div>\n<\/div>\n\n<div class=\"gb-container gb-container-509f5970 alignfull\">\n<div class=\"gb-container gb-container-91cc06d2\">\n\n<h2 class=\"gb-headline gb-headline-dd736787 gb-headline-text\">Top-Angebote f\u00fcr die Mitarbeitenden unserer Kunden<\/h2>\n\n\n<div class=\"gb-grid-wrapper gb-grid-wrapper-254b17cc\">\n<div class=\"gb-grid-column gb-grid-column-9d5c9445\"><div class=\"gb-container gb-container-9d5c9445\">\n\n<h3 class=\"gb-headline gb-headline-dccdc3e6 gb-headline-text\">Permanente Rabattangebote<\/h3>\n\n\n\n<p>Die von unseren Partnern angebotenen Erm\u00e4ssigungen reichen von 4% bis 35% und sind \u00fcber Promo-Codes oder Gutscheine das ganze Jahr verf\u00fcgbar.<\/p>\n\n<\/div><\/div>\n\n<div class=\"gb-grid-column gb-grid-column-ebdb843c\"><div class=\"gb-container gb-container-ebdb843c\">\n\n<h3 class=\"gb-headline gb-headline-331d569a gb-headline-text\">Flash-Sale-Angebote<\/h3>\n\n\n\n<p>Mit zeitlich befristeten Rabatten von bis zu 75% begeistern mit exklusiven Deals, die nicht nur den Geldbeutel schonen, sondern auch Ihre Markenbekanntheit in einer kaufkr\u00e4ftigen Zielgruppe steigern.<\/p>\n\n<\/div><\/div>\n\n<div class=\"gb-grid-column gb-grid-column-c7dc82b9\"><div class=\"gb-container gb-container-c7dc82b9\">\n\n<h3 class=\"gb-headline gb-headline-a5df8c33 gb-headline-text\">Kostenlose Werbung<\/h3>\n\n\n\n<p>Als Angebotspartner profitieren Sie von der kostenlosen Integration Ihrer Marke in unsere Werbeaktionen, einschliesslich der Swibeco-Website, Newsletter, Flyer und Kundenunterlagen.<\/p>\n\n<\/div><\/div>\n<\/div>\n<\/div>\n<\/div>\n\n<div class=\"gb-container gb-container-62813b46\">\n\n<h2 class=\"gb-headline gb-headline-773aa983 gb-headline-text\">Schliessen Sie sich unseren 400+ Kooperationspartnern an, die dauerhafte Rabatte anbieten<\/h2>\n\n\n<div class=\"gb-grid-wrapper gb-grid-wrapper-62d6e17d\">\n<div class=\"gb-grid-column gb-grid-column-667a9608\"><div class=\"gb-container gb-container-667a9608\">\n\n<figure class=\"gb-block-image gb-block-image-5e05ec4f\"><img decoding=\"async\" width=\"400\" height=\"200\" class=\"gb-image gb-image-5e05ec4f\" src=\"https:\/\/www.swibeco.ch\/wp-content\/uploads\/zalando.png\" alt=\"\" title=\"zalando\"\/><\/figure>\n\n<\/div><\/div>\n\n<div class=\"gb-grid-column gb-grid-column-5453ff08\"><div class=\"gb-container gb-container-5453ff08\">\n\n<figure class=\"gb-block-image gb-block-image-395d850d\"><img decoding=\"async\" width=\"400\" height=\"200\" class=\"gb-image gb-image-395d850d\" src=\"https:\/\/www.swibeco.ch\/wp-content\/uploads\/3-1.png\" alt=\"\" title=\"3\"\/><\/figure>\n\n<\/div><\/div>\n\n<div class=\"gb-grid-column gb-grid-column-0330f6bd\"><div class=\"gb-container gb-container-0330f6bd\">\n\n<figure class=\"gb-block-image gb-block-image-c1852608\"><img decoding=\"async\" width=\"400\" height=\"200\" class=\"gb-image gb-image-c1852608\" src=\"https:\/\/www.swibeco.ch\/wp-content\/uploads\/4-1.png\" alt=\"\" title=\"4\"\/><\/figure>\n\n<\/div><\/div>\n\n<div class=\"gb-grid-column gb-grid-column-1b5e2e2d\"><div class=\"gb-container gb-container-1b5e2e2d\">\n\n<figure class=\"gb-block-image gb-block-image-42df9abe\"><img decoding=\"async\" width=\"400\" height=\"200\" class=\"gb-image gb-image-42df9abe\" src=\"https:\/\/www.swibeco.ch\/wp-content\/uploads\/5.png\" alt=\"\" title=\"5\"\/><\/figure>\n\n<\/div><\/div>\n\n<div class=\"gb-grid-column gb-grid-column-5e9bc9af\"><div class=\"gb-container gb-container-5e9bc9af\">\n\n<figure class=\"gb-block-image gb-block-image-c59ebf14\"><img decoding=\"async\" class=\"gb-image gb-image-c59ebf14\" src=\"https:\/\/www.swibeco.ch\/wp-content\/uploads\/7.png\" alt=\"\" title=\"7\"\/><\/figure>\n\n<\/div><\/div>\n\n<div class=\"gb-grid-column gb-grid-column-665c6436\"><div class=\"gb-container gb-container-665c6436\">\n\n<figure class=\"gb-block-image gb-block-image-53fa9abf\"><img decoding=\"async\" class=\"gb-image gb-image-53fa9abf\" src=\"https:\/\/www.swibeco.ch\/wp-content\/uploads\/8.png\" alt=\"\" title=\"8\"\/><\/figure>\n\n<\/div><\/div>\n\n<div class=\"gb-grid-column gb-grid-column-a4df8522\"><div class=\"gb-container gb-container-a4df8522\">\n\n<figure class=\"gb-block-image gb-block-image-bb3447be\"><img decoding=\"async\" class=\"gb-image gb-image-bb3447be\" src=\"https:\/\/www.swibeco.ch\/wp-content\/uploads\/9.png\" alt=\"\" title=\"9\"\/><\/figure>\n\n<\/div><\/div>\n\n<div class=\"gb-grid-column gb-grid-column-1e489e2e\"><div class=\"gb-container gb-container-1e489e2e\">\n\n<figure class=\"gb-block-image gb-block-image-e4bd973b\"><img decoding=\"async\" width=\"860\" height=\"115\" class=\"gb-image gb-image-e4bd973b\" src=\"https:\/\/www.swibeco.ch\/wp-content\/uploads\/Media_Markt.svg\" alt=\"\" title=\"Media_Markt\"\/><\/figure>\n\n<\/div><\/div>\n\n<div class=\"gb-grid-column gb-grid-column-dbd74bec\"><div class=\"gb-container gb-container-dbd74bec\">\n\n<figure class=\"gb-block-image gb-block-image-64bd93e8\"><img decoding=\"async\" class=\"gb-image gb-image-64bd93e8\" src=\"https:\/\/www.swibeco.ch\/wp-content\/uploads\/12.png\" alt=\"\" title=\"12\"\/><\/figure>\n\n<\/div><\/div>\n\n<div class=\"gb-grid-column gb-grid-column-85f901de\"><div class=\"gb-container gb-container-85f901de\">\n\n<figure class=\"gb-block-image gb-block-image-afab6627\"><img decoding=\"async\" class=\"gb-image gb-image-afab6627\" src=\"https:\/\/www.swibeco.ch\/wp-content\/uploads\/13.png\" alt=\"\" title=\"13\"\/><\/figure>\n\n<\/div><\/div>\n\n<div class=\"gb-grid-column gb-grid-column-dca93be2\"><div class=\"gb-container gb-container-dca93be2\">\n\n<figure class=\"gb-block-image gb-block-image-dd167f13\"><img decoding=\"async\" class=\"gb-image gb-image-dd167f13\" src=\"https:\/\/www.swibeco.ch\/wp-content\/uploads\/14.png\" alt=\"\" title=\"14\"\/><\/figure>\n\n<\/div><\/div>\n\n<div class=\"gb-grid-column gb-grid-column-5b2e50be\"><div class=\"gb-container gb-container-5b2e50be\">\n\n<figure class=\"gb-block-image gb-block-image-7e5f0030\"><img decoding=\"async\" class=\"gb-image gb-image-7e5f0030\" src=\"https:\/\/www.swibeco.ch\/wp-content\/uploads\/15.png\" alt=\"\" title=\"15\"\/><\/figure>\n\n<\/div><\/div>\n\n<div class=\"gb-grid-column gb-grid-column-4f2f5421\"><div class=\"gb-container gb-container-4f2f5421\">\n\n<figure class=\"gb-block-image gb-block-image-f1897248\"><img decoding=\"async\" width=\"400\" height=\"200\" class=\"gb-image gb-image-f1897248\" src=\"https:\/\/www.swibeco.ch\/wp-content\/uploads\/brack.png\" alt=\"\" title=\"brack\"\/><\/figure>\n\n<\/div><\/div>\n\n<div class=\"gb-grid-column gb-grid-column-78c73761\"><div class=\"gb-container gb-container-78c73761\">\n\n<figure class=\"gb-block-image gb-block-image-9efcb4fd\"><img decoding=\"async\" width=\"400\" height=\"200\" class=\"gb-image gb-image-9efcb4fd\" src=\"https:\/\/www.swibeco.ch\/wp-content\/uploads\/bongenie.png\" alt=\"\" title=\"bong\u00e9nie\"\/><\/figure>\n\n<\/div><\/div>\n\n<div class=\"gb-grid-column gb-grid-column-5d5e9281\"><div class=\"gb-container gb-container-5d5e9281\">\n\n<figure class=\"gb-block-image gb-block-image-7e5c2b92\"><img decoding=\"async\" width=\"400\" height=\"200\" class=\"gb-image gb-image-7e5c2b92\" src=\"https:\/\/www.swibeco.ch\/wp-content\/uploads\/19.png\" alt=\"\" title=\"19\"\/><\/figure>\n\n<\/div><\/div>\n\n<div class=\"gb-grid-column gb-grid-column-3cc869ee\"><div class=\"gb-container gb-container-3cc869ee\">\n\n<figure class=\"gb-block-image gb-block-image-364e2f43\"><img decoding=\"async\" width=\"400\" height=\"200\" class=\"gb-image gb-image-364e2f43\" src=\"https:\/\/www.swibeco.ch\/wp-content\/uploads\/20.png\" alt=\"\" title=\"20\"\/><\/figure>\n\n<\/div><\/div>\n\n<div class=\"gb-grid-column gb-grid-column-1511da04\"><div class=\"gb-container gb-container-1511da04\">\n\n<figure class=\"gb-block-image gb-block-image-be09d878\"><img decoding=\"async\" width=\"400\" height=\"200\" class=\"gb-image gb-image-be09d878\" src=\"https:\/\/www.swibeco.ch\/wp-content\/uploads\/22.png\" alt=\"\" title=\"22\"\/><\/figure>\n\n<\/div><\/div>\n\n<div class=\"gb-grid-column gb-grid-column-643f1240\"><div class=\"gb-container gb-container-643f1240\">\n\n<figure class=\"gb-block-image gb-block-image-ca2b03d7\"><img decoding=\"async\" width=\"400\" height=\"200\" class=\"gb-image gb-image-ca2b03d7\" src=\"https:\/\/www.swibeco.ch\/wp-content\/uploads\/21.png\" alt=\"\" title=\"21\"\/><\/figure>\n\n<\/div><\/div>\n<\/div>\n<\/div>\n\n<div class=\"gb-container gb-container-f5f3acd6 alignfull\" id=\"formpartner\">\n<div class=\"gb-container gb-container-646fa1de\">\n\n<h2 class=\"gb-headline gb-headline-6502360e gb-headline-text\">Partner werden in 3 Schritten<\/h2>\n\n\n<div class=\"gb-grid-wrapper gb-grid-wrapper-b96d3788\">\n<div class=\"gb-grid-column gb-grid-column-12b5418f\"><div class=\"gb-container gb-container-12b5418f\">\n<div class=\"gb-grid-wrapper gb-grid-wrapper-b70b1294\">\n<div class=\"gb-grid-column gb-grid-column-45dc0449\"><div class=\"gb-container gb-container-45dc0449\">\n\n<h3 class=\"gb-headline gb-headline-f21c544a gb-headline-text\">Anmeldeformular ausf\u00fchllen<\/h3>\n\n\n\n<p>F\u00fcllen Sie das Formular aus, um eine Anfrage zur Partnerschaft zu stellen.<\/p>\n\n<\/div><\/div>\n\n<div class=\"gb-grid-column gb-grid-column-727dccbb\"><div class=\"gb-container gb-container-727dccbb\">\n\n<h3 class=\"gb-headline gb-headline-5cb3ac53 gb-headline-text\">Dauerhafte Rabatte anbieten<\/h3>\n\n\n\n<p>Wir werden Sie kontaktieren, um von Ihnen weitere Informationen zu den Angeboten zu erhalten, die Sie auf unserem Portal anbieten m\u00f6chten.<\/p>\n\n<\/div><\/div>\n\n<div class=\"gb-grid-column gb-grid-column-19b74506\"><div class=\"gb-container gb-container-19b74506\">\n\n<h3 class=\"gb-headline gb-headline-78f850d0 gb-headline-text\">Neue Bestellungen erhalten<\/h3>\n\n\n\n<p>Sie k\u00f6nnen Ihre Bestellungen online einsehen und direkt in Ihrem Posteingang empfangen \u2013 ganz ohne zus\u00e4tzlichen Marketingaufwand.<\/p>\n\n<\/div><\/div>\n<\/div>\n<\/div><\/div>\n\n<div class=\"gb-grid-column gb-grid-column-749c2db4\"><div class=\"gb-container gb-container-749c2db4\">\n\n<div id=\"zf_div_ahtBPj-vu05zVEfIsALtonTRs1BeZI5kwxwtJkTSKFI\"><\/div><script type=\"text\/javascript\">(function() {\ntry{\nvar f = document.createElement(\"iframe\");\nf.src = 'https:\/\/forms.zohopublic.eu\/swibeco\/form\/AnfragefrPartner\/formperma\/ahtBPj-vu05zVEfIsALtonTRs1BeZI5kwxwtJkTSKFI?zf_rszfm=1';\nf.style.border=\"none\";\nf.style.height=\"771px\";\nf.style.width=\"100%\";\nf.style.transition=\"all 0.5s ease\";\/\/ No I18N\nvar d = document.getElementById(\"zf_div_ahtBPj-vu05zVEfIsALtonTRs1BeZI5kwxwtJkTSKFI\");\nd.appendChild(f);\nwindow.addEventListener('message', function (){\nvar zf_ifrm_data = event.data.split(\"|\");\nvar zf_perma = zf_ifrm_data[0];\nvar zf_ifrm_ht_nw = ( parseInt(zf_ifrm_data[1], 10) + 15 ) + \"px\";\nvar iframe = document.getElementById(\"zf_div_ahtBPj-vu05zVEfIsALtonTRs1BeZI5kwxwtJkTSKFI\").getElementsByTagName(\"iframe\")[0];\nif ( (iframe.src).indexOf('formperma') > 0 && (iframe.src).indexOf(zf_perma) > 0 ) {\nvar prevIframeHeight = iframe.style.height;\nif ( prevIframeHeight != zf_ifrm_ht_nw ) {\niframe.style.height = zf_ifrm_ht_nw;\n}\n}\n}, false);\n}catch(e){}\n})();<\/script>\n\n<\/div><\/div>\n<\/div>\n<\/div>\n<\/div>","protected":false},"excerpt":{"rendered":"<p>Wachsen Sie mit uns: Werden Sie Partner Mit Swibeco er\u00f6ffnen Sie neue, profitable und lukrative M\u00e4rkte und steigern Ihren Erfolg. Profitieren Sie von frischen Kundengruppen und h\u00f6heren Konversionsraten und heben Ihr Gesch\u00e4ft auf das n\u00e4chste Level. Gemeinsam wachsen wir st\u00e4rker. Ein neuer, exklusiver und leistungsstarker Kanal zur Erg\u00e4nzung Ihrer bestehenden Verkaufskan\u00e4le Top-Angebote f\u00fcr die Mitarbeitenden &#8230; <a title=\"Partner\" class=\"read-more\" href=\"https:\/\/www.swibeco.ch\/de\/partner\/\" aria-label=\"Mehr Informationen \u00fcber Partner\">Lire plus<\/a><\/p>\n","protected":false},"author":1,"featured_media":0,"parent":0,"menu_order":197,"comment_status":"closed","ping_status":"closed","template":"","meta":{"_acf_changed":false,"footnotes":""},"class_list":["post-4456","page","type-page","status-publish"],"acf":{"type_page":"Site officiel"},"yoast_head":"<!-- This site is optimized with the Yoast SEO Premium plugin v27.5 (Yoast SEO v27.5) - https:\/\/yoast.com\/product\/yoast-seo-premium-wordpress\/ -->\n<title>Partner | Swibeco<\/title>\n<meta name=\"description\" content=\"Mit Swibeco er\u00f6ffnen Sie neue,lukrative M\u00e4rkte. Werden Sie Partner und profitieren Sie von einem neuen Verkaufskanal.\" \/>\n<meta name=\"robots\" content=\"index, follow, max-snippet:-1, max-image-preview:large, max-video-preview:-1\" \/>\n<link rel=\"canonical\" href=\"https:\/\/www.swibeco.ch\/de\/partner\/\" \/>\n<meta property=\"og:locale\" content=\"de_DE\" \/>\n<meta property=\"og:type\" content=\"article\" \/>\n<meta property=\"og:title\" content=\"Partner\" \/>\n<meta property=\"og:description\" content=\"Mit Swibeco er\u00f6ffnen Sie neue,lukrative M\u00e4rkte. Werden Sie Partner und profitieren Sie von einem neuen Verkaufskanal.\" \/>\n<meta property=\"og:url\" content=\"https:\/\/www.swibeco.ch\/de\/partner\/\" \/>\n<meta property=\"og:site_name\" content=\"Swibeco\" \/>\n<meta property=\"article:modified_time\" content=\"2026-05-07T14:38:46+00:00\" \/>\n<meta property=\"og:image\" content=\"https:\/\/www.swibeco.ch\/wp-content\/uploads\/swibeco-opengraph.jpg\" \/>\n<meta name=\"twitter:card\" content=\"summary_large_image\" \/>\n<meta name=\"twitter:label1\" content=\"Gesch\u00e4tzte Lesezeit\" \/>\n\t<meta name=\"twitter:data1\" content=\"6\u00a0Minuten\" \/>\n<script type=\"application\/ld+json\" class=\"yoast-schema-graph\">{\"@context\":\"https:\\\/\\\/schema.org\",\"@graph\":[{\"@type\":\"WebPage\",\"@id\":\"https:\\\/\\\/www.swibeco.ch\\\/de\\\/partner\\\/\",\"url\":\"https:\\\/\\\/www.swibeco.ch\\\/de\\\/partner\\\/\",\"name\":\"Partner | Swibeco\",\"isPartOf\":{\"@id\":\"https:\\\/\\\/www.swibeco.ch\\\/de\\\/#website\"},\"primaryImageOfPage\":{\"@id\":\"https:\\\/\\\/www.swibeco.ch\\\/de\\\/partner\\\/#primaryimage\"},\"image\":{\"@id\":\"https:\\\/\\\/www.swibeco.ch\\\/de\\\/partner\\\/#primaryimage\"},\"thumbnailUrl\":\"https:\\\/\\\/www.swibeco.ch\\\/wp-content\\\/uploads\\\/zalando.png\",\"datePublished\":\"2023-07-18T09:14:14+00:00\",\"dateModified\":\"2026-05-07T14:38:46+00:00\",\"description\":\"Mit Swibeco er\u00f6ffnen Sie neue,lukrative M\u00e4rkte. Werden Sie Partner und profitieren Sie von einem neuen Verkaufskanal.\",\"breadcrumb\":{\"@id\":\"https:\\\/\\\/www.swibeco.ch\\\/de\\\/partner\\\/#breadcrumb\"},\"inLanguage\":\"de\",\"potentialAction\":[{\"@type\":\"ReadAction\",\"target\":[\"https:\\\/\\\/www.swibeco.ch\\\/de\\\/partner\\\/\"]}]},{\"@type\":\"ImageObject\",\"inLanguage\":\"de\",\"@id\":\"https:\\\/\\\/www.swibeco.ch\\\/de\\\/partner\\\/#primaryimage\",\"url\":\"https:\\\/\\\/www.swibeco.ch\\\/wp-content\\\/uploads\\\/zalando.png\",\"contentUrl\":\"https:\\\/\\\/www.swibeco.ch\\\/wp-content\\\/uploads\\\/zalando.png\"},{\"@type\":\"BreadcrumbList\",\"@id\":\"https:\\\/\\\/www.swibeco.ch\\\/de\\\/partner\\\/#breadcrumb\",\"itemListElement\":[{\"@type\":\"ListItem\",\"position\":1,\"name\":\"Accueil\",\"item\":\"https:\\\/\\\/www.swibeco.ch\\\/de\\\/\"},{\"@type\":\"ListItem\",\"position\":2,\"name\":\"Partner\"}]},{\"@type\":\"WebSite\",\"@id\":\"https:\\\/\\\/www.swibeco.ch\\\/de\\\/#website\",\"url\":\"https:\\\/\\\/www.swibeco.ch\\\/de\\\/\",\"name\":\"Swibeco\",\"description\":\"Flexible Benefits for Real Impact\",\"publisher\":{\"@id\":\"https:\\\/\\\/www.swibeco.ch\\\/de\\\/#organization\"},\"potentialAction\":[{\"@type\":\"SearchAction\",\"target\":{\"@type\":\"EntryPoint\",\"urlTemplate\":\"https:\\\/\\\/www.swibeco.ch\\\/de\\\/?s={search_term_string}\"},\"query-input\":{\"@type\":\"PropertyValueSpecification\",\"valueRequired\":true,\"valueName\":\"search_term_string\"}}],\"inLanguage\":\"de\"},{\"@type\":\"Organization\",\"@id\":\"https:\\\/\\\/www.swibeco.ch\\\/de\\\/#organization\",\"name\":\"SWIBECO\",\"url\":\"https:\\\/\\\/www.swibeco.ch\\\/de\\\/\",\"logo\":{\"@type\":\"ImageObject\",\"inLanguage\":\"de\",\"@id\":\"https:\\\/\\\/www.swibeco.ch\\\/de\\\/#\\\/schema\\\/logo\\\/image\\\/\",\"url\":\"https:\\\/\\\/www.swibeco.ch\\\/wp-content\\\/uploads\\\/logo-swibeco.svg\",\"contentUrl\":\"https:\\\/\\\/www.swibeco.ch\\\/wp-content\\\/uploads\\\/logo-swibeco.svg\",\"width\":300,\"height\":110,\"caption\":\"SWIBECO\"},\"image\":{\"@id\":\"https:\\\/\\\/www.swibeco.ch\\\/de\\\/#\\\/schema\\\/logo\\\/image\\\/\"},\"sameAs\":[\"https:\\\/\\\/www.linkedin.com\\\/company\\\/swibeco\\\/\"]}]}<\/script>\n<!-- \/ Yoast SEO Premium plugin. -->","yoast_head_json":{"title":"Partner | Swibeco","description":"Mit Swibeco er\u00f6ffnen Sie neue,lukrative M\u00e4rkte. Werden Sie Partner und profitieren Sie von einem neuen Verkaufskanal.","robots":{"index":"index","follow":"follow","max-snippet":"max-snippet:-1","max-image-preview":"max-image-preview:large","max-video-preview":"max-video-preview:-1"},"canonical":"https:\/\/www.swibeco.ch\/de\/partner\/","og_locale":"de_DE","og_type":"article","og_title":"Partner","og_description":"Mit Swibeco er\u00f6ffnen Sie neue,lukrative M\u00e4rkte. Werden Sie Partner und profitieren Sie von einem neuen Verkaufskanal.","og_url":"https:\/\/www.swibeco.ch\/de\/partner\/","og_site_name":"Swibeco","article_modified_time":"2026-05-07T14:38:46+00:00","og_image":[{"url":"https:\/\/www.swibeco.ch\/wp-content\/uploads\/swibeco-opengraph.jpg","type":"","width":"","height":""}],"twitter_card":"summary_large_image","twitter_misc":{"Gesch\u00e4tzte Lesezeit":"6\u00a0Minuten"},"schema":{"@context":"https:\/\/schema.org","@graph":[{"@type":"WebPage","@id":"https:\/\/www.swibeco.ch\/de\/partner\/","url":"https:\/\/www.swibeco.ch\/de\/partner\/","name":"Partner | Swibeco","isPartOf":{"@id":"https:\/\/www.swibeco.ch\/de\/#website"},"primaryImageOfPage":{"@id":"https:\/\/www.swibeco.ch\/de\/partner\/#primaryimage"},"image":{"@id":"https:\/\/www.swibeco.ch\/de\/partner\/#primaryimage"},"thumbnailUrl":"https:\/\/www.swibeco.ch\/wp-content\/uploads\/zalando.png","datePublished":"2023-07-18T09:14:14+00:00","dateModified":"2026-05-07T14:38:46+00:00","description":"Mit Swibeco er\u00f6ffnen Sie neue,lukrative M\u00e4rkte. Werden Sie Partner und profitieren Sie von einem neuen Verkaufskanal.","breadcrumb":{"@id":"https:\/\/www.swibeco.ch\/de\/partner\/#breadcrumb"},"inLanguage":"de","potentialAction":[{"@type":"ReadAction","target":["https:\/\/www.swibeco.ch\/de\/partner\/"]}]},{"@type":"ImageObject","inLanguage":"de","@id":"https:\/\/www.swibeco.ch\/de\/partner\/#primaryimage","url":"https:\/\/www.swibeco.ch\/wp-content\/uploads\/zalando.png","contentUrl":"https:\/\/www.swibeco.ch\/wp-content\/uploads\/zalando.png"},{"@type":"BreadcrumbList","@id":"https:\/\/www.swibeco.ch\/de\/partner\/#breadcrumb","itemListElement":[{"@type":"ListItem","position":1,"name":"Accueil","item":"https:\/\/www.swibeco.ch\/de\/"},{"@type":"ListItem","position":2,"name":"Partner"}]},{"@type":"WebSite","@id":"https:\/\/www.swibeco.ch\/de\/#website","url":"https:\/\/www.swibeco.ch\/de\/","name":"Swibeco","description":"Flexible Benefits for Real Impact","publisher":{"@id":"https:\/\/www.swibeco.ch\/de\/#organization"},"potentialAction":[{"@type":"SearchAction","target":{"@type":"EntryPoint","urlTemplate":"https:\/\/www.swibeco.ch\/de\/?s={search_term_string}"},"query-input":{"@type":"PropertyValueSpecification","valueRequired":true,"valueName":"search_term_string"}}],"inLanguage":"de"},{"@type":"Organization","@id":"https:\/\/www.swibeco.ch\/de\/#organization","name":"SWIBECO","url":"https:\/\/www.swibeco.ch\/de\/","logo":{"@type":"ImageObject","inLanguage":"de","@id":"https:\/\/www.swibeco.ch\/de\/#\/schema\/logo\/image\/","url":"https:\/\/www.swibeco.ch\/wp-content\/uploads\/logo-swibeco.svg","contentUrl":"https:\/\/www.swibeco.ch\/wp-content\/uploads\/logo-swibeco.svg","width":300,"height":110,"caption":"SWIBECO"},"image":{"@id":"https:\/\/www.swibeco.ch\/de\/#\/schema\/logo\/image\/"},"sameAs":["https:\/\/www.linkedin.com\/company\/swibeco\/"]}]}},"_links":{"self":[{"href":"https:\/\/www.swibeco.ch\/de\/wp-json\/wp\/v2\/pages\/4456","targetHints":{"allow":["GET"]}}],"collection":[{"href":"https:\/\/www.swibeco.ch\/de\/wp-json\/wp\/v2\/pages"}],"about":[{"href":"https:\/\/www.swibeco.ch\/de\/wp-json\/wp\/v2\/types\/page"}],"author":[{"embeddable":true,"href":"https:\/\/www.swibeco.ch\/de\/wp-json\/wp\/v2\/users\/1"}],"replies":[{"embeddable":true,"href":"https:\/\/www.swibeco.ch\/de\/wp-json\/wp\/v2\/comments?post=4456"}],"version-history":[{"count":1,"href":"https:\/\/www.swibeco.ch\/de\/wp-json\/wp\/v2\/pages\/4456\/revisions"}],"predecessor-version":[{"id":50974,"href":"https:\/\/www.swibeco.ch\/de\/wp-json\/wp\/v2\/pages\/4456\/revisions\/50974"}],"wp:attachment":[{"href":"https:\/\/www.swibeco.ch\/de\/wp-json\/wp\/v2\/media?parent=4456"}],"curies":[{"name":"wp","href":"https:\/\/api.w.org\/{rel}","templated":true}]}}