{"id":44892,"date":"2025-07-03T12:15:20","date_gmt":"2025-07-03T10:15:20","guid":{"rendered":"https:\/\/www.swibeco.ch\/swipoints\/"},"modified":"2026-02-04T14:07:49","modified_gmt":"2026-02-04T13:07:49","slug":"the-selection","status":"publish","type":"page","link":"https:\/\/www.swibeco.ch\/de\/the-selection\/","title":{"rendered":"The Selection (DE)"},"content":{"rendered":"<div class=\"gb-container gb-container-7a180ece alignfull\">\n<div class=\"gb-container gb-container-fe5b51a6 banniere-bg\">\n<div class=\"gb-container gb-container-72e810eb\">\n<div class=\"gb-container gb-container-58a1bb3b\">\n\n<p class=\"gb-headline gb-headline-8ad563e4 gb-headline-text\"><em>The Selection<\/em><\/p>\n\n<\/div>\n\n\n<p>Weil kleine und grosse Aufmerksamkeiten den Unterschied machen, stellt Ihnen Ihr Arbeitgeber ein Geschenke-Budget zur Verf\u00fcgung. Um das zu feiern, was in Ihrem Alltag wirklich z\u00e4hlt.&nbsp;<\/p>\n\n\n\n<p>Mit <em>The Selection<\/em> lassen Sie sich von Ihren W\u00fcnschen leiten: Erlebnisse, die Sie geniessen, Produkte, die Sie entdecken, oder Geschenkgutscheine, die Sie sich selbst g\u00f6nnen k\u00f6nnen \u2013 w\u00e4hlen Sie frei, denn diese Freude geh\u00f6rt ganz Ihnen.&nbsp;<\/p>\n\n\n\n<p>Eine Geste, die Danke sagt, ein Lob ausspricht \u2013 oder einfach: \u201eAchten Sie auf sich.\u201c&nbsp;<\/p>\n\n<\/div>\n<\/div>\n<\/div>\n\n<div class=\"gb-container gb-container-6de9d05f alignfull\">\n<div class=\"gb-container gb-container-6effda51\">\n<div class=\"gb-container gb-container-df8e7718\">\n\n<h2 class=\"gb-headline gb-headline-d25a8c25 gb-headline-text\"><mark class=\"gb-highlight\"><mark class=\"gb-highlight\">Was ist <em>The Selection<\/em>?\u00a0<\/mark><\/mark><\/h2>\n\n\n\n<p>The Selection ist eine Auswahl an Produkten und Erlebnissen, mit denen Sie Ihr Budget f\u00fcr Geschenke in konkrete und pers\u00f6nliche Freude verwandeln. Reisen, Gesundheit und Wohlbefinden, Gastronomie, Freizeit oder Hightech \u2013 Sie nutzen Ihr Guthaben f\u00fcr das, was Ihnen wirklich wichtig ist. Die Angebote sind bereits ab CHF 50.\u2013 verf\u00fcgbar.&nbsp;<\/p>\n\n\n\n<p>Der Zugang zu The Selection ist den Nutzerinnen und Nutzern mit einem Geschenke-Budget vorbehalten, das vom Arbeitgeber als Zeichen der Wertsch\u00e4tzung oder besonderer Anerkennung angeboten wird.&nbsp;<\/p>\n\n<\/div>\n<\/div>\n<\/div>\n\n<div class=\"gb-container gb-container-1c9cff17 alignfull\">\n\n<figure class=\"wp-block-gallery has-nested-images columns-5 is-cropped wp-block-gallery-1 is-layout-flex wp-block-gallery-is-layout-flex\">\n<figure class=\"wp-block-image size-large\"><img loading=\"lazy\" decoding=\"async\" width=\"1500\" height=\"1000\" data-id=\"47190\" src=\"https:\/\/www.swibeco.ch\/wp-content\/uploads\/the-selection-swibeco2.jpg\" alt=\"\" class=\"wp-image-47190\"\/><\/figure>\n\n\n\n<figure class=\"wp-block-image size-large\"><img loading=\"lazy\" decoding=\"async\" width=\"1500\" height=\"1000\" data-id=\"47198\" src=\"https:\/\/www.swibeco.ch\/wp-content\/uploads\/the-selection-swibeco5.jpg\" alt=\"\" class=\"wp-image-47198\"\/><\/figure>\n\n\n\n<figure class=\"wp-block-image size-large\"><img loading=\"lazy\" decoding=\"async\" width=\"1500\" height=\"1000\" data-id=\"47196\" src=\"https:\/\/www.swibeco.ch\/wp-content\/uploads\/the-selection-swibeco3.jpg\" alt=\"\" class=\"wp-image-47196\"\/><\/figure>\n\n\n\n<figure class=\"wp-block-image size-large\"><img loading=\"lazy\" decoding=\"async\" width=\"1500\" height=\"1000\" data-id=\"47197\" src=\"https:\/\/www.swibeco.ch\/wp-content\/uploads\/the-selection-swibeco4.jpg\" alt=\"\" class=\"wp-image-47197\"\/><\/figure>\n\n\n\n<figure class=\"wp-block-image size-large\"><img loading=\"lazy\" decoding=\"async\" width=\"1500\" height=\"1000\" data-id=\"47200\" src=\"https:\/\/www.swibeco.ch\/wp-content\/uploads\/the-selection-swibeco8.jpg\" alt=\"\" class=\"wp-image-47200\"\/><\/figure>\n<\/figure>\n\n<\/div>\n\n<div class=\"gb-container gb-container-5eae15ed alignfull\">\n\n<figure class=\"wp-block-gallery has-nested-images columns-5 is-cropped wp-block-gallery-2 is-layout-flex wp-block-gallery-is-layout-flex\">\n<figure class=\"wp-block-image size-large\"><img loading=\"lazy\" decoding=\"async\" width=\"1500\" height=\"1000\" data-id=\"47190\" src=\"https:\/\/www.swibeco.ch\/wp-content\/uploads\/the-selection-swibeco2.jpg\" alt=\"\" class=\"wp-image-47190\"\/><\/figure>\n\n\n\n<figure class=\"wp-block-image size-large\"><img loading=\"lazy\" decoding=\"async\" width=\"1500\" height=\"1000\" data-id=\"47198\" src=\"https:\/\/www.swibeco.ch\/wp-content\/uploads\/the-selection-swibeco5.jpg\" alt=\"\" class=\"wp-image-47198\"\/><\/figure>\n\n\n\n<figure class=\"wp-block-image size-large\"><img loading=\"lazy\" decoding=\"async\" width=\"1500\" height=\"1000\" data-id=\"47196\" src=\"https:\/\/www.swibeco.ch\/wp-content\/uploads\/the-selection-swibeco3.jpg\" alt=\"\" class=\"wp-image-47196\"\/><\/figure>\n\n\n\n<figure class=\"wp-block-image size-large\"><img loading=\"lazy\" decoding=\"async\" width=\"1500\" height=\"1000\" data-id=\"47197\" src=\"https:\/\/www.swibeco.ch\/wp-content\/uploads\/the-selection-swibeco4.jpg\" alt=\"\" class=\"wp-image-47197\"\/><\/figure>\n<\/figure>\n\n<\/div>\n\n<div class=\"gb-container gb-container-27ecc4f8 alignfull\">\n<div class=\"gb-container gb-container-0da677c8\">\n\n<h2 class=\"gb-headline gb-headline-f1cc94c3 gb-headline-text\">Einfach zu nutzen \u2013 f\u00fcr genussvolle Freiheit&nbsp;<\/h2>\n\n\n<div class=\"gb-container gb-container-edd21781\">\n\n<p>Die Nutzung von The Selection ist nahtlos in Ihre Reise auf der Swibeco-Plattform f\u00fcr Benefits und Rabatte integriert. Sie w\u00e4hlen das passende Angebot aus und bezahlen mit Ihrem Geschenke-Budget.&nbsp;<\/p>\n\n\n\n<p>Wenn der verf\u00fcgbare Betrag nicht ausreicht, k\u00f6nnen Sie ihn mit Ihrem My Swibeco Credit oder einer anderen Zahlungsmethode wie VISA, Mastercard oder TWINT erg\u00e4nzen. So behalten Sie Ihre volle Wahlfreiheit.&nbsp;<\/p>\n\n\n\n<p>Ihr Geschenke-Budget kann auch bei den \u00fcblichen Marken auf der Plattform eingesetzt werden.&nbsp;<\/p>\n\n\n\n<h2 class=\"gb-headline gb-headline-d821b290 gb-headline-text\"><strong><em>The Selection <\/em>in 4 Schritten&nbsp;<\/strong><\/h2>\n\n<\/div>\n\n<div class=\"gb-grid-wrapper gb-grid-wrapper-ec4f5e55\">\n<div class=\"gb-grid-column gb-grid-column-e9bed526\"><div class=\"gb-container gb-container-e9bed526\">\n\n<p class=\"gb-headline gb-headline-c56c3151\"><span class=\"gb-icon\"><svg viewBox=\"0 -960 960 960\" height=\"24\" width=\"24\" xmlns=\"http:\/\/www.w3.org\/2000\/svg\"><path d=\"M480.13-120q-74.67 0-140.41-28.34-65.73-28.34-114.36-76.92-48.63-48.58-76.99-114.26Q120-405.19 120-479.87q0-74.67 28.34-140.41 28.34-65.73 76.92-114.36 48.58-48.63 114.26-76.99Q405.19-840 479.87-840q74.67 0 140.41 28.34 65.73 28.34 114.36 76.92 48.63 48.58 76.99 114.26Q840-554.81 840-480.13q0 74.67-28.34 140.41-28.34 65.73-76.92 114.36-48.58 48.63-114.26 76.99Q554.81-120 480.13-120Zm-.13-40q134 0 227-93t93-227q0-134-93-227t-227-93q-134 0-227 93t-93 227q0 134 93 227t227 93Zm0-320Zm0 180h40v-360H400v40h80v320Z\"><\/path><\/svg><\/span><span class=\"gb-headline-text\">Ihr Arbeitgeber schenkt Ihnen anl\u00e4sslich eines bestimmten Ereignisses \u2013 Geburtstag, Jubil\u00e4um, Weihnachten usw. \u2013 ein Geschenke-Budget. Dieses wird direkt auf Ihrem Swibeco-Konto gutgeschrieben.&nbsp;<\/span><\/p>\n\n<\/div><\/div>\n\n<div class=\"gb-grid-column gb-grid-column-81da921f\"><div class=\"gb-container gb-container-81da921f\">\n\n<p class=\"gb-headline gb-headline-86f42e57\"><span class=\"gb-icon\"><svg width=\"24px\" viewBox=\"0 -960 960 960\" height=\"24px\" xmlns=\"http:\/\/www.w3.org\/2000\/svg\"><path d=\"M480.13-120q-74.67 0-140.41-28.34-65.73-28.34-114.36-76.92-48.63-48.58-76.99-114.26Q120-405.19 120-479.87q0-74.67 28.34-140.41 28.34-65.73 76.92-114.36 48.58-48.63 114.26-76.99Q405.19-840 479.87-840q74.67 0 140.41 28.34 65.73 28.34 114.36 76.92 48.63 48.58 76.99 114.26Q840-554.81 840-480.13q0 74.67-28.34 140.41-28.34 65.73-76.92 114.36-48.58 48.63-114.26 76.99Q554.81-120 480.13-120Zm-.13-40q134 0 227-93t93-227q0-134-93-227t-227-93q-134 0-227 93t-93 227q0 134 93 227t227 93Zm0-320ZM380-300h200v-40H420v-95.38q0-10.77 6.92-17.7 6.93-6.92 17.7-6.92h70.76q27.62 0 46.12-18.5Q580-497 580-524.62v-70.76q0-27.62-18.5-46.12Q543-660 515.13-660H380v40h135.38q10.77 0 17.7 6.92 6.92 6.93 6.92 17.7v70.76q0 10.77-6.92 17.7-6.93 6.92-17.7 6.92h-70.76q-27.62 0-46.12 18.5Q380-463 380-435.13V-300Z\"><\/path><\/svg><\/span><span class=\"gb-headline-text\">Sobald das Budget verf\u00fcgbar ist, wird Ihnen die Auswahl von The Selection auf der Plattform zug\u00e4nglich.&nbsp;<\/span><\/p>\n\n<\/div><\/div>\n\n<div class=\"gb-grid-column gb-grid-column-007f205d\"><div class=\"gb-container gb-container-007f205d\">\n\n<p class=\"gb-headline gb-headline-babb4b2c\"><span class=\"gb-icon\"><svg viewBox=\"0 -960 960 960\" height=\"24\" width=\"24\" xmlns=\"http:\/\/www.w3.org\/2000\/svg\"><path d=\"M480.13-120q-74.67 0-140.41-28.34-65.73-28.34-114.36-76.92-48.63-48.58-76.99-114.26Q120-405.19 120-479.87q0-74.67 28.34-140.41 28.34-65.73 76.92-114.36 48.58-48.63 114.26-76.99Q405.19-840 479.87-840q74.67 0 140.41 28.34 65.73 28.34 114.36 76.92 48.63 48.58 76.99 114.26Q840-554.81 840-480.13q0 74.67-28.34 140.41-28.34 65.73-76.92 114.36-48.58 48.63-114.26 76.99Q554.81-120 480.13-120Zm-.13-40q134 0 227-93t93-227q0-134-93-227t-227-93q-134 0-227 93t-93 227q0 134 93 227t227 93Zm0-320ZM380-300h135.13q27.87 0 46.37-18.5Q580-337 580-364.62v-66.15q0-23.69-12.38-35.31Q555.23-477.69 540-480q15.23-2.31 27.62-13.92Q580-505.54 580-529.23v-66.15q0-27.62-18.5-46.12Q543-660 515.13-660H380v40h135.38q10.77 0 17.7 6.92 6.92 6.93 6.92 17.7v70.76q0 10.77-6.92 17.7-6.93 6.92-17.7 6.92h-70.76v40h70.76q10.77 0 17.7 6.92 6.92 6.93 6.92 17.7v70.76q0 10.77-6.92 17.7-6.93 6.92-17.7 6.92H380v40Z\"><\/path><\/svg><\/span><span class=\"gb-headline-text\">Sie w\u00e4hlen das Produkt oder Erlebnis aus, das Ihnen gef\u00e4llt \u2013 wann immer Sie m\u00f6chten. Unser Partnerships-Team erg\u00e4nzt das Sortiment regelm\u00e4ssig mit neuen Angeboten.&nbsp;<\/span><\/p>\n\n<\/div><\/div>\n\n<div class=\"gb-grid-column gb-grid-column-6b503066\"><div class=\"gb-container gb-container-6b503066\">\n\n<p class=\"gb-headline gb-headline-01269f71\"><span class=\"gb-icon\"><svg viewBox=\"0 -960 960 960\" height=\"24\" width=\"24\" xmlns=\"http:\/\/www.w3.org\/2000\/svg\"><path d=\"M480.13-120q-74.67 0-140.41-28.34-65.73-28.34-114.36-76.92-48.63-48.58-76.99-114.26Q120-405.19 120-479.87q0-74.67 28.34-140.41 28.34-65.73 76.92-114.36 48.58-48.63 114.26-76.99Q405.19-840 479.87-840q74.67 0 140.41 28.34 65.73 28.34 114.36 76.92 48.63 48.58 76.99 114.26Q840-554.81 840-480.13q0 74.67-28.34 140.41-28.34 65.73-76.92 114.36-48.58 48.63-114.26 76.99Q554.81-120 480.13-120Zm-.13-40q134 0 227-93t93-227q0-134-93-227t-227-93q-134 0-227 93t-93 227q0 134 93 227t227 93Zm0-320Zm60 180h40v-360h-40v160H420v-160h-40v200h160v160Z\"><\/path><\/svg><\/span><span class=\"gb-headline-text\">Sie bezahlen mit Ihrem Geschenke-Budget. Falls notwendig, k\u00f6nnen Sie den Betrag mit einer anderen Zahlungsmethode erg\u00e4nzen.&nbsp;<\/span><\/p>\n\n<\/div><\/div>\n<\/div>\n<\/div>\n<\/div>\n\n<div class=\"gb-container gb-container-d12639d2 bg-half-container theselectionappde alignfull\">\n<div class=\"gb-container gb-container-c8be6bf9\">\n<div class=\"gb-container gb-container-4dbfa685\">\n\n<h2 class=\"gb-headline gb-headline-51b8e6e5 gb-headline-text\">Die Vorteile von <em>The Selection&nbsp;<\/em><\/h2>\n\n\n\n<p>Im Gegensatz zu traditionellen Firmengeschenken erm\u00f6glicht es Ihnen das Geschenke-Budget Ihres Arbeitgebers, genau das zu kaufen, was Sie wirklich brauchen oder sich w\u00fcnschen \u2013 zu einem Zeitpunkt, der Ihnen passt.&nbsp;<\/p>\n\n\n\n<h4 class=\"gb-headline gb-headline-004a06ba gb-headline-text\"><strong>Geschenke, die einfach zu nutzen sind<\/strong>&nbsp;<\/h4>\n\n\n\n<p>Die Geschenke lassen sich einfach \u00fcber The Selection einl\u00f6sen. Es steht Ihnen eine grosse Auswahl an Angeboten, Produkten und Services zur Verf\u00fcgung, die auf viele verschiedene W\u00fcnsche und Bed\u00fcrfnisse zugeschnitten sind.&nbsp;<\/p>\n\n\n\n<h4 class=\"gb-headline gb-headline-2b40b0a5 gb-headline-text\">Eine Wahl, die Ihnen geh\u00f6rt&nbsp;<\/h4>\n\n\n\n<p>Entdecken Sie eine grosse Vielfalt an Kategorien, Marken und Erlebnissen \u2013 und w\u00e4hlen Sie genau das, was f\u00fcr Sie Sinn ergibt, wann immer Sie m\u00f6chten.&nbsp;<\/p>\n\n\n\n<h4 class=\"gb-headline gb-headline-ad40147f gb-headline-text\">Ein reibungsloses Erlebnis<\/h4>\n\n\n\n<p>Ihr Geschenke-Budget wird automatisch ber\u00fccksichtigt, wenn Sie in The Selection eine Auswahl treffen.&nbsp; Pr\u00fcfen Sie Ihren Saldo jederzeit transparent in der Swibeco App.&nbsp;<\/p>\n\n<\/div>\n<\/div>\n<\/div>","protected":false},"excerpt":{"rendered":"<p>The Selection Weil kleine und grosse Aufmerksamkeiten den Unterschied machen, stellt Ihnen Ihr Arbeitgeber ein Geschenke-Budget zur Verf\u00fcgung. Um das zu feiern, was in Ihrem Alltag wirklich z\u00e4hlt.&nbsp; Mit The Selection lassen Sie sich von Ihren W\u00fcnschen leiten: Erlebnisse, die Sie geniessen, Produkte, die Sie entdecken, oder Geschenkgutscheine, die Sie sich selbst g\u00f6nnen k\u00f6nnen \u2013 &#8230; <a title=\"The Selection (DE)\" class=\"read-more\" href=\"https:\/\/www.swibeco.ch\/de\/the-selection\/\" aria-label=\"Mehr Informationen \u00fcber The Selection (DE)\">Lire plus<\/a><\/p>\n","protected":false},"author":1,"featured_media":0,"parent":0,"menu_order":107,"comment_status":"closed","ping_status":"closed","template":"","meta":{"_acf_changed":false,"footnotes":""},"class_list":["post-44892","page","type-page","status-publish"],"acf":{"type_page":"lp_active"},"yoast_head":"<!-- This site is optimized with the Yoast SEO Premium plugin v27.4 (Yoast SEO v27.4) - https:\/\/yoast.com\/product\/yoast-seo-premium-wordpress\/ -->\n<title>The Selection (DE) | Swibeco<\/title>\n<meta name=\"robots\" content=\"index, follow, max-snippet:-1, max-image-preview:large, max-video-preview:-1\" \/>\n<link rel=\"canonical\" href=\"https:\/\/www.swibeco.ch\/de\/the-selection\/\" \/>\n<meta property=\"og:locale\" content=\"de_DE\" \/>\n<meta property=\"og:type\" content=\"article\" \/>\n<meta property=\"og:title\" content=\"The Selection (DE)\" \/>\n<meta property=\"og:description\" content=\"The Selection Weil kleine und grosse Aufmerksamkeiten den Unterschied machen, stellt Ihnen Ihr Arbeitgeber ein Geschenke-Budget zur Verf\u00fcgung. Um das zu feiern, was in Ihrem Alltag wirklich z\u00e4hlt.&nbsp; Mit The Selection lassen Sie sich von Ihren W\u00fcnschen leiten: Erlebnisse, die Sie geniessen, Produkte, die Sie entdecken, oder Geschenkgutscheine, die Sie sich selbst g\u00f6nnen k\u00f6nnen \u2013 ... Lire plus\" \/>\n<meta property=\"og:url\" content=\"https:\/\/www.swibeco.ch\/de\/the-selection\/\" \/>\n<meta property=\"og:site_name\" content=\"Swibeco\" \/>\n<meta property=\"article:modified_time\" content=\"2026-02-04T13:07:49+00:00\" \/>\n<meta property=\"og:image\" content=\"https:\/\/www.swibeco.ch\/wp-content\/uploads\/swibeco-opengraph.jpg\" \/>\n\t<meta property=\"og:image:width\" content=\"1500\" \/>\n\t<meta property=\"og:image:height\" content=\"1000\" \/>\n\t<meta property=\"og:image:type\" content=\"image\/jpeg\" \/>\n<meta name=\"twitter:card\" content=\"summary_large_image\" \/>\n<meta name=\"twitter:label1\" content=\"Gesch\u00e4tzte Lesezeit\" \/>\n\t<meta name=\"twitter:data1\" content=\"5\u00a0Minuten\" \/>\n<script type=\"application\/ld+json\" class=\"yoast-schema-graph\">{\"@context\":\"https:\\\/\\\/schema.org\",\"@graph\":[{\"@type\":\"WebPage\",\"@id\":\"https:\\\/\\\/www.swibeco.ch\\\/de\\\/the-selection\\\/\",\"url\":\"https:\\\/\\\/www.swibeco.ch\\\/de\\\/the-selection\\\/\",\"name\":\"The Selection (DE) | Swibeco\",\"isPartOf\":{\"@id\":\"https:\\\/\\\/www.swibeco.ch\\\/de\\\/#website\"},\"primaryImageOfPage\":{\"@id\":\"https:\\\/\\\/www.swibeco.ch\\\/de\\\/the-selection\\\/#primaryimage\"},\"image\":{\"@id\":\"https:\\\/\\\/www.swibeco.ch\\\/de\\\/the-selection\\\/#primaryimage\"},\"thumbnailUrl\":\"https:\\\/\\\/www.swibeco.ch\\\/wp-content\\\/uploads\\\/the-selection-swibeco2.jpg\",\"datePublished\":\"2025-07-03T10:15:20+00:00\",\"dateModified\":\"2026-02-04T13:07:49+00:00\",\"breadcrumb\":{\"@id\":\"https:\\\/\\\/www.swibeco.ch\\\/de\\\/the-selection\\\/#breadcrumb\"},\"inLanguage\":\"de\",\"potentialAction\":[{\"@type\":\"ReadAction\",\"target\":[\"https:\\\/\\\/www.swibeco.ch\\\/de\\\/the-selection\\\/\"]}]},{\"@type\":\"ImageObject\",\"inLanguage\":\"de\",\"@id\":\"https:\\\/\\\/www.swibeco.ch\\\/de\\\/the-selection\\\/#primaryimage\",\"url\":\"https:\\\/\\\/www.swibeco.ch\\\/wp-content\\\/uploads\\\/the-selection-swibeco2.jpg\",\"contentUrl\":\"https:\\\/\\\/www.swibeco.ch\\\/wp-content\\\/uploads\\\/the-selection-swibeco2.jpg\"},{\"@type\":\"BreadcrumbList\",\"@id\":\"https:\\\/\\\/www.swibeco.ch\\\/de\\\/the-selection\\\/#breadcrumb\",\"itemListElement\":[{\"@type\":\"ListItem\",\"position\":1,\"name\":\"Accueil\",\"item\":\"https:\\\/\\\/www.swibeco.ch\\\/de\\\/\"},{\"@type\":\"ListItem\",\"position\":2,\"name\":\"The Selection (DE)\"}]},{\"@type\":\"WebSite\",\"@id\":\"https:\\\/\\\/www.swibeco.ch\\\/de\\\/#website\",\"url\":\"https:\\\/\\\/www.swibeco.ch\\\/de\\\/\",\"name\":\"Swibeco\",\"description\":\"Flexible Benefits for Real Impact\",\"publisher\":{\"@id\":\"https:\\\/\\\/www.swibeco.ch\\\/de\\\/#organization\"},\"potentialAction\":[{\"@type\":\"SearchAction\",\"target\":{\"@type\":\"EntryPoint\",\"urlTemplate\":\"https:\\\/\\\/www.swibeco.ch\\\/de\\\/?s={search_term_string}\"},\"query-input\":{\"@type\":\"PropertyValueSpecification\",\"valueRequired\":true,\"valueName\":\"search_term_string\"}}],\"inLanguage\":\"de\"},{\"@type\":\"Organization\",\"@id\":\"https:\\\/\\\/www.swibeco.ch\\\/de\\\/#organization\",\"name\":\"SWIBECO\",\"url\":\"https:\\\/\\\/www.swibeco.ch\\\/de\\\/\",\"logo\":{\"@type\":\"ImageObject\",\"inLanguage\":\"de\",\"@id\":\"https:\\\/\\\/www.swibeco.ch\\\/de\\\/#\\\/schema\\\/logo\\\/image\\\/\",\"url\":\"https:\\\/\\\/www.swibeco.ch\\\/wp-content\\\/uploads\\\/logo-swibeco.svg\",\"contentUrl\":\"https:\\\/\\\/www.swibeco.ch\\\/wp-content\\\/uploads\\\/logo-swibeco.svg\",\"width\":300,\"height\":110,\"caption\":\"SWIBECO\"},\"image\":{\"@id\":\"https:\\\/\\\/www.swibeco.ch\\\/de\\\/#\\\/schema\\\/logo\\\/image\\\/\"},\"sameAs\":[\"https:\\\/\\\/www.linkedin.com\\\/company\\\/swibeco\\\/\"]}]}<\/script>\n<!-- \/ Yoast SEO Premium plugin. -->","yoast_head_json":{"title":"The Selection (DE) | Swibeco","robots":{"index":"index","follow":"follow","max-snippet":"max-snippet:-1","max-image-preview":"max-image-preview:large","max-video-preview":"max-video-preview:-1"},"canonical":"https:\/\/www.swibeco.ch\/de\/the-selection\/","og_locale":"de_DE","og_type":"article","og_title":"The Selection (DE)","og_description":"The Selection Weil kleine und grosse Aufmerksamkeiten den Unterschied machen, stellt Ihnen Ihr Arbeitgeber ein Geschenke-Budget zur Verf\u00fcgung. Um das zu feiern, was in Ihrem Alltag wirklich z\u00e4hlt.&nbsp; Mit The Selection lassen Sie sich von Ihren W\u00fcnschen leiten: Erlebnisse, die Sie geniessen, Produkte, die Sie entdecken, oder Geschenkgutscheine, die Sie sich selbst g\u00f6nnen k\u00f6nnen \u2013 ... Lire plus","og_url":"https:\/\/www.swibeco.ch\/de\/the-selection\/","og_site_name":"Swibeco","article_modified_time":"2026-02-04T13:07:49+00:00","og_image":[{"width":1500,"height":1000,"url":"https:\/\/www.swibeco.ch\/wp-content\/uploads\/swibeco-opengraph.jpg","type":"image\/jpeg"}],"twitter_card":"summary_large_image","twitter_misc":{"Gesch\u00e4tzte Lesezeit":"5\u00a0Minuten"},"schema":{"@context":"https:\/\/schema.org","@graph":[{"@type":"WebPage","@id":"https:\/\/www.swibeco.ch\/de\/the-selection\/","url":"https:\/\/www.swibeco.ch\/de\/the-selection\/","name":"The Selection (DE) | Swibeco","isPartOf":{"@id":"https:\/\/www.swibeco.ch\/de\/#website"},"primaryImageOfPage":{"@id":"https:\/\/www.swibeco.ch\/de\/the-selection\/#primaryimage"},"image":{"@id":"https:\/\/www.swibeco.ch\/de\/the-selection\/#primaryimage"},"thumbnailUrl":"https:\/\/www.swibeco.ch\/wp-content\/uploads\/the-selection-swibeco2.jpg","datePublished":"2025-07-03T10:15:20+00:00","dateModified":"2026-02-04T13:07:49+00:00","breadcrumb":{"@id":"https:\/\/www.swibeco.ch\/de\/the-selection\/#breadcrumb"},"inLanguage":"de","potentialAction":[{"@type":"ReadAction","target":["https:\/\/www.swibeco.ch\/de\/the-selection\/"]}]},{"@type":"ImageObject","inLanguage":"de","@id":"https:\/\/www.swibeco.ch\/de\/the-selection\/#primaryimage","url":"https:\/\/www.swibeco.ch\/wp-content\/uploads\/the-selection-swibeco2.jpg","contentUrl":"https:\/\/www.swibeco.ch\/wp-content\/uploads\/the-selection-swibeco2.jpg"},{"@type":"BreadcrumbList","@id":"https:\/\/www.swibeco.ch\/de\/the-selection\/#breadcrumb","itemListElement":[{"@type":"ListItem","position":1,"name":"Accueil","item":"https:\/\/www.swibeco.ch\/de\/"},{"@type":"ListItem","position":2,"name":"The Selection (DE)"}]},{"@type":"WebSite","@id":"https:\/\/www.swibeco.ch\/de\/#website","url":"https:\/\/www.swibeco.ch\/de\/","name":"Swibeco","description":"Flexible Benefits for Real Impact","publisher":{"@id":"https:\/\/www.swibeco.ch\/de\/#organization"},"potentialAction":[{"@type":"SearchAction","target":{"@type":"EntryPoint","urlTemplate":"https:\/\/www.swibeco.ch\/de\/?s={search_term_string}"},"query-input":{"@type":"PropertyValueSpecification","valueRequired":true,"valueName":"search_term_string"}}],"inLanguage":"de"},{"@type":"Organization","@id":"https:\/\/www.swibeco.ch\/de\/#organization","name":"SWIBECO","url":"https:\/\/www.swibeco.ch\/de\/","logo":{"@type":"ImageObject","inLanguage":"de","@id":"https:\/\/www.swibeco.ch\/de\/#\/schema\/logo\/image\/","url":"https:\/\/www.swibeco.ch\/wp-content\/uploads\/logo-swibeco.svg","contentUrl":"https:\/\/www.swibeco.ch\/wp-content\/uploads\/logo-swibeco.svg","width":300,"height":110,"caption":"SWIBECO"},"image":{"@id":"https:\/\/www.swibeco.ch\/de\/#\/schema\/logo\/image\/"},"sameAs":["https:\/\/www.linkedin.com\/company\/swibeco\/"]}]}},"_links":{"self":[{"href":"https:\/\/www.swibeco.ch\/de\/wp-json\/wp\/v2\/pages\/44892","targetHints":{"allow":["GET"]}}],"collection":[{"href":"https:\/\/www.swibeco.ch\/de\/wp-json\/wp\/v2\/pages"}],"about":[{"href":"https:\/\/www.swibeco.ch\/de\/wp-json\/wp\/v2\/types\/page"}],"author":[{"embeddable":true,"href":"https:\/\/www.swibeco.ch\/de\/wp-json\/wp\/v2\/users\/1"}],"replies":[{"embeddable":true,"href":"https:\/\/www.swibeco.ch\/de\/wp-json\/wp\/v2\/comments?post=44892"}],"version-history":[{"count":0,"href":"https:\/\/www.swibeco.ch\/de\/wp-json\/wp\/v2\/pages\/44892\/revisions"}],"wp:attachment":[{"href":"https:\/\/www.swibeco.ch\/de\/wp-json\/wp\/v2\/media?parent=44892"}],"curies":[{"name":"wp","href":"https:\/\/api.w.org\/{rel}","templated":true}]}}