{"id":46065,"date":"2025-11-04T17:04:25","date_gmt":"2025-11-04T16:04:25","guid":{"rendered":"https:\/\/www.swibeco.ch\/landepunkte\/"},"modified":"2025-12-22T13:39:46","modified_gmt":"2025-12-22T12:39:46","slug":"landepunkte","status":"publish","type":"page","link":"https:\/\/www.swibeco.ch\/de\/landepunkte\/","title":{"rendered":"Evolution 2026"},"content":{"rendered":"<div class=\"gb-container gb-container-7a180ece alignfull\">\n<div class=\"gb-container gb-container-fe5b51a6 banniere-bg\">\n<div class=\"gb-container gb-container-72e810eb\">\n<div class=\"gb-container gb-container-58a1bb3b\">\n\n<p class=\"gb-headline gb-headline-d579b78c gb-headline-text\">Ein neues Nutzererlebnis, mit dem Sie Ihre Vorteile noch einfacher und besser geniessen k\u00f6nnen.<\/p>\n\n<\/div>\n<\/div>\n<\/div>\n<\/div>\n\n<div class=\"gb-container gb-container-e2100d86 alignfull\">\n<div class=\"gb-container gb-container-f287a681\">\n<div class=\"gb-grid-wrapper gb-grid-wrapper-cea533ab\">\n<div class=\"gb-grid-column gb-grid-column-8b003401\"><div class=\"gb-container gb-container-8b003401\">\n\n<h2 class=\"gb-headline gb-headline-f01e0716 gb-headline-text\"><mark class=\"gb-highlight\"><strong>Willkommen <em>Geschenke<\/em> und <em>Mein Swibeco Kredit<\/em><\/strong><\/mark><\/h2>\n\n\n\n<p class=\"gb-headline gb-headline-19b07879 gb-headline-text\"><strong>Ab Januar 2026<\/strong>&nbsp;<\/p>\n\n\n\n<p class=\"gb-headline gb-headline-94b3733b\"><span class=\"gb-icon\"><svg xmlns=\"http:\/\/www.w3.org\/2000\/svg\" width=\"24px\" viewBox=\"0 -960 960 960\" height=\"24px\"><path d=\"M382-240 154-468l57-57 171 171 367-367 57 57-424 424Z\"><\/path><\/svg><\/span><span class=\"gb-headline-text\">Die Swipoints erhalten einen neuen Namen f\u00fcr ein klareres Nutzungserlebnis<\/span><\/p>\n\n\n\n<p class=\"gb-headline gb-headline-32492ea5\"><span class=\"gb-icon\"><svg xmlns=\"http:\/\/www.w3.org\/2000\/svg\" width=\"24px\" viewBox=\"0 -960 960 960\" height=\"24px\"><path d=\"M382-240 154-468l57-57 171 171 367-367 57 57-424 424Z\"><\/path><\/svg><\/span><span class=\"gb-headline-text\">Zwei separate Budgets: <em>Geschenke<\/em> und <em>Mein Swibeco Kredit<\/em>&nbsp;<\/span><\/p>\n\n\n\n<p class=\"gb-headline gb-headline-3a1ba077\"><span class=\"gb-icon\"><svg xmlns=\"http:\/\/www.w3.org\/2000\/svg\" width=\"24px\" viewBox=\"0 -960 960 960\" height=\"24px\"><path d=\"M382-240 154-468l57-57 171 171 367-367 57 57-424 424Z\"><\/path><\/svg><\/span><span class=\"gb-headline-text\">Neues Sortiment, um sich selbst mit Ihren <em>Geschenken<\/em> zu verw\u00f6hnen: <em>The Selection<\/em>&nbsp;<\/span><\/p>\n\n\n\n<p class=\"gb-headline gb-headline-c2e07900\"><span class=\"gb-icon\"><svg xmlns=\"http:\/\/www.w3.org\/2000\/svg\" height=\"24px\" viewBox=\"0 -960 960 960\" width=\"24px\"><path d=\"M382-240 154-468l57-57 171 171 367-367 57 57-424 424Z\"><\/path><\/svg><\/span><span class=\"gb-headline-text\">Rabatte auf alle Geschenkgutscheine sind weiterhin mit <em>Mein Swibeco Kredit<\/em> oder jeder anderen Zahlungsmethode (VISA, Mastercard, TWINT) erh\u00e4ltlich.<\/span><\/p>\n\n<\/div><\/div>\n\n<div class=\"gb-grid-column gb-grid-column-5fc7fc5f\"><div class=\"gb-container gb-container-5fc7fc5f\">\n\n<div class=\"wp-block-cover is-light\" style=\"min-height:200px;aspect-ratio:unset;\"><video class=\"wp-block-cover__video-background intrinsic-ignore\" autoplay muted loop playsinline src=\"https:\/\/www.swibeco.ch\/wp-content\/uploads\/evolution2026Swipoints-DE.mp4\" data-object-fit=\"cover\"><\/video><span aria-hidden=\"true\" class=\"wp-block-cover__background has-background-dim-0 has-background-dim\" style=\"background-color:#FFF\"><\/span><div class=\"wp-block-cover__inner-container is-layout-constrained wp-block-cover-is-layout-constrained\">\n<p class=\"has-text-align-center has-large-font-size\"><\/p>\n<\/div><\/div>\n\n<\/div><\/div>\n<\/div>\n<\/div>\n<\/div>\n\n<div class=\"gb-container gb-container-60948923 alignfull\">\n<div class=\"gb-container gb-container-1ac477df\">\n<div class=\"gb-grid-wrapper gb-grid-wrapper-c7b02850\">\n<div class=\"gb-grid-column gb-grid-column-8006b9ea\"><div class=\"gb-container gb-container-8006b9ea\">\n\n<h3 class=\"gb-headline gb-headline-d5babe9d\"><span class=\"gb-icon\"><svg xmlns=\"http:\/\/www.w3.org\/2000\/svg\" viewBox=\"0 0 50 50\"><path d=\"M8.7 44.8V22.3H6.1V13h10.8c-.4-.4-.7-.8-.9-1.3s-.2-1-.2-1.6c0-1.4.5-2.6 1.5-3.5s2.1-1.5 3.5-1.5 1.5.2 2.2.6c.7.4 1.2.9 1.7 1.5.5-.6 1.1-1.1 1.7-1.5.7-.4 1.4-.6 2.2-.6 1.4 0 2.6.5 3.5 1.5 1 1 1.5 2.2 1.5 3.5s0 1.1-.2 1.6-.5.9-.9 1.3h11.2v9.3h-2.6v22.5H8.7Zm20-37.5c-.8 0-1.5.3-2.1.8s-.8 1.2-.8 2.1.3 1.5.8 2.1 1.2.8 2.1.8 1.5-.3 2.1-.8.8-1.2.8-2.1-.3-1.5-.8-2.1-1.2-.8-2.1-.8Zm-10.8 2.9c0 .8.3 1.5.8 2.1s1.2.8 2.1.8 1.5-.3 2.1-.8.8-1.2.8-2.1-.3-1.5-.8-2.1-1.2-.8-2.1-.8-1.5.3-2.1.8-.8 1.2-.8 2.1Zm-9.6 4.9v5.1H24v-5.1H8.3ZM24 42.7V22.3H10.9v20.4H24Zm2 0h13.1V22.3H26v20.4Zm15.7-22.5v-5.1H26v5.1h15.7Z\"><\/path><\/svg><\/span><span class=\"gb-headline-text\">Fokus auf <em>Geschenke<\/em><\/span><\/h3>\n\n\n\n<p>Ein Geburtstag, ein Jubil\u00e4um oder ein besonderer Erfolg \u2013 es gibt Momente im Leben, die gefeiert geh\u00f6ren. Ihr Arbeitgeber schenkt Ihnen daf\u00fcr einen Betrag, mit dem Sie diesen Augenblick geniessen k\u00f6nnen.<\/p>\n\n\n\n<p class=\"gb-headline gb-headline-59f9dca3 gb-headline-text\"><strong>So funktioniert es<\/strong>&nbsp;<\/p>\n\n\n\n<p>Verwenden Sie den Betrag in <em>The Selection<\/em> und w\u00e4hlen Sie etwas, das Ihnen wirklich Freude bereitet.<\/p>\n\n\n\n<p>Sie k\u00f6nnen Ihr <em>Geschenk <\/em>auch f\u00fcr andere Angebote auf der Plattform einl\u00f6sen. Dabei profitieren Sie allerdings nicht von den sonst \u00fcblichen Rabatten auf Gutscheine.<\/p>\n\n<\/div><\/div>\n\n<div class=\"gb-grid-column gb-grid-column-e8b0d38b\"><div class=\"gb-container gb-container-e8b0d38b\">\n\n<h3 class=\"gb-headline gb-headline-b04ddbb1\"><span class=\"gb-icon\"><svg xmlns=\"http:\/\/www.w3.org\/2000\/svg\" viewBox=\"0 0 45.582 49.759\" data-name=\"Calque 1\"><path d=\"M33.046 23.01a13 13 0 0 1-1.296-.29c-.743-.227-1.763-.492-2.741-.826l-1.862-.728a.5.5 0 0 1-.244-.245.516.516 0 0 1 .285-.671l1.82-.717c.98-.334 1.995-.598 2.742-.826.425-.118.863-.216 1.296-.29a2.13 2.13 0 0 0 1.796-2.421c-.182-1.156-1.284-1.946-2.456-1.771a2.18 2.18 0 0 0-1.346.765q-.422.508-.9.961c-.574.53-1.317 1.266-2.093 1.934l-1.593 1.237a.46.46 0 0 1-.257.094.515.515 0 0 1-.516-.505l.298-2.015c.202-1.002.475-2.007.648-2.752.107-.423.243-.838.396-1.25a2.113 2.113 0 0 0-1.226-2.743c-1.11-.424-2.353.122-2.782 1.209a2.08 2.08 0 0 0 0 1.526c.152.411.289.83.396 1.25.173.753.446 1.75.648 2.752l.293 1.958a.43.43 0 0 1-.07.277.527.527 0 0 1-.722.142c-.021-.008-.046-.02-.067-.02l-1.506-1.173c-.776-.667-1.524-1.4-2.093-1.93q-.479-.464-.9-.96a2.175 2.175 0 0 0-3.026-.322 2.1 2.1 0 0 0-.326 2.984 2.17 2.17 0 0 0 1.345.766q.657.11 1.297.289c.743.228 1.762.492 2.74.826l1.842.72q.152.06.24.2a.51.51 0 0 1-.224.688.1.1 0 0 0-.033.033l-1.816.712c-.978.334-1.994.598-2.741.826-.425.118-.863.216-1.296.29a2.123 2.123 0 0 0-1.788 2.425c.182 1.157 1.288 1.946 2.46 1.763.525-.082 1-.35 1.334-.757q.422-.509.9-.96c.574-.522 1.317-1.259 2.093-1.93l1.622-1.262a.44.44 0 0 1 .269-.065.51.51 0 0 1 .466.561v.017l-.289 1.933c-.202 1.002-.475 2.007-.648 2.752-.107.423-.244.839-.396 1.25a2.114 2.114 0 0 0 1.226 2.743c1.11.424 2.353-.122 2.782-1.209a2.07 2.07 0 0 0 0-1.526c-.152-.411-.289-.83-.396-1.25-.173-.753-.446-1.75-.648-2.752-.103-.72-.215-1.44-.306-2.064 0-.052.017-.101.033-.15a.527.527 0 0 1 .694-.24h.008l1.64 1.274c.775.667 1.522 1.4 2.092 1.93q.479.464.9.96a2.175 2.175 0 0 0 3.026.322 2.1 2.1 0 0 0 .326-2.984 2.2 2.2 0 0 0-1.35-.765\"><\/path><path class=\"cls-1\" d=\"M24.832 0c-11.46 0-20.75 9.29-20.75 20.75a1.36 1.36 0 1 0 2.722 0c0-9.957 8.071-18.029 18.028-18.029s18.029 8.072 18.029 18.029-8.072 18.029-18.029 18.029H5.652l5.198-5.2a1.398 1.398 0 0 0-1.977-1.976L0 40.476l8.873 8.874a1.398 1.398 0 1 0 1.977-1.977L4.977 41.5h19.855c11.46 0 20.75-9.29 20.75-20.75S36.292 0 24.832 0\"><\/path><\/svg><\/span><span class=\"gb-headline-text\"><strong><strong>Fokus auf <em>Mein Swibeco<\/em><\/strong> <em>Kredit<\/em>&nbsp;<\/strong><\/span><\/h3>\n\n\n\n<p>Sie sammeln dieses Geld \u00fcber Cashback auf Ihre Eink\u00e4ufe oder durch die Teilnahme an Swibeco-Wettbewerben.<\/p>\n\n\n\n<p class=\"gb-headline gb-headline-9accfcc3 gb-headline-text\"><strong>So funktioniert es<\/strong>&nbsp;<\/p>\n\n\n\n<p>Nutzen Sie den Betrag flexibel auf der Plattform und bezahlen Sie bequem mit TWINT, VISA oder Mastercard.<\/p>\n\n\n\n<p><em>Mein Swibeco Kredit<\/em> ist wie eine klassische Zahlungsmethode nutzbar. Sie k\u00f6nnen ihn mit anderen Zahlungsarten kombinieren und f\u00fcr alle Angebote mit dauerhaften Rabatten einsetzen.<\/p>\n\n<\/div><\/div>\n<\/div>\n<\/div>\n<\/div>\n\n<div class=\"gb-container gb-container-f43fa5da alignfull\">\n<div class=\"gb-container gb-container-1edca953\">\n<div class=\"gb-grid-wrapper gb-grid-wrapper-d89aea98\">\n<div class=\"gb-grid-column gb-grid-column-0e163264\"><div class=\"gb-container gb-container-0e163264\">\n\n<h2 class=\"gb-headline gb-headline-2bec2c15 gb-headline-text\"><mark class=\"gb-highlight\"><mark class=\"gb-highlight\"><strong>Ein neues Sortiment zum Verw\u00f6hnen<\/strong><\/mark><\/mark><\/h2>\n\n\n\n<p class=\"gb-headline gb-headline-53c0957f gb-headline-text\">Ihre Swibeco-Plattform wird durch die Einf\u00fchrung von <strong><em>The Selection<\/em> <\/strong>erweitert.&nbsp;<\/p>\n\n\n\n<p>Entdecken Sie eine einzigartige Kollektion an Produkten, Erlebnissen und Geschenkgutscheinen, die sorgf\u00e4ltig f\u00fcr Sie ausgew\u00e4hlt wurden: Reisen, Wellness, Gastronomie, Freizeit, Hightech und mehr.<\/p>\n\n\n\n<p>Sobald Sie \u00fcber ein Geschenkguthaben verf\u00fcgen haben Sie Zugang zu <em><strong>The Selection<\/strong><\/em> und k\u00f6nnen dort von Angeboten ab CHF 50.- profitieren. <\/p>\n\n\n\n<div style=\"height:20px\" aria-hidden=\"true\" class=\"wp-block-spacer\"><\/div>\n\n\n<div class=\"gb-grid-wrapper gb-grid-wrapper-af20ae07\">\n<div class=\"gb-grid-column gb-grid-column-817099d1\"><div class=\"gb-container gb-container-817099d1\">\n\n<figure class=\"gb-block-image gb-block-image-ac380d45\"><img loading=\"lazy\" decoding=\"async\" width=\"315\" height=\"348\" class=\"gb-image gb-image-ac380d45\" src=\"https:\/\/www.swibeco.ch\/wp-content\/uploads\/Gold-De.png\" alt=\"\" title=\"Gold - De\"\/><\/figure>\n\n<\/div><\/div>\n\n<div class=\"gb-grid-column gb-grid-column-cedf54a2\"><div class=\"gb-container gb-container-cedf54a2\">\n\n<figure class=\"gb-block-image gb-block-image-42f1ca99\"><img loading=\"lazy\" decoding=\"async\" width=\"315\" height=\"348\" class=\"gb-image gb-image-42f1ca99\" src=\"https:\/\/www.swibeco.ch\/wp-content\/uploads\/Golf-De.png\" alt=\"\" title=\"Golf - De\"\/><\/figure>\n\n<\/div><\/div>\n\n<div class=\"gb-grid-column gb-grid-column-16098974\"><div class=\"gb-container gb-container-16098974\">\n\n<figure class=\"gb-block-image gb-block-image-9baa499a\"><img loading=\"lazy\" decoding=\"async\" width=\"315\" height=\"348\" class=\"gb-image gb-image-9baa499a\" src=\"https:\/\/www.swibeco.ch\/wp-content\/uploads\/Hotel-De.png\" alt=\"\" title=\"Hotel - De\"\/><\/figure>\n\n<\/div><\/div>\n\n<div class=\"gb-grid-column gb-grid-column-d5f93815\"><div class=\"gb-container gb-container-d5f93815\">\n\n<figure class=\"gb-block-image gb-block-image-0ff44b5f\"><img loading=\"lazy\" decoding=\"async\" width=\"315\" height=\"348\" class=\"gb-image gb-image-0ff44b5f\" src=\"https:\/\/www.swibeco.ch\/wp-content\/uploads\/Wine-De.png\" alt=\"\" title=\"Wine - De\"\/><\/figure>\n\n<\/div><\/div>\n<\/div>\n\n\n<p class=\"gb-headline gb-headline-17ea64b8 gb-headline-text\"><em><em>Die Angebote sind unverbindlich und dienen der Orientierung.<\/em><\/em><\/p>\n\n<\/div><\/div>\n\n<div class=\"gb-grid-column gb-grid-column-a7cf487c\"><div class=\"gb-container gb-container-a7cf487c\">\n\n<p class=\"gb-headline gb-headline-7cff17d2 gb-headline-text\">Abonnieren Sie unseren Newsletter und erfahren Sie vom Launch von \u201eThe Selection\u201d und unseren Neuigkeiten.<\/p>\n\n\n\n<iframe aria-label='The Selection newsletter - DE' frameborder=\"0\" style=\"height:370px;width:99%;border:none;\" src='https:\/\/forms.zohopublic.eu\/swibeco\/form\/TheSelectionnewsletterDE\/formperma\/2IWclAaA57ByfANW_hWbLhx95g40RX3WyqekVLCyC60'><\/iframe>\n\n<\/div><\/div>\n<\/div>\n<\/div>\n<\/div>","protected":false},"excerpt":{"rendered":"<p>Ein neues Nutzererlebnis, mit dem Sie Ihre Vorteile noch einfacher und besser geniessen k\u00f6nnen.<\/p>\n","protected":false},"author":1,"featured_media":0,"parent":0,"menu_order":88,"comment_status":"closed","ping_status":"closed","template":"","meta":{"_acf_changed":false,"footnotes":""},"class_list":["post-46065","page","type-page","status-publish"],"acf":{"type_page":"lp_active"},"yoast_head":"<!-- This site is optimized with the Yoast SEO Premium plugin v27.4 (Yoast SEO v27.4) - https:\/\/yoast.com\/product\/yoast-seo-premium-wordpress\/ -->\n<title>Evolution 2026 | Swibeco<\/title>\n<meta name=\"robots\" content=\"index, follow, max-snippet:-1, max-image-preview:large, max-video-preview:-1\" \/>\n<link rel=\"canonical\" href=\"https:\/\/www.swibeco.ch\/de\/landepunkte\/\" \/>\n<meta property=\"og:locale\" content=\"de_DE\" \/>\n<meta property=\"og:type\" content=\"article\" \/>\n<meta property=\"og:title\" content=\"Evolution 2026\" \/>\n<meta property=\"og:description\" content=\"Ein neues Nutzererlebnis, mit dem Sie Ihre Vorteile noch einfacher und besser geniessen k\u00f6nnen.\" \/>\n<meta property=\"og:url\" content=\"https:\/\/www.swibeco.ch\/de\/landepunkte\/\" \/>\n<meta property=\"og:site_name\" content=\"Swibeco\" \/>\n<meta property=\"article:modified_time\" content=\"2025-12-22T12:39:46+00:00\" \/>\n<meta property=\"og:image\" content=\"https:\/\/www.swibeco.ch\/wp-content\/uploads\/swibeco-opengraph.jpg\" \/>\n<meta name=\"twitter:card\" content=\"summary_large_image\" \/>\n<meta name=\"twitter:label1\" content=\"Gesch\u00e4tzte Lesezeit\" \/>\n\t<meta name=\"twitter:data1\" content=\"3\u00a0Minuten\" \/>\n<script type=\"application\/ld+json\" class=\"yoast-schema-graph\">{\"@context\":\"https:\\\/\\\/schema.org\",\"@graph\":[{\"@type\":\"WebPage\",\"@id\":\"https:\\\/\\\/www.swibeco.ch\\\/de\\\/landepunkte\\\/\",\"url\":\"https:\\\/\\\/www.swibeco.ch\\\/de\\\/landepunkte\\\/\",\"name\":\"Evolution 2026 | Swibeco\",\"isPartOf\":{\"@id\":\"https:\\\/\\\/www.swibeco.ch\\\/de\\\/#website\"},\"primaryImageOfPage\":{\"@id\":\"https:\\\/\\\/www.swibeco.ch\\\/de\\\/landepunkte\\\/#primaryimage\"},\"image\":{\"@id\":\"https:\\\/\\\/www.swibeco.ch\\\/de\\\/landepunkte\\\/#primaryimage\"},\"thumbnailUrl\":\"https:\\\/\\\/www.swibeco.ch\\\/wp-content\\\/uploads\\\/Gold-De.png\",\"datePublished\":\"2025-11-04T16:04:25+00:00\",\"dateModified\":\"2025-12-22T12:39:46+00:00\",\"breadcrumb\":{\"@id\":\"https:\\\/\\\/www.swibeco.ch\\\/de\\\/landepunkte\\\/#breadcrumb\"},\"inLanguage\":\"de\",\"potentialAction\":[{\"@type\":\"ReadAction\",\"target\":[\"https:\\\/\\\/www.swibeco.ch\\\/de\\\/landepunkte\\\/\"]}]},{\"@type\":\"ImageObject\",\"inLanguage\":\"de\",\"@id\":\"https:\\\/\\\/www.swibeco.ch\\\/de\\\/landepunkte\\\/#primaryimage\",\"url\":\"https:\\\/\\\/www.swibeco.ch\\\/wp-content\\\/uploads\\\/Gold-De.png\",\"contentUrl\":\"https:\\\/\\\/www.swibeco.ch\\\/wp-content\\\/uploads\\\/Gold-De.png\"},{\"@type\":\"BreadcrumbList\",\"@id\":\"https:\\\/\\\/www.swibeco.ch\\\/de\\\/landepunkte\\\/#breadcrumb\",\"itemListElement\":[{\"@type\":\"ListItem\",\"position\":1,\"name\":\"Accueil\",\"item\":\"https:\\\/\\\/www.swibeco.ch\\\/de\\\/\"},{\"@type\":\"ListItem\",\"position\":2,\"name\":\"Evolution 2026\"}]},{\"@type\":\"WebSite\",\"@id\":\"https:\\\/\\\/www.swibeco.ch\\\/de\\\/#website\",\"url\":\"https:\\\/\\\/www.swibeco.ch\\\/de\\\/\",\"name\":\"Swibeco\",\"description\":\"Flexible Benefits for Real Impact\",\"publisher\":{\"@id\":\"https:\\\/\\\/www.swibeco.ch\\\/de\\\/#organization\"},\"potentialAction\":[{\"@type\":\"SearchAction\",\"target\":{\"@type\":\"EntryPoint\",\"urlTemplate\":\"https:\\\/\\\/www.swibeco.ch\\\/de\\\/?s={search_term_string}\"},\"query-input\":{\"@type\":\"PropertyValueSpecification\",\"valueRequired\":true,\"valueName\":\"search_term_string\"}}],\"inLanguage\":\"de\"},{\"@type\":\"Organization\",\"@id\":\"https:\\\/\\\/www.swibeco.ch\\\/de\\\/#organization\",\"name\":\"SWIBECO\",\"url\":\"https:\\\/\\\/www.swibeco.ch\\\/de\\\/\",\"logo\":{\"@type\":\"ImageObject\",\"inLanguage\":\"de\",\"@id\":\"https:\\\/\\\/www.swibeco.ch\\\/de\\\/#\\\/schema\\\/logo\\\/image\\\/\",\"url\":\"https:\\\/\\\/www.swibeco.ch\\\/wp-content\\\/uploads\\\/logo-swibeco.svg\",\"contentUrl\":\"https:\\\/\\\/www.swibeco.ch\\\/wp-content\\\/uploads\\\/logo-swibeco.svg\",\"width\":300,\"height\":110,\"caption\":\"SWIBECO\"},\"image\":{\"@id\":\"https:\\\/\\\/www.swibeco.ch\\\/de\\\/#\\\/schema\\\/logo\\\/image\\\/\"},\"sameAs\":[\"https:\\\/\\\/www.linkedin.com\\\/company\\\/swibeco\\\/\"]}]}<\/script>\n<!-- \/ Yoast SEO Premium plugin. -->","yoast_head_json":{"title":"Evolution 2026 | Swibeco","robots":{"index":"index","follow":"follow","max-snippet":"max-snippet:-1","max-image-preview":"max-image-preview:large","max-video-preview":"max-video-preview:-1"},"canonical":"https:\/\/www.swibeco.ch\/de\/landepunkte\/","og_locale":"de_DE","og_type":"article","og_title":"Evolution 2026","og_description":"Ein neues Nutzererlebnis, mit dem Sie Ihre Vorteile noch einfacher und besser geniessen k\u00f6nnen.","og_url":"https:\/\/www.swibeco.ch\/de\/landepunkte\/","og_site_name":"Swibeco","article_modified_time":"2025-12-22T12:39:46+00:00","og_image":[{"url":"https:\/\/www.swibeco.ch\/wp-content\/uploads\/swibeco-opengraph.jpg","type":"","width":"","height":""}],"twitter_card":"summary_large_image","twitter_misc":{"Gesch\u00e4tzte Lesezeit":"3\u00a0Minuten"},"schema":{"@context":"https:\/\/schema.org","@graph":[{"@type":"WebPage","@id":"https:\/\/www.swibeco.ch\/de\/landepunkte\/","url":"https:\/\/www.swibeco.ch\/de\/landepunkte\/","name":"Evolution 2026 | Swibeco","isPartOf":{"@id":"https:\/\/www.swibeco.ch\/de\/#website"},"primaryImageOfPage":{"@id":"https:\/\/www.swibeco.ch\/de\/landepunkte\/#primaryimage"},"image":{"@id":"https:\/\/www.swibeco.ch\/de\/landepunkte\/#primaryimage"},"thumbnailUrl":"https:\/\/www.swibeco.ch\/wp-content\/uploads\/Gold-De.png","datePublished":"2025-11-04T16:04:25+00:00","dateModified":"2025-12-22T12:39:46+00:00","breadcrumb":{"@id":"https:\/\/www.swibeco.ch\/de\/landepunkte\/#breadcrumb"},"inLanguage":"de","potentialAction":[{"@type":"ReadAction","target":["https:\/\/www.swibeco.ch\/de\/landepunkte\/"]}]},{"@type":"ImageObject","inLanguage":"de","@id":"https:\/\/www.swibeco.ch\/de\/landepunkte\/#primaryimage","url":"https:\/\/www.swibeco.ch\/wp-content\/uploads\/Gold-De.png","contentUrl":"https:\/\/www.swibeco.ch\/wp-content\/uploads\/Gold-De.png"},{"@type":"BreadcrumbList","@id":"https:\/\/www.swibeco.ch\/de\/landepunkte\/#breadcrumb","itemListElement":[{"@type":"ListItem","position":1,"name":"Accueil","item":"https:\/\/www.swibeco.ch\/de\/"},{"@type":"ListItem","position":2,"name":"Evolution 2026"}]},{"@type":"WebSite","@id":"https:\/\/www.swibeco.ch\/de\/#website","url":"https:\/\/www.swibeco.ch\/de\/","name":"Swibeco","description":"Flexible Benefits for Real Impact","publisher":{"@id":"https:\/\/www.swibeco.ch\/de\/#organization"},"potentialAction":[{"@type":"SearchAction","target":{"@type":"EntryPoint","urlTemplate":"https:\/\/www.swibeco.ch\/de\/?s={search_term_string}"},"query-input":{"@type":"PropertyValueSpecification","valueRequired":true,"valueName":"search_term_string"}}],"inLanguage":"de"},{"@type":"Organization","@id":"https:\/\/www.swibeco.ch\/de\/#organization","name":"SWIBECO","url":"https:\/\/www.swibeco.ch\/de\/","logo":{"@type":"ImageObject","inLanguage":"de","@id":"https:\/\/www.swibeco.ch\/de\/#\/schema\/logo\/image\/","url":"https:\/\/www.swibeco.ch\/wp-content\/uploads\/logo-swibeco.svg","contentUrl":"https:\/\/www.swibeco.ch\/wp-content\/uploads\/logo-swibeco.svg","width":300,"height":110,"caption":"SWIBECO"},"image":{"@id":"https:\/\/www.swibeco.ch\/de\/#\/schema\/logo\/image\/"},"sameAs":["https:\/\/www.linkedin.com\/company\/swibeco\/"]}]}},"_links":{"self":[{"href":"https:\/\/www.swibeco.ch\/de\/wp-json\/wp\/v2\/pages\/46065","targetHints":{"allow":["GET"]}}],"collection":[{"href":"https:\/\/www.swibeco.ch\/de\/wp-json\/wp\/v2\/pages"}],"about":[{"href":"https:\/\/www.swibeco.ch\/de\/wp-json\/wp\/v2\/types\/page"}],"author":[{"embeddable":true,"href":"https:\/\/www.swibeco.ch\/de\/wp-json\/wp\/v2\/users\/1"}],"replies":[{"embeddable":true,"href":"https:\/\/www.swibeco.ch\/de\/wp-json\/wp\/v2\/comments?post=46065"}],"version-history":[{"count":0,"href":"https:\/\/www.swibeco.ch\/de\/wp-json\/wp\/v2\/pages\/46065\/revisions"}],"wp:attachment":[{"href":"https:\/\/www.swibeco.ch\/de\/wp-json\/wp\/v2\/media?parent=46065"}],"curies":[{"name":"wp","href":"https:\/\/api.w.org\/{rel}","templated":true}]}}