{"id":46394,"date":"2025-11-24T11:33:49","date_gmt":"2025-11-24T10:33:49","guid":{"rendered":"https:\/\/www.swibeco.ch\/swibeco-netzwerk\/"},"modified":"2025-12-11T16:29:32","modified_gmt":"2025-12-11T15:29:32","slug":"swibeco-netzwerk","status":"publish","type":"page","link":"https:\/\/www.swibeco.ch\/de\/swibeco-netzwerk\/","title":{"rendered":"Swibeco-Netzwerk"},"content":{"rendered":"<div class=\"gb-container gb-container-7a180ece alignfull\">\n<div class=\"gb-container gb-container-fe5b51a6 banniere-bg\">\n<div class=\"gb-container gb-container-72e810eb\">\n<div class=\"gb-container gb-container-58a1bb3b\">\n\n<p>DAS SWIBECO-NETZWERK<\/p>\n\n\n\n<p class=\"gb-headline gb-headline-d579b78c gb-headline-text\">Wo k\u00f6nnen Sie Ihre Karte verwenden?<\/p>\n\n<\/div>\n\n\n<p class=\"gb-headline gb-headline-1b3ac773 gb-headline-text\">Fast \u00fcberall! Dank des Netzwerks &nbsp;<strong>Mit Ihrer VISA-Karte<\/strong> und Ihrer Swibeco-Karte k\u00f6nnen Sie in <strong>mehr als 130.000 Verkaufsstellen<\/strong> in der Schweiz bezahlen.<\/p>\n\n<\/div>\n<\/div>\n<\/div>\n\n<div class=\"gb-container gb-container-5b4d546a alignfull\" id=\"lunch\">\n<div class=\"gb-container gb-container-6850bd7a\">\n\n<h2 class=\"gb-headline gb-headline-731936e3 gb-headline-text\">Lunch<\/h2>\n\n\n\n<figure class=\"wp-block-table\"><table class=\"has-fixed-layout\"><tbody><tr><td><strong>Fleischlieferanten f\u00fcr Gefrier- und K\u00fchlr\u00e4ume<\/strong><strong><\/strong><\/td><td>Metzger, Anbieter von Spezialit\u00e4tenfleisch, Tiefk\u00fchlfleisch, Feinkostl\u00e4den<\/td><\/tr><tr><td><strong>S\u00fc\u00dfwaren-, Nuss- und Konfektgesch\u00e4fte<\/strong><strong><\/strong><\/td><td>S\u00fc\u00dfwarenl\u00e4den, Nussl\u00e4den, Konditoreien<\/td><\/tr><tr><td><strong>Molkereiprodukte-L\u00e4den<\/strong><strong><\/strong><\/td><td>Spezialisten f\u00fcr Milchprodukte, K\u00e4segesch\u00e4fte<\/td><\/tr><tr><td><strong>B\u00e4ckereien<\/strong><strong><\/strong><\/td><td>B\u00e4ckereien, Konditoreien, Brot- und Backwarengesch\u00e4fte<\/td><\/tr><tr><td><strong>Verschiedene Lebensmittelgesch\u00e4fte und Feinkostl\u00e4den <\/strong><strong><\/strong><\/td><td>Feinkostl\u00e4den, Imbissbuden, Anbieter von Fertiggerichten<\/td><\/tr><tr><td><strong>Caterer<\/strong><strong><\/strong><\/td><td>Catering-Services, Essenslieferanten<\/td><\/tr><tr><td><strong>Esslokale &amp; Restaurants<\/strong><strong><\/strong><\/td><td>Restaurants, Caf\u00e9s, Gastst\u00e4tten mit Bedienung, Schnellrestaurants<\/td><\/tr><tr><td><strong>Schnellrestaurants<\/strong><strong><\/strong><\/td><td>Schnellrestaurants, Fast-Food-Ketten<\/td><\/tr><\/tbody><\/table><\/figure>\n\n<\/div>\n<\/div>\n\n<div class=\"gb-container gb-container-febd8f8b alignfull\" id=\"nachhaltigemobilitat\">\n<div class=\"gb-container gb-container-ab349ff6\">\n\n<h2 class=\"gb-headline gb-headline-8c7692d1 gb-headline-text\">Nachhaltige Mobilit\u00e4t<\/h2>\n\n\n\n<figure class=\"wp-block-table\"><table class=\"has-fixed-layout\"><tbody><tr><td><strong>Nah- und \u00dcberland-Pendlerverkehr<\/strong><strong><\/strong><\/td><td>St\u00e4dtische Elektrobusse, regionale Pendlerdienste, umweltfreundliche Stadtverkehrsl\u00f6sungen<\/td><\/tr><tr><td><strong>Personenbahnen<\/strong><strong><\/strong><\/td><td>SBB\/CFF-Fahrkarten f\u00fcr den \u00f6ffentlichen Nahverkehr, Bahnabonnements<\/td><\/tr><tr><td><strong>Taxis und Limousinen<\/strong><strong><\/strong><\/td><td>Elektrotaxis und nachhaltige Mobilit\u00e4tsl\u00f6sungen<\/td><\/tr><tr><td><strong>Buslinien<\/strong><strong><\/strong><\/td><td>Busunternehmen, die elektrische oder Hybrid-Transporte anbieten<\/td><\/tr><tr><td><strong><strong><strong>Mautgeb\u00fchren, Stra\u00dfen- und Br\u00fcckengeb\u00fchren<\/strong><\/strong><\/strong><\/td><td>Mautgeb\u00fchren, Stra\u00dfen- und Br\u00fcckengeb\u00fchren. Auch Navigo in Frankreich geh\u00f6rt zu dieser Kategorie. <\/td><\/tr><tr><td><strong>Transportdienstleistungen (nicht anderweitig klassifiziert)<\/strong><strong><\/strong><\/td><td>Unternehmen, die Personenbef\u00f6rderungsdienste anbieten, die nicht anderweitig klassifiziert sind. Zu diesen Dienstleistungen geh\u00f6ren Bef\u00f6rderungen mit Pferdekutschen, Fahrradtaxis, Seilbahnen, Flughafentransfers und Seilbahnen. Die SBB-App geh\u00f6rt zu dieser Kategorie.  <\/td><\/tr><tr><td><strong>Ladestationen f\u00fcr Elektrofahrzeuge<\/strong><strong><\/strong><\/td><td>Ladestationen f\u00fcr Elektrofahrzeuge<\/td><\/tr><tr><td><strong>Fahrradl\u00e4den<\/strong><strong><\/strong><\/td><td>E-Bikes, Fahrradzubeh\u00f6r, nachhaltige Pendlerausr\u00fcstung<\/td><\/tr><tr><td><strong>Parkpl\u00e4tze, Parkuhren und Parkh\u00e4user<\/strong><strong><\/strong><\/td><td>Parken<\/td><\/tr><\/tbody><\/table><\/figure>\n\n<\/div>\n<\/div>\n\n<div class=\"gb-container gb-container-89637d50 alignfull\" id=\"mobilitat\">\n<div class=\"gb-container gb-container-f106c622\">\n\n<h2 class=\"gb-headline gb-headline-b7d14390 gb-headline-text\">Mobilit\u00e4t<\/h2>\n\n\n\n<figure class=\"wp-block-table\"><table class=\"has-fixed-layout\"><tbody><tr><td><strong>Transportdienstleistungen (nicht anderweitig klassifiziert)<\/strong><\/td><\/tr><tr><td><strong>Taxis und Limousinen<\/strong><\/td><\/tr><tr><td><strong>Automatische Zapfs\u00e4ulen<\/strong><\/td><\/tr><tr><td><strong>Parkpl\u00e4tze, Parkuhren und Parkh\u00e4user<\/strong><\/td><\/tr><tr><td><strong>Tankstellen (mit oder ohne Zusatzleistungen)<\/strong><\/td><\/tr><tr><td><strong>Personenbahnen<\/strong><\/td><\/tr><tr><td><strong>Fahrradl\u00e4den, Reparaturdienste und Zubeh\u00f6r<\/strong><\/td><\/tr><tr><td><strong>Autoteile- und Zubeh\u00f6rgesch\u00e4fte<\/strong><\/td><\/tr><tr><td><strong>Autovermietungen (anderweitig nicht klassifiziert)<\/strong><\/td><\/tr><tr><td><strong>Ladestationen f\u00fcr Elektrofahrzeuge<\/strong><\/td><\/tr><tr><td><strong>Nah- und \u00dcberland-Pendlerverkehr<\/strong><\/td><\/tr><tr><td><strong>Mautgeb\u00fchren und Br\u00fcckengeb\u00fchren<\/strong><\/td><\/tr><tr><td><strong>Buslinien<\/strong><\/td><\/tr><\/tbody><\/table><\/figure>\n\n<\/div>\n<\/div>\n\n<div class=\"gb-container gb-container-7ac65365 alignfull\" id=\"gesundheit\">\n<div class=\"gb-container gb-container-9e1c7eab\">\n\n<h2 class=\"gb-headline gb-headline-31333a1f gb-headline-text\">Gesundheit &amp; Wellness<\/h2>\n\n\n\n<figure class=\"wp-block-table\"><table class=\"has-fixed-layout\"><tbody><tr><td><strong>Drogen, Apothekenbesitzer und Apothekerbedarf<\/strong><strong><\/strong><\/td><td>Nahrungserg\u00e4nzungsmittel, Vitamine, Ern\u00e4hrungsl\u00e4den<\/td><\/tr><tr><td><strong>Drogerien und Apotheken<\/strong><strong><\/strong><\/td><td>Apotheken, Einzelh\u00e4ndler f\u00fcr Gesundheitsprodukte<\/td><\/tr><tr><td><strong>Kosmetikgesch\u00e4fte<\/strong><strong><\/strong><\/td><td>Wellness-Boutiquen, Hautpflegegesch\u00e4fte, Kosmetikfachgesch\u00e4fte<\/td><\/tr><tr><td><strong>Friseur- und Sch\u00f6nheitssalons<\/strong><strong><\/strong><\/td><td>Friseursalons, Barbershops (optional, falls Wellness-bezogen)<\/td><\/tr><tr><td><strong>Massagesalons<\/strong><strong><\/strong><\/td><td>Massagetherapeuten, professionelle Massagedienstleistungen<\/td><\/tr><tr><td><strong>Wellness- und Sch\u00f6nheits-Spas<\/strong><strong><\/strong><\/td><td>Spas, Wellness-Resorts, Therapiestudios<\/td><\/tr><tr><td><strong>Kommerzielle Sportanlagen, Sportpl\u00e4tze und Sportvereine<\/strong><strong><\/strong><\/td><td>Tennisclubs, Golfclubs, Sportverb\u00e4nde<\/td><\/tr><tr><td><strong>Touristische Attraktionen und Ausstellungen (nur mit Bezug zu Wellness)<\/strong><strong><\/strong><\/td><td>Wellness-Retreats, Spas mit \u00dcbernachtungspaketen<\/td><\/tr><tr><td><strong>Golfpl\u00e4tze<\/strong><strong><\/strong><\/td><td>Golfpl\u00e4tze, Driving Ranges<\/td><\/tr><tr><td><strong>Mitgliedschaftsclubs (Sport-, Freizeit- und Gesundheitsclubs)<\/strong><strong><\/strong><\/td><td>Fitnessclubs, Fitnessstudios, Gesundheitszentren, Yoga- und Pilatesclubs<\/td><\/tr><tr><td><strong>\u00c4rzte (Allgemeinmediziner und Fach\u00e4rzte)<\/strong><strong><\/strong><\/td><td>Arztpraxen, Arztbesuche, Facharztkonsultationen<\/td><\/tr><tr><td><strong>Zahn\u00e4rzte und Kieferorthop\u00e4den<\/strong><strong><\/strong><\/td><td>Zahnkliniken, kieferorthop\u00e4dische Versorgung<\/td><\/tr><tr><td><strong>Osteopathische \u00c4rzte<\/strong><strong><\/strong><\/td><td>Osteopathie-Kliniken, osteopathische Behandlungen<\/td><\/tr><tr><td><strong>Chiropraktiker<\/strong><strong><\/strong><\/td><td>Chiropraktische Leistungen, Spezialisten f\u00fcr Wirbels\u00e4ulenkorrektur<\/td><\/tr><tr><td><strong>Optometristen und Augen\u00e4rzte<\/strong><strong><\/strong><\/td><td>Augen\u00e4rzte, augen\u00e4rztliche Praxen<\/td><\/tr><tr><td><strong>Optiker, optische Produkte &amp; Brillen<\/strong><strong><\/strong><\/td><td>Korrektionsbrillen, Kontaktlinsen, optische Produkte<\/td><\/tr><tr><td><strong>Fu\u00dfpfleger und Podologen<\/strong><strong><\/strong><\/td><td>Fu\u00dfpflegedienste, podologische Kliniken<\/td><\/tr><tr><td><strong>Pflege- und Betreuungseinrichtungen<\/strong><strong><\/strong><\/td><td>H\u00e4usliche Krankenpflege, Anbieter pers\u00f6nlicher Gesundheitsunterst\u00fctzung<\/td><\/tr><tr><td><strong>Krankenh\u00e4user<\/strong><strong><\/strong><\/td><td>Kliniken, Krankenh\u00e4user, station\u00e4re und ambulante Versorgung<\/td><\/tr><tr><td><strong>Medizinische und zahnmedizinische Labore<\/strong><strong><\/strong><\/td><td>Labortests, medizinische Diagnostik<\/td><\/tr><tr><td><strong>Medizinische Dienstleistungen und Gesundheitsfachkr\u00e4fte (Sonstige)<\/strong><strong><\/strong><\/td><td>Ern\u00e4hrungswissenschaftler, Therapeuten, Psychologen, Berater<\/td><\/tr><\/tbody><\/table><\/figure>\n\n<\/div>\n<\/div>\n\n<div class=\"gb-container gb-container-17906eb1 alignfull\" id=\"hobbys\">\n<div class=\"gb-container gb-container-2b08fd22\">\n\n<h2 class=\"gb-headline gb-headline-45113a8a gb-headline-text\">Freizeit<\/h2>\n\n\n\n<figure class=\"wp-block-table\"><table class=\"has-fixed-layout\"><tbody><tr><td><strong>Personenz\u00fcge, Nah- und \u00dcberlandverkehr, einschlie\u00dflich F\u00e4hren<\/strong><\/td><\/tr><tr><td><strong>Personenbahnen<\/strong><\/td><\/tr><tr><td><strong>Taxis und Limousinen<\/strong><\/td><\/tr><tr><td><strong>Buslinien<\/strong><\/td><\/tr><tr><td><strong>Kreuzfahrtlinien<\/strong><\/td><\/tr><tr><td><strong>Bootsleasing und Bootsvermietung<\/strong><\/td><\/tr><tr><td><strong>Yachth\u00e4fen, Schiffsdienstleistungen\/-bedarf<\/strong><\/td><\/tr><tr><td><strong>Fluggesellschaften, Luftfahrtunternehmen (nicht anderweitig klassifiziert)<\/strong><\/td><\/tr><tr><td><strong>Reiseb\u00fcros und Reiseveranstalter<\/strong><\/td><\/tr><tr><td><strong>Mautgeb\u00fchren und Br\u00fcckengeb\u00fchren<\/strong><\/td><\/tr><tr><td><strong>Transportdienstleistungen (NEC)<\/strong><\/td><\/tr><tr><td><strong>Fleischlieferanten f\u00fcr Gefrier- und K\u00fchlr\u00e4ume<\/strong><\/td><\/tr><tr><td><strong>S\u00fc\u00dfwaren-, Nuss- und Konfektgesch\u00e4fte<\/strong><\/td><\/tr><tr><td><strong>Molkereiprodukte-L\u00e4den<\/strong><\/td><\/tr><tr><td><strong>B\u00e4ckereien<\/strong><\/td><\/tr><tr><td><strong>Sonstige Lebensmittelgesch\u00e4fte \u2013 Lebensmittell\u00e4den und Spezialit\u00e4tenm\u00e4rkte<\/strong><\/td><\/tr><tr><td><strong>Tankstellen (mit oder ohne Zusatzleistungen)<\/strong><\/td><\/tr><tr><td><strong>Automatische Zapfs\u00e4ulen<\/strong><\/td><\/tr><tr><td><strong>Laden von Elektrofahrzeugen<\/strong><\/td><\/tr><tr><td><strong>Sportbekleidungs- und Reitbekleidungsgesch\u00e4fte<\/strong><\/td><\/tr><tr><td><strong>Caterer<\/strong><\/td><\/tr><tr><td><strong>Esslokale und Restaurants<\/strong><\/td><\/tr><tr><td><strong>Trinklokale (alkoholische Getr\u00e4nke) \u2013 Bars, Tavernen, Nachtclubs, Cocktail-Lounges und Diskotheken<\/strong><\/td><\/tr><tr><td><strong>Schnellrestaurants<\/strong><\/td><\/tr><tr><td><strong>Fahrradgesch\u00e4fte \u2013 Verkauf und Service<\/strong><\/td><\/tr><tr><td><strong>Sportartikelgesch\u00e4fte<\/strong><\/td><\/tr><tr><td><strong>Hotels, Motels und Resorts<\/strong><\/td><\/tr><tr><td><strong>Sport- und Freizeitcamps<\/strong><\/td><\/tr><tr><td><strong>Autovermietung<\/strong><\/td><\/tr><tr><td><strong>LKW- und Anh\u00e4ngervermietung<\/strong><\/td><\/tr><tr><td><strong>Parkpl\u00e4tze, Parkuhren und Parkh\u00e4user<\/strong><\/td><\/tr><tr><td><strong>Autoparkpl\u00e4tze und Parkh\u00e4user<\/strong><\/td><\/tr><tr><td><strong>Express-Zahlungsdienste f\u00fcr Parkpl\u00e4tze und Parkh\u00e4user<\/strong><\/td><\/tr><tr><td><strong>Autokarosseriewerkst\u00e4tten<\/strong><\/td><\/tr><tr><td><strong>Reifenrunderneuerungs- und Reparaturwerkst\u00e4tten<\/strong><\/td><\/tr><tr><td><strong>Autolackierereien<\/strong><\/td><\/tr><tr><td><strong>Kfz-Werkst\u00e4tten (Nicht-Vertragsh\u00e4ndler)<\/strong><\/td><\/tr><tr><td><strong>Autowaschanlagen<\/strong><\/td><\/tr><tr><td><strong>Abschleppdienste<\/strong><\/td><\/tr><tr><td><strong>Kinos<\/strong><\/td><\/tr><tr><td><strong>Theaterproduzenten (au\u00dfer Spielfilme), Ticketagenturen<\/strong><\/td><\/tr><tr><td><strong>Bands, Orchester und sonstige Unterhaltungsk\u00fcnstler<\/strong><\/td><\/tr><tr><td><strong>Kommerzieller Sport, professionelle Sportvereine, Sportpl\u00e4tze und Sportveranstalter<\/strong><\/td><\/tr><tr><td><strong>Touristische Attraktionen und Ausstellungen<\/strong><\/td><\/tr><tr><td><strong>\u00d6ffentliche Golfpl\u00e4tze<\/strong><\/td><\/tr><tr><td><strong>Vergn\u00fcgungsparks, Jahrm\u00e4rkte<\/strong><\/td><\/tr><tr><td><strong>Mitgliedschaftsclubs (Sport, Freizeit, Leichtathletik), Country Clubs und private Golfpl\u00e4tze<\/strong><\/td><\/tr><tr><td><strong>Aquarien, Zoos, Botanische G\u00e4rten<\/strong><\/td><\/tr><\/tbody><\/table><\/figure>\n\n<\/div>\n<\/div>","protected":false},"excerpt":{"rendered":"<p>DAS SWIBECO-NETZWERK Wo k\u00f6nnen Sie Ihre Karte verwenden? Fast \u00fcberall! Dank des Netzwerks &nbsp;Mit Ihrer VISA-Karte und Ihrer Swibeco-Karte k\u00f6nnen Sie in mehr als 130.000 Verkaufsstellen in der Schweiz bezahlen. Lunch Fleischlieferanten f\u00fcr Gefrier- und K\u00fchlr\u00e4ume Metzger, Anbieter von Spezialit\u00e4tenfleisch, Tiefk\u00fchlfleisch, Feinkostl\u00e4den S\u00fc\u00dfwaren-, Nuss- und Konfektgesch\u00e4fte S\u00fc\u00dfwarenl\u00e4den, Nussl\u00e4den, Konditoreien Molkereiprodukte-L\u00e4den Spezialisten f\u00fcr Milchprodukte, K\u00e4segesch\u00e4fte B\u00e4ckereien &#8230; <a title=\"Swibeco-Netzwerk\" class=\"read-more\" href=\"https:\/\/www.swibeco.ch\/de\/swibeco-netzwerk\/\" aria-label=\"Mehr Informationen \u00fcber Swibeco-Netzwerk\">Lire plus<\/a><\/p>\n","protected":false},"author":1,"featured_media":0,"parent":0,"menu_order":9,"comment_status":"closed","ping_status":"closed","template":"","meta":{"_acf_changed":false,"footnotes":""},"class_list":["post-46394","page","type-page","status-publish"],"acf":{"type_page":"autre"},"yoast_head":"<!-- This site is optimized with the Yoast SEO Premium plugin v27.1 (Yoast SEO v27.2) - https:\/\/yoast.com\/product\/yoast-seo-premium-wordpress\/ -->\n<title>Swibeco-Netzwerk | Swibeco<\/title>\n<meta name=\"robots\" content=\"index, follow, max-snippet:-1, max-image-preview:large, max-video-preview:-1\" \/>\n<link rel=\"canonical\" href=\"https:\/\/www.swibeco.ch\/de\/swibeco-netzwerk\/\" \/>\n<meta property=\"og:locale\" content=\"de_DE\" \/>\n<meta property=\"og:type\" content=\"article\" \/>\n<meta property=\"og:title\" content=\"Swibeco-Netzwerk\" \/>\n<meta property=\"og:description\" content=\"DAS SWIBECO-NETZWERK Wo k\u00f6nnen Sie Ihre Karte verwenden? Fast \u00fcberall! Dank des Netzwerks &nbsp;Mit Ihrer VISA-Karte und Ihrer Swibeco-Karte k\u00f6nnen Sie in mehr als 130.000 Verkaufsstellen in der Schweiz bezahlen. Lunch Fleischlieferanten f\u00fcr Gefrier- und K\u00fchlr\u00e4ume Metzger, Anbieter von Spezialit\u00e4tenfleisch, Tiefk\u00fchlfleisch, Feinkostl\u00e4den S\u00fc\u00dfwaren-, Nuss- und Konfektgesch\u00e4fte S\u00fc\u00dfwarenl\u00e4den, Nussl\u00e4den, Konditoreien Molkereiprodukte-L\u00e4den Spezialisten f\u00fcr Milchprodukte, K\u00e4segesch\u00e4fte B\u00e4ckereien ... Lire plus\" \/>\n<meta property=\"og:url\" content=\"https:\/\/www.swibeco.ch\/de\/swibeco-netzwerk\/\" \/>\n<meta property=\"og:site_name\" content=\"Swibeco\" \/>\n<meta property=\"article:modified_time\" content=\"2025-12-11T15:29:32+00:00\" \/>\n<meta property=\"og:image\" content=\"https:\/\/www.swibeco.ch\/wp-content\/uploads\/swibeco-opengraph.jpg\" \/>\n\t<meta property=\"og:image:width\" content=\"1200\" \/>\n\t<meta property=\"og:image:height\" content=\"675\" \/>\n\t<meta property=\"og:image:type\" content=\"image\/jpeg\" \/>\n<meta name=\"twitter:card\" content=\"summary_large_image\" \/>\n<meta name=\"twitter:label1\" content=\"Gesch\u00e4tzte Lesezeit\" \/>\n\t<meta name=\"twitter:data1\" content=\"3\u00a0Minuten\" \/>\n<script type=\"application\/ld+json\" class=\"yoast-schema-graph\">{\"@context\":\"https:\/\/schema.org\",\"@graph\":[{\"@type\":\"WebPage\",\"@id\":\"https:\/\/www.swibeco.ch\/de\/swibeco-netzwerk\/\",\"url\":\"https:\/\/www.swibeco.ch\/de\/swibeco-netzwerk\/\",\"name\":\"Swibeco-Netzwerk | Swibeco\",\"isPartOf\":{\"@id\":\"https:\/\/www.swibeco.ch\/de\/#website\"},\"datePublished\":\"2025-11-24T10:33:49+00:00\",\"dateModified\":\"2025-12-11T15:29:32+00:00\",\"breadcrumb\":{\"@id\":\"https:\/\/www.swibeco.ch\/de\/swibeco-netzwerk\/#breadcrumb\"},\"inLanguage\":\"de\",\"potentialAction\":[{\"@type\":\"ReadAction\",\"target\":[\"https:\/\/www.swibeco.ch\/de\/swibeco-netzwerk\/\"]}]},{\"@type\":\"BreadcrumbList\",\"@id\":\"https:\/\/www.swibeco.ch\/de\/swibeco-netzwerk\/#breadcrumb\",\"itemListElement\":[{\"@type\":\"ListItem\",\"position\":1,\"name\":\"Accueil\",\"item\":\"https:\/\/www.swibeco.ch\/de\/\"},{\"@type\":\"ListItem\",\"position\":2,\"name\":\"Swibeco-Netzwerk\"}]},{\"@type\":\"WebSite\",\"@id\":\"https:\/\/www.swibeco.ch\/de\/#website\",\"url\":\"https:\/\/www.swibeco.ch\/de\/\",\"name\":\"Swibeco\",\"description\":\"Flexible Benefits for Real Impact\",\"publisher\":{\"@id\":\"https:\/\/www.swibeco.ch\/de\/#organization\"},\"potentialAction\":[{\"@type\":\"SearchAction\",\"target\":{\"@type\":\"EntryPoint\",\"urlTemplate\":\"https:\/\/www.swibeco.ch\/de\/?s={search_term_string}\"},\"query-input\":{\"@type\":\"PropertyValueSpecification\",\"valueRequired\":true,\"valueName\":\"search_term_string\"}}],\"inLanguage\":\"de\"},{\"@type\":\"Organization\",\"@id\":\"https:\/\/www.swibeco.ch\/de\/#organization\",\"name\":\"SWIBECO\",\"url\":\"https:\/\/www.swibeco.ch\/de\/\",\"logo\":{\"@type\":\"ImageObject\",\"inLanguage\":\"de\",\"@id\":\"https:\/\/www.swibeco.ch\/de\/#\/schema\/logo\/image\/\",\"url\":\"https:\/\/www.swibeco.ch\/wp-content\/uploads\/logo-swibeco.svg\",\"contentUrl\":\"https:\/\/www.swibeco.ch\/wp-content\/uploads\/logo-swibeco.svg\",\"width\":300,\"height\":110,\"caption\":\"SWIBECO\"},\"image\":{\"@id\":\"https:\/\/www.swibeco.ch\/de\/#\/schema\/logo\/image\/\"},\"sameAs\":[\"https:\/\/www.linkedin.com\/company\/swibeco\/\"]}]}<\/script>\n<!-- \/ Yoast SEO Premium plugin. -->","yoast_head_json":{"title":"Swibeco-Netzwerk | Swibeco","robots":{"index":"index","follow":"follow","max-snippet":"max-snippet:-1","max-image-preview":"max-image-preview:large","max-video-preview":"max-video-preview:-1"},"canonical":"https:\/\/www.swibeco.ch\/de\/swibeco-netzwerk\/","og_locale":"de_DE","og_type":"article","og_title":"Swibeco-Netzwerk","og_description":"DAS SWIBECO-NETZWERK Wo k\u00f6nnen Sie Ihre Karte verwenden? Fast \u00fcberall! Dank des Netzwerks &nbsp;Mit Ihrer VISA-Karte und Ihrer Swibeco-Karte k\u00f6nnen Sie in mehr als 130.000 Verkaufsstellen in der Schweiz bezahlen. Lunch Fleischlieferanten f\u00fcr Gefrier- und K\u00fchlr\u00e4ume Metzger, Anbieter von Spezialit\u00e4tenfleisch, Tiefk\u00fchlfleisch, Feinkostl\u00e4den S\u00fc\u00dfwaren-, Nuss- und Konfektgesch\u00e4fte S\u00fc\u00dfwarenl\u00e4den, Nussl\u00e4den, Konditoreien Molkereiprodukte-L\u00e4den Spezialisten f\u00fcr Milchprodukte, K\u00e4segesch\u00e4fte B\u00e4ckereien ... Lire plus","og_url":"https:\/\/www.swibeco.ch\/de\/swibeco-netzwerk\/","og_site_name":"Swibeco","article_modified_time":"2025-12-11T15:29:32+00:00","og_image":[{"width":1200,"height":675,"url":"https:\/\/www.swibeco.ch\/wp-content\/uploads\/swibeco-opengraph.jpg","type":"image\/jpeg"}],"twitter_card":"summary_large_image","twitter_misc":{"Gesch\u00e4tzte Lesezeit":"3\u00a0Minuten"},"schema":{"@context":"https:\/\/schema.org","@graph":[{"@type":"WebPage","@id":"https:\/\/www.swibeco.ch\/de\/swibeco-netzwerk\/","url":"https:\/\/www.swibeco.ch\/de\/swibeco-netzwerk\/","name":"Swibeco-Netzwerk | Swibeco","isPartOf":{"@id":"https:\/\/www.swibeco.ch\/de\/#website"},"datePublished":"2025-11-24T10:33:49+00:00","dateModified":"2025-12-11T15:29:32+00:00","breadcrumb":{"@id":"https:\/\/www.swibeco.ch\/de\/swibeco-netzwerk\/#breadcrumb"},"inLanguage":"de","potentialAction":[{"@type":"ReadAction","target":["https:\/\/www.swibeco.ch\/de\/swibeco-netzwerk\/"]}]},{"@type":"BreadcrumbList","@id":"https:\/\/www.swibeco.ch\/de\/swibeco-netzwerk\/#breadcrumb","itemListElement":[{"@type":"ListItem","position":1,"name":"Accueil","item":"https:\/\/www.swibeco.ch\/de\/"},{"@type":"ListItem","position":2,"name":"Swibeco-Netzwerk"}]},{"@type":"WebSite","@id":"https:\/\/www.swibeco.ch\/de\/#website","url":"https:\/\/www.swibeco.ch\/de\/","name":"Swibeco","description":"Flexible Benefits for Real Impact","publisher":{"@id":"https:\/\/www.swibeco.ch\/de\/#organization"},"potentialAction":[{"@type":"SearchAction","target":{"@type":"EntryPoint","urlTemplate":"https:\/\/www.swibeco.ch\/de\/?s={search_term_string}"},"query-input":{"@type":"PropertyValueSpecification","valueRequired":true,"valueName":"search_term_string"}}],"inLanguage":"de"},{"@type":"Organization","@id":"https:\/\/www.swibeco.ch\/de\/#organization","name":"SWIBECO","url":"https:\/\/www.swibeco.ch\/de\/","logo":{"@type":"ImageObject","inLanguage":"de","@id":"https:\/\/www.swibeco.ch\/de\/#\/schema\/logo\/image\/","url":"https:\/\/www.swibeco.ch\/wp-content\/uploads\/logo-swibeco.svg","contentUrl":"https:\/\/www.swibeco.ch\/wp-content\/uploads\/logo-swibeco.svg","width":300,"height":110,"caption":"SWIBECO"},"image":{"@id":"https:\/\/www.swibeco.ch\/de\/#\/schema\/logo\/image\/"},"sameAs":["https:\/\/www.linkedin.com\/company\/swibeco\/"]}]}},"_links":{"self":[{"href":"https:\/\/www.swibeco.ch\/de\/wp-json\/wp\/v2\/pages\/46394","targetHints":{"allow":["GET"]}}],"collection":[{"href":"https:\/\/www.swibeco.ch\/de\/wp-json\/wp\/v2\/pages"}],"about":[{"href":"https:\/\/www.swibeco.ch\/de\/wp-json\/wp\/v2\/types\/page"}],"author":[{"embeddable":true,"href":"https:\/\/www.swibeco.ch\/de\/wp-json\/wp\/v2\/users\/1"}],"replies":[{"embeddable":true,"href":"https:\/\/www.swibeco.ch\/de\/wp-json\/wp\/v2\/comments?post=46394"}],"version-history":[{"count":8,"href":"https:\/\/www.swibeco.ch\/de\/wp-json\/wp\/v2\/pages\/46394\/revisions"}],"predecessor-version":[{"id":46676,"href":"https:\/\/www.swibeco.ch\/de\/wp-json\/wp\/v2\/pages\/46394\/revisions\/46676"}],"wp:attachment":[{"href":"https:\/\/www.swibeco.ch\/de\/wp-json\/wp\/v2\/media?parent=46394"}],"curies":[{"name":"wp","href":"https:\/\/api.w.org\/{rel}","templated":true}]}}