{"id":47005,"date":"2026-01-06T10:09:39","date_gmt":"2026-01-06T09:09:39","guid":{"rendered":"https:\/\/www.swibeco.ch\/mon-credit-swibeco\/"},"modified":"2026-01-12T16:23:35","modified_gmt":"2026-01-12T15:23:35","slug":"mein-swibeco-kredit","status":"publish","type":"page","link":"https:\/\/www.swibeco.ch\/de\/mein-swibeco-kredit\/","title":{"rendered":"Mein Swibeco Kredit\u00a0"},"content":{"rendered":"<div class=\"gb-container gb-container-7a180ece alignfull\">\n<div class=\"gb-container gb-container-fe5b51a6 banniere-bg\">\n<div class=\"gb-container gb-container-72e810eb\">\n<div class=\"gb-container gb-container-58a1bb3b\">\n\n<p class=\"gb-headline gb-headline-8ad563e4 gb-headline-text\">Mein Swibeco Kredit&nbsp;<br><strong>Alles, was Sie wissen m\u00fcssen<\/strong>&nbsp;<\/p>\n\n<\/div>\n<\/div>\n<\/div>\n<\/div>\n\n<div class=\"gb-container gb-container-39e6bd87 bg-half-container desktopcreditDE alignfull\">\n<div class=\"gb-container gb-container-d59c5818\">\n<div class=\"gb-container gb-container-85083e78\">\n\n<h2 class=\"gb-headline gb-headline-7a5eb30f gb-headline-text\"><mark class=\"gb-highlight\"><strong>Was ist <em>Mein Swibeco Kredit?<\/em><\/strong>&nbsp;<\/mark><\/h2>\n\n\n\n<p class=\"gb-headline gb-headline-ca61f8ef gb-headline-text\"><strong><em>Mein Swibeco Kredit<\/em> ist ein Budget, das Sie als Zahlungsmittel auf der Swibeco-Plattform verwenden k\u00f6nnen. Es kann mit den klassischen Zahlungsmethoden kombiniert werden: TWINT, VISA und Mastercard.\u00a0<\/strong><\/p>\n\n\n\n<p class=\"gb-headline gb-headline-dbc1a4b6\"><span class=\"gb-icon\"><svg viewBox=\"0 0 54.29 52.66\" xmlns=\"http:\/\/www.w3.org\/2000\/svg\">\n  <path d=\"M30.9 41.53a24.54 24.54 0 0 1-.74-2.37c-.33-1.43-.84-3.33-1.21-5.23l-.54-3.72a.95.95 0 0 1 .17-.62.97.97 0 0 1 1.36-.17l2.88 2.27c1.46 1.27 2.85 2.67 3.93 3.66a24.53 24.53 0 0 1 1.68 1.83 4.03 4.03 0 1 0 3.75-6.5 24.64 24.64 0 0 1-2.42-.55c-1.4-.43-3.3-.94-5.14-1.56l-3.52-1.41a.86.86 0 0 1-.4-.33.97.97 0 0 1 .34-1.31l3.59-1.43c1.83-.63 3.73-1.13 5.13-1.57a24.32 24.32 0 0 1 2.43-.54 4.03 4.03 0 1 0-3.76-6.5 24.76 24.76 0 0 1-1.68 1.82c-1.08 1-2.47 2.4-3.92 3.66l-2.95 2.33a.87.87 0 0 1-.52.15.97.97 0 0 1-.9-1.03.36.36 0 0 0-.03-.13l.52-3.56c.37-1.9.88-3.8 1.2-5.22a24.74 24.74 0 0 1 .75-2.38 4.03 4.03 0 1 0-7.5 0 24.4 24.4 0 0 1 .73 2.37c.33 1.43.84 3.33 1.21 5.23l.54 3.67a.9.9 0 0 1-.1.57.97.97 0 0 1-1.35.3.25.25 0 0 0-.09-.03l-2.87-2.27C20 19.7 18.62 18.3 17.54 17.3a24.41 24.41 0 0 1-1.68-1.83 4.03 4.03 0 1 0-3.75 6.5 24.63 24.63 0 0 1 2.42.55c1.4.43 3.3.94 5.14 1.56l3.6 1.44a.86.86 0 0 1 .35.37.97.97 0 0 1-.49 1.29.23.23 0 0 0-.02 0l-3.45 1.38c-1.83.63-3.73 1.13-5.13 1.57a24.7 24.7 0 0 1-2.43.54 4.03 4.03 0 1 0 3.76 6.5 24.27 24.27 0 0 1 1.69-1.82c1.07-1 2.46-2.4 3.92-3.66l3.11-2.46a.76.76 0 0 1 .28-.09.97.97 0 0 1 1.04.9.19.19 0 0 0 .01.02l-.56 3.86c-.37 1.9-.89 3.8-1.2 5.23a24.54 24.54 0 0 1-.75 2.38 4.03 4.03 0 1 0 7.5 0Z\"><\/path>\n<\/svg>\n<\/span><span class=\"gb-headline-text\"><strong>Wichtig: <\/strong>Sie m\u00fcssen kein Geld auf <em>Mein Swibeco Kredit<\/em> haben, um die Plattform zu nutzen. Alle oben genannten Zahlungsmethoden k\u00f6nnen verwendet werden, um Ihre Eink\u00e4ufe ganz oder teilweise zu bezahlen.\u00a0\u00a0<\/span><\/p>\n\n<\/div>\n<\/div>\n<\/div>\n\n<div class=\"gb-container gb-container-27ecc4f8 alignfull\">\n<div class=\"gb-container gb-container-0da677c8\">\n\n<h2 class=\"gb-headline gb-headline-f1cc94c3 gb-headline-text\"><strong><strong>Wie erhalte ich einen Betrag auf <em>Mein Swibeco Kredit?<\/em><\/strong>&nbsp;<\/strong><\/h2>\n\n\n<div class=\"gb-container gb-container-edd21781\">\n\n<p>Es gibt zwei M\u00f6glichkeiten, Mein Swibeco Kredit zu erhalten:&nbsp;<\/p>\n\n<\/div>\n\n<div class=\"gb-grid-wrapper gb-grid-wrapper-ec4f5e55\">\n<div class=\"gb-grid-column gb-grid-column-e9bed526\"><div class=\"gb-container gb-container-e9bed526\">\n\n<p class=\"gb-headline gb-headline-c56c3151 gb-headline-text\">Durch die Nutzung von Cashback-Angeboten auf der Swibeco-Plattform<\/p>\n\n\n\n<p>Wenn Sie einen Gutschein bei einer Marke kaufen, die Cashback anbietet, wird Ihnen der Rabattbetrag sofort in Form von Geld auf <em>Mein Swibeco Kredit<\/em> gutgeschrieben.\u00a0<\/p>\n\n\n\n<p>Sie k\u00f6nnen einen Filter links auf dem Bildschirm aktivieren, um nur Angebote mit Cashback anzuzeigen.&nbsp;&nbsp;<\/p>\n\n\n\n<figure class=\"gb-block-image gb-block-image-a88c90fe\"><img loading=\"lazy\" decoding=\"async\" width=\"337\" height=\"88\" class=\"gb-image gb-image-a88c90fe\" src=\"https:\/\/www.swibeco.ch\/wp-content\/uploads\/filter-cashback-en.png\" alt=\"\" title=\"filter-cashback-en\"\/><\/figure>\n\n<\/div><\/div>\n\n<div class=\"gb-grid-column gb-grid-column-81da921f\"><div class=\"gb-container gb-container-81da921f\">\n\n<p class=\"gb-headline gb-headline-07db9f05 gb-headline-text\">Durch die Teilnahme an Swibeco-Gewinnspielen<\/p>\n\n\n\n<p>Wir bieten regelm\u00e4\u00dfig Spiele und Wettbewerbe auf der Plattform an. Wenn Sie gewinnen, wird der Preis in Form von <em>Mein Swibeco Kredit<\/em> gutgeschrieben, sodass Sie sich auf der Plattform etwas g\u00f6nnen k\u00f6nnen.\u00a0<\/p>\n\n\n\n<p>Melden Sie sich f\u00fcr den zweiw\u00f6chentlichen Newsletter in Ihrem Benutzerprofil an, um sicherzustellen, dass Sie keine unserer Sonderaktionen verpassen.&nbsp;<\/p>\n\n<\/div><\/div>\n<\/div>\n<\/div>\n<\/div>\n\n<div class=\"gb-container gb-container-d12639d2 bg-half-container mobilecreditDE alignfull\">\n<div class=\"gb-container gb-container-c8be6bf9\">\n<div class=\"gb-container gb-container-4dbfa685\">\n\n<h2 class=\"gb-headline gb-headline-8541e583 gb-headline-text\"><strong><em>Mein Swibeco Kredit <\/em>verwenden<\/strong>&nbsp;<\/h2>\n\n\n\n<p>Um Ihr <em>Mein Swibeco Kredit<\/em> zu verwenden, melden Sie sich auf der Swibeco-Plattform an und rufen Sie das Angebot Ihrer Wahl auf.\u00a0<\/p>\n\n\n\n<p>In der Regel akzeptieren alle Gutscheine und Produkte auf Swibeco <em>Mein Swibeco Kredit<\/em>. Allerdings kann es nicht f\u00fcr Aktionscodes oder \u00e4hnliche Angebote verwendet werden.\u00a0<\/p>\n\n\n\n<p>F\u00fcgen Sie einfach die gew\u00fcnschten Produkte Ihrem Warenkorb hinzu und gehen Sie zur Kasse. An diesem Punkt haben Sie die M\u00f6glichkeit, <em>Mein Swibeco Kredit<\/em> ganz oder teilweise zu verwenden.\u00a0<\/p>\n\n\n\n<p>Cashback ist 2 Jahre lang g\u00fcltig und ohne maximale Gewinnbegrenzung.&nbsp;<\/p>\n\n\n\n<h2 class=\"gb-headline gb-headline-b73406a2 gb-headline-text\"><strong>Wo kann ich meinen<em> Mein Swibeco Kredit-<\/em>Saldo einsehen?<\/strong>&nbsp;<\/h2>\n\n\n\n<p>Ihr <em>Mein Swibeco Kredit<\/em>-Saldo ist direkt auf der Swibeco-Plattform sichtbar, indem Sie auf das Profil-Symbol oben rechts auf dem Bildschirm klicken. Sie k\u00f6nnen ihn auch im Wallet-Tab der Swibeco-App einsehen.\u00a0<\/p>\n\n\n\n<p>Dort finden Sie nicht nur Ihren aktuellen Saldo, sondern auch die vollst\u00e4ndige Historie Ihrer Gutschriften und Abbuchungen sowie gegebenenfalls die zugeh\u00f6rigen Ablaufdaten.<\/p>\n\n<\/div>\n<\/div>\n<\/div>","protected":false},"excerpt":{"rendered":"<p>Mein Swibeco Kredit&nbsp;Alles, was Sie wissen m\u00fcssen&nbsp; Was ist Mein Swibeco Kredit?&nbsp; Mein Swibeco Kredit ist ein Budget, das Sie als Zahlungsmittel auf der Swibeco-Plattform verwenden k\u00f6nnen. Es kann mit den klassischen Zahlungsmethoden kombiniert werden: TWINT, VISA und Mastercard.\u00a0 Wichtig: Sie m\u00fcssen kein Geld auf Mein Swibeco Kredit haben, um die Plattform zu nutzen. Alle &#8230; <a title=\"Mein Swibeco Kredit\u00a0\" class=\"read-more\" href=\"https:\/\/www.swibeco.ch\/de\/mein-swibeco-kredit\/\" aria-label=\"Mehr Informationen \u00fcber Mein Swibeco Kredit\u00a0\">Lire plus<\/a><\/p>\n","protected":false},"author":1,"featured_media":0,"parent":0,"menu_order":74,"comment_status":"closed","ping_status":"closed","template":"","meta":{"_acf_changed":false,"footnotes":""},"class_list":["post-47005","page","type-page","status-publish"],"acf":{"type_page":"lp_active"},"yoast_head":"<!-- This site is optimized with the Yoast SEO Premium plugin v27.4 (Yoast SEO v27.4) - https:\/\/yoast.com\/product\/yoast-seo-premium-wordpress\/ -->\n<title>Mein Swibeco Kredit\u00a0 | Swibeco<\/title>\n<meta name=\"robots\" content=\"index, follow, max-snippet:-1, max-image-preview:large, max-video-preview:-1\" \/>\n<link rel=\"canonical\" href=\"https:\/\/www.swibeco.ch\/de\/mein-swibeco-kredit\/\" \/>\n<meta property=\"og:locale\" content=\"de_DE\" \/>\n<meta property=\"og:type\" content=\"article\" \/>\n<meta property=\"og:title\" content=\"Mein Swibeco Kredit\u00a0\" \/>\n<meta property=\"og:description\" content=\"Mein Swibeco Kredit&nbsp;Alles, was Sie wissen m\u00fcssen&nbsp; Was ist Mein Swibeco Kredit?&nbsp; Mein Swibeco Kredit ist ein Budget, das Sie als Zahlungsmittel auf der Swibeco-Plattform verwenden k\u00f6nnen. Es kann mit den klassischen Zahlungsmethoden kombiniert werden: TWINT, VISA und Mastercard.\u00a0 Wichtig: Sie m\u00fcssen kein Geld auf Mein Swibeco Kredit haben, um die Plattform zu nutzen. Alle ... Lire plus\" \/>\n<meta property=\"og:url\" content=\"https:\/\/www.swibeco.ch\/de\/mein-swibeco-kredit\/\" \/>\n<meta property=\"og:site_name\" content=\"Swibeco\" \/>\n<meta property=\"article:modified_time\" content=\"2026-01-12T15:23:35+00:00\" \/>\n<meta property=\"og:image\" content=\"https:\/\/www.swibeco.ch\/wp-content\/uploads\/swibeco-opengraph.jpg\" \/>\n<meta name=\"twitter:card\" content=\"summary_large_image\" \/>\n<meta name=\"twitter:label1\" content=\"Gesch\u00e4tzte Lesezeit\" \/>\n\t<meta name=\"twitter:data1\" content=\"2\u00a0Minuten\" \/>\n<script type=\"application\/ld+json\" class=\"yoast-schema-graph\">{\"@context\":\"https:\\\/\\\/schema.org\",\"@graph\":[{\"@type\":\"WebPage\",\"@id\":\"https:\\\/\\\/www.swibeco.ch\\\/de\\\/mein-swibeco-kredit\\\/\",\"url\":\"https:\\\/\\\/www.swibeco.ch\\\/de\\\/mein-swibeco-kredit\\\/\",\"name\":\"Mein Swibeco Kredit\u00a0 | Swibeco\",\"isPartOf\":{\"@id\":\"https:\\\/\\\/www.swibeco.ch\\\/de\\\/#website\"},\"primaryImageOfPage\":{\"@id\":\"https:\\\/\\\/www.swibeco.ch\\\/de\\\/mein-swibeco-kredit\\\/#primaryimage\"},\"image\":{\"@id\":\"https:\\\/\\\/www.swibeco.ch\\\/de\\\/mein-swibeco-kredit\\\/#primaryimage\"},\"thumbnailUrl\":\"https:\\\/\\\/www.swibeco.ch\\\/wp-content\\\/uploads\\\/filter-cashback-en.png\",\"datePublished\":\"2026-01-06T09:09:39+00:00\",\"dateModified\":\"2026-01-12T15:23:35+00:00\",\"breadcrumb\":{\"@id\":\"https:\\\/\\\/www.swibeco.ch\\\/de\\\/mein-swibeco-kredit\\\/#breadcrumb\"},\"inLanguage\":\"de\",\"potentialAction\":[{\"@type\":\"ReadAction\",\"target\":[\"https:\\\/\\\/www.swibeco.ch\\\/de\\\/mein-swibeco-kredit\\\/\"]}]},{\"@type\":\"ImageObject\",\"inLanguage\":\"de\",\"@id\":\"https:\\\/\\\/www.swibeco.ch\\\/de\\\/mein-swibeco-kredit\\\/#primaryimage\",\"url\":\"https:\\\/\\\/www.swibeco.ch\\\/wp-content\\\/uploads\\\/filter-cashback-en.png\",\"contentUrl\":\"https:\\\/\\\/www.swibeco.ch\\\/wp-content\\\/uploads\\\/filter-cashback-en.png\"},{\"@type\":\"BreadcrumbList\",\"@id\":\"https:\\\/\\\/www.swibeco.ch\\\/de\\\/mein-swibeco-kredit\\\/#breadcrumb\",\"itemListElement\":[{\"@type\":\"ListItem\",\"position\":1,\"name\":\"Accueil\",\"item\":\"https:\\\/\\\/www.swibeco.ch\\\/de\\\/\"},{\"@type\":\"ListItem\",\"position\":2,\"name\":\"Mein Swibeco Kredit\u00a0\"}]},{\"@type\":\"WebSite\",\"@id\":\"https:\\\/\\\/www.swibeco.ch\\\/de\\\/#website\",\"url\":\"https:\\\/\\\/www.swibeco.ch\\\/de\\\/\",\"name\":\"Swibeco\",\"description\":\"Flexible Benefits for Real Impact\",\"publisher\":{\"@id\":\"https:\\\/\\\/www.swibeco.ch\\\/de\\\/#organization\"},\"potentialAction\":[{\"@type\":\"SearchAction\",\"target\":{\"@type\":\"EntryPoint\",\"urlTemplate\":\"https:\\\/\\\/www.swibeco.ch\\\/de\\\/?s={search_term_string}\"},\"query-input\":{\"@type\":\"PropertyValueSpecification\",\"valueRequired\":true,\"valueName\":\"search_term_string\"}}],\"inLanguage\":\"de\"},{\"@type\":\"Organization\",\"@id\":\"https:\\\/\\\/www.swibeco.ch\\\/de\\\/#organization\",\"name\":\"SWIBECO\",\"url\":\"https:\\\/\\\/www.swibeco.ch\\\/de\\\/\",\"logo\":{\"@type\":\"ImageObject\",\"inLanguage\":\"de\",\"@id\":\"https:\\\/\\\/www.swibeco.ch\\\/de\\\/#\\\/schema\\\/logo\\\/image\\\/\",\"url\":\"https:\\\/\\\/www.swibeco.ch\\\/wp-content\\\/uploads\\\/logo-swibeco.svg\",\"contentUrl\":\"https:\\\/\\\/www.swibeco.ch\\\/wp-content\\\/uploads\\\/logo-swibeco.svg\",\"width\":300,\"height\":110,\"caption\":\"SWIBECO\"},\"image\":{\"@id\":\"https:\\\/\\\/www.swibeco.ch\\\/de\\\/#\\\/schema\\\/logo\\\/image\\\/\"},\"sameAs\":[\"https:\\\/\\\/www.linkedin.com\\\/company\\\/swibeco\\\/\"]}]}<\/script>\n<!-- \/ Yoast SEO Premium plugin. -->","yoast_head_json":{"title":"Mein Swibeco Kredit\u00a0 | Swibeco","robots":{"index":"index","follow":"follow","max-snippet":"max-snippet:-1","max-image-preview":"max-image-preview:large","max-video-preview":"max-video-preview:-1"},"canonical":"https:\/\/www.swibeco.ch\/de\/mein-swibeco-kredit\/","og_locale":"de_DE","og_type":"article","og_title":"Mein Swibeco Kredit\u00a0","og_description":"Mein Swibeco Kredit&nbsp;Alles, was Sie wissen m\u00fcssen&nbsp; Was ist Mein Swibeco Kredit?&nbsp; Mein Swibeco Kredit ist ein Budget, das Sie als Zahlungsmittel auf der Swibeco-Plattform verwenden k\u00f6nnen. Es kann mit den klassischen Zahlungsmethoden kombiniert werden: TWINT, VISA und Mastercard.\u00a0 Wichtig: Sie m\u00fcssen kein Geld auf Mein Swibeco Kredit haben, um die Plattform zu nutzen. Alle ... Lire plus","og_url":"https:\/\/www.swibeco.ch\/de\/mein-swibeco-kredit\/","og_site_name":"Swibeco","article_modified_time":"2026-01-12T15:23:35+00:00","og_image":[{"url":"https:\/\/www.swibeco.ch\/wp-content\/uploads\/swibeco-opengraph.jpg","type":"","width":"","height":""}],"twitter_card":"summary_large_image","twitter_misc":{"Gesch\u00e4tzte Lesezeit":"2\u00a0Minuten"},"schema":{"@context":"https:\/\/schema.org","@graph":[{"@type":"WebPage","@id":"https:\/\/www.swibeco.ch\/de\/mein-swibeco-kredit\/","url":"https:\/\/www.swibeco.ch\/de\/mein-swibeco-kredit\/","name":"Mein Swibeco Kredit\u00a0 | Swibeco","isPartOf":{"@id":"https:\/\/www.swibeco.ch\/de\/#website"},"primaryImageOfPage":{"@id":"https:\/\/www.swibeco.ch\/de\/mein-swibeco-kredit\/#primaryimage"},"image":{"@id":"https:\/\/www.swibeco.ch\/de\/mein-swibeco-kredit\/#primaryimage"},"thumbnailUrl":"https:\/\/www.swibeco.ch\/wp-content\/uploads\/filter-cashback-en.png","datePublished":"2026-01-06T09:09:39+00:00","dateModified":"2026-01-12T15:23:35+00:00","breadcrumb":{"@id":"https:\/\/www.swibeco.ch\/de\/mein-swibeco-kredit\/#breadcrumb"},"inLanguage":"de","potentialAction":[{"@type":"ReadAction","target":["https:\/\/www.swibeco.ch\/de\/mein-swibeco-kredit\/"]}]},{"@type":"ImageObject","inLanguage":"de","@id":"https:\/\/www.swibeco.ch\/de\/mein-swibeco-kredit\/#primaryimage","url":"https:\/\/www.swibeco.ch\/wp-content\/uploads\/filter-cashback-en.png","contentUrl":"https:\/\/www.swibeco.ch\/wp-content\/uploads\/filter-cashback-en.png"},{"@type":"BreadcrumbList","@id":"https:\/\/www.swibeco.ch\/de\/mein-swibeco-kredit\/#breadcrumb","itemListElement":[{"@type":"ListItem","position":1,"name":"Accueil","item":"https:\/\/www.swibeco.ch\/de\/"},{"@type":"ListItem","position":2,"name":"Mein Swibeco Kredit\u00a0"}]},{"@type":"WebSite","@id":"https:\/\/www.swibeco.ch\/de\/#website","url":"https:\/\/www.swibeco.ch\/de\/","name":"Swibeco","description":"Flexible Benefits for Real Impact","publisher":{"@id":"https:\/\/www.swibeco.ch\/de\/#organization"},"potentialAction":[{"@type":"SearchAction","target":{"@type":"EntryPoint","urlTemplate":"https:\/\/www.swibeco.ch\/de\/?s={search_term_string}"},"query-input":{"@type":"PropertyValueSpecification","valueRequired":true,"valueName":"search_term_string"}}],"inLanguage":"de"},{"@type":"Organization","@id":"https:\/\/www.swibeco.ch\/de\/#organization","name":"SWIBECO","url":"https:\/\/www.swibeco.ch\/de\/","logo":{"@type":"ImageObject","inLanguage":"de","@id":"https:\/\/www.swibeco.ch\/de\/#\/schema\/logo\/image\/","url":"https:\/\/www.swibeco.ch\/wp-content\/uploads\/logo-swibeco.svg","contentUrl":"https:\/\/www.swibeco.ch\/wp-content\/uploads\/logo-swibeco.svg","width":300,"height":110,"caption":"SWIBECO"},"image":{"@id":"https:\/\/www.swibeco.ch\/de\/#\/schema\/logo\/image\/"},"sameAs":["https:\/\/www.linkedin.com\/company\/swibeco\/"]}]}},"_links":{"self":[{"href":"https:\/\/www.swibeco.ch\/de\/wp-json\/wp\/v2\/pages\/47005","targetHints":{"allow":["GET"]}}],"collection":[{"href":"https:\/\/www.swibeco.ch\/de\/wp-json\/wp\/v2\/pages"}],"about":[{"href":"https:\/\/www.swibeco.ch\/de\/wp-json\/wp\/v2\/types\/page"}],"author":[{"embeddable":true,"href":"https:\/\/www.swibeco.ch\/de\/wp-json\/wp\/v2\/users\/1"}],"replies":[{"embeddable":true,"href":"https:\/\/www.swibeco.ch\/de\/wp-json\/wp\/v2\/comments?post=47005"}],"version-history":[{"count":0,"href":"https:\/\/www.swibeco.ch\/de\/wp-json\/wp\/v2\/pages\/47005\/revisions"}],"wp:attachment":[{"href":"https:\/\/www.swibeco.ch\/de\/wp-json\/wp\/v2\/media?parent=47005"}],"curies":[{"name":"wp","href":"https:\/\/api.w.org\/{rel}","templated":true}]}}