{"id":47305,"date":"2026-01-22T18:30:24","date_gmt":"2026-01-22T17:30:24","guid":{"rendered":"https:\/\/www.swibeco.ch\/?page_id=47305"},"modified":"2026-03-19T22:44:26","modified_gmt":"2026-03-19T21:44:26","slug":"geschenke-promo-2026","status":"publish","type":"page","link":"https:\/\/www.swibeco.ch\/de\/geschenke-promo-2026\/","title":{"rendered":"Geschenke promo 2026"},"content":{"rendered":"<div class=\"gb-container gb-container-7a180ece alignfull\">\n<div class=\"gb-container gb-container-fe5b51a6 banniere-bg\">\n<div class=\"gb-container gb-container-72e810eb\">\n<div class=\"gb-container gb-container-58a1bb3b\">\n\n<p class=\"gb-headline gb-headline-8ad563e4 gb-headline-text\">2026 st\u00e4rkt Mitarbeiterbenefits!<\/p>\n\n<\/div>\n\n\n<p>Seit dem 1. Januar 2026 er\u00f6ffnet sich Ihnen eine neue M\u00f6glichkeit.<\/p>\n\n\n\n<p>Der H\u00f6chstbetrag f\u00fcr steuerfreie Geschenke wurde auf CHF 600.\u2013 pro Mitarbeitende und Jahr erh\u00f6ht (statt bisher CHF 500.\u2013)*.<\/p>\n\n<\/div>\n<\/div>\n<\/div>\n\n<div class=\"gb-container gb-container-e2dedb07 bg-half-container promocadeaux alignfull\">\n<div class=\"gb-container gb-container-21ace185\">\n<div class=\"gb-container gb-container-5f2f7c2f\">\n\n<h2 class=\"gb-headline gb-headline-73fbfbdd gb-headline-text\"><strong>Verschenken Sie Ihre ersten Geschenke und profitieren Sie von 6% Sofortrabatt<\/strong><\/h2>\n\n\n\n<p>Ein Angebot, das sicherstellt, dass Mitarbeitergeschenke nicht nur vergeben, sondern auch <strong>genutzt werden<\/strong>.<\/p>\n\n\n\n<h3 class=\"gb-headline gb-headline-3453be55 gb-headline-text\"><mark class=\"gb-highlight\"><mark class=\"gb-highlight\">Unser Sonderangebot<\/mark><\/mark><\/h3>\n\n\n\n<p><strong>Beim ersten Kauf eines Geschenkbudgets (bis zu CHF 600.- pro Mitarbeitende), bis 30.06.2026:<\/strong><\/p>\n\n\n<div class=\"gb-container gb-container-488533fc\">\n\n<p class=\"gb-headline gb-headline-d310dc53\"><span class=\"gb-icon\"><svg viewBox=\"0 0 50 50\" xmlns=\"http:\/\/www.w3.org\/2000\/svg\"><path d=\"M33.6 12c.5-.4.8-.9 1-1.5q.3-.9.3-1.8c0-1.6-.6-2.9-1.7-4s-2.4-1.6-4-1.6-1.7.2-2.5.6-1.4 1-2 1.7c-.6-.7-1.2-1.2-2-1.7-.8-.4-1.6-.6-2.5-.6-1.6 0-2.9.5-4 1.6s-1.7 2.4-1.7 4 0 1.2.3 1.8c.2.6.5 1.1 1 1.5H3.6v10.5h2.9V48h36.9V22.5h2.9V12H33.5ZM17.9 6.3c.6-.6 1.4-.9 2.3-.9s1.7.3 2.3.9.9 1.4.9 2.3-.3 1.7-.9 2.3-1.4.9-2.3.9-1.7-.3-2.3-.9-.9-1.4-.9-2.3.3-1.7.9-2.3m5.9 39.3H8.9V22.5h14.9zm0-25.5H6v-5.7h17.8zm3.1-13.8c.6-.6 1.4-.9 2.3-.9s1.7.3 2.3.9.9 1.4.9 2.3-.3 1.7-.9 2.3-1.4.9-2.3.9-1.7-.3-2.3-.9-.9-1.4-.9-2.3.3-1.7.9-2.3m14.2 39.3H26.2V22.5h14.9zM44 20.1H26.2v-5.7H44z\"><\/path><\/svg><\/span><span class=\"gb-headline-text\"><strong><strong>6% Rabatt von Swibeco<\/strong><\/strong><\/span><\/p>\n\n<\/div>\n\n\n<p><em>Beispiel:<\/em> Sie kaufen Geschenke im Wert von CHF 2\u2019500.- und bezahlen nur CHF 2\u2019350.-.<\/p>\n\n\n<div class=\"gb-container gb-container-6b31b7f6\">\n\n<h4 class=\"gb-headline gb-headline-f3e9acc2\"><span class=\"gb-icon\"><svg xmlns=\"http:\/\/www.w3.org\/2000\/svg\" viewBox=\"0 0 29.729 39.218\"><path d=\"M17.478 29.494H3.899l8.355-11.67h-3.97l6.582-8.751 6.581 8.751h-3.97l8.356 11.67zM14.197 4.62l.669-1.946.67 1.946h2.192L15.95 5.826l.689 1.925-1.774-1.186-1.777 1.186.69-1.925-1.775-1.206zm7.177 15.15h4.099l-7.307-9.739c.07-.025.147-.02.209-.064a.865.865 0 0 0 .334-.99l-.897-2.606 2.381-1.616c.335-.214.459-.622.335-.99-.127-.351-.503-.604-.9-.604h-2.946l-.92-2.606c-.25-.74-1.545-.74-1.796 0l-.919 2.606h-2.943a.95.95 0 0 0-.9.604.84.84 0 0 0 .335.99l2.38 1.616-.896 2.606a.85.85 0 0 0 .332.99c.062.045.14.04.21.064L4.26 19.77h4.099L0 31.44h12.8v7.778h4.13V31.44h12.8z\"><\/path><\/svg> <\/span><span class=\"gb-headline-text\">Weihnachten<\/span><\/h4>\n\n\n\n<h4 class=\"gb-headline gb-headline-266b6c43\"><span class=\"gb-icon\"><svg viewBox=\"0 0 33.339 37.505\" xmlns=\"http:\/\/www.w3.org\/2000\/svg\"><path data-name=\"Calque 1\" d=\"M29.17 22.6h-25zM2.086 35.422h29.17zM6.252 22.6h20.835zM2.086 35.422h29.17v-9.457q0-.56-.363-.922-.36-.36-.922-.36H3.368q-.562 0-.922.36-.361.362-.36.922zM6.252 22.6h20.835v-8.656q.002-.56-.36-.92-.36-.362-.922-.362H7.535q-.561 0-.923.363-.36.358-.36.919zM1.524 37.505q-.644 0-1.085-.478A1.61 1.61 0 0 1 0 35.903v-9.938q0-1.397.984-2.381a3.25 3.25 0 0 1 2.384-.984h.801v-8.656q-.002-1.397.984-2.381a3.24 3.24 0 0 1 2.381-.984h8.094v-3.1a6.2 6.2 0 0 1-1.49-1.33q-.594-.746-.593-1.758-.001-.619.233-1.175.23-.552.697-1.02L16.671 0l2.196 2.196q.464.468.697 1.02.23.555.23 1.178 0 1.008-.593 1.754a6.2 6.2 0 0 1-1.49 1.33v3.1h8.094q1.398.001 2.384.985.981.983.98 2.381V22.6h.802a3.25 3.25 0 0 1 2.384.984q.983.983.984 2.381v9.938q0 .645-.478 1.124-.48.477-1.124.478z\"><\/path><\/svg><\/span><span class=\"gb-headline-text\">Geburtstag<\/span><\/h4>\n\n\n\n<h4 class=\"gb-headline gb-headline-442b3f23\"><span class=\"gb-icon\"><svg xmlns=\"http:\/\/www.w3.org\/2000\/svg\" viewBox=\"0 0 29.853 33.016\"><path d=\"m9.646 7.683 4.346-5.096a13.5 13.5 0 0 0-6.28-.248q-1.304.256-2.576.798zm.14 3.062L1.67 2.63A15.5 15.5 0 0 1 5.81.65Q7.97 0 10.38 0q1.863 0 3.626.371 1.765.375 3.649 1.158zM3.93 25q-.666.001-.936-.596c-.18-.4-.12-.77.177-1.12L21.253 2.087c.613-.72 1.268-1.245 1.957-1.583Q24.246 0 25.515 0q1.839 0 3.087 1.248 1.25 1.251 1.251 3.101v.857H27.77v-.871q-.001-.96-.647-1.605-.648-.648-1.608-.647-.793-.001-1.405.307a4 4 0 0 0-1.139.885l-2.935 3.427v14.922q-.002 1.41-.99 2.393a3.24 3.24 0 0 1-2.375.984zm2.328-2.083h10.41q.562 0 .922-.36.361-.362.36-.922V9.218zM2.966 33.016q-1.198 0-2.083-.872Q0 31.274 0 30.05c-.001-1.224.295-1.513.883-2.095q.885-.868 2.083-.868 1.279 0 2.122.868.844.873.844 2.095c0 1.222-.281 1.515-.844 2.094q-.844.873-2.122.872m16.187 0q-1.222 0-2.094-.872-.871-.87-.872-2.094c0-1.224.293-1.513.872-2.095q.872-.868 2.094-.868c1.222 0 1.513.29 2.095.868q.87.873.871 2.095c.001 1.222-.292 1.515-.871 2.094a2.85 2.85 0 0 1-2.095.872\"><\/path><\/svg><\/span><span class=\"gb-headline-text\">Geburt<\/span><\/h4>\n\n\n\n<h4 class=\"gb-headline gb-headline-fa409537\"><span class=\"gb-icon\"><svg xmlns=\"http:\/\/www.w3.org\/2000\/svg\" viewBox=\"0 0 37.503 33.345\"><path d=\"M18.751 30.525q5.001-4.52 8.232-7.745c2.15-2.148 3.854-4.012 5.102-5.592q1.877-2.37 2.606-4.2.73-1.83.728-3.612 0-3.126-2.083-5.21-2.084-2.082-5.21-2.083-2.486-.001-4.59 1.42-2.105 1.42-3.767 4.279h-2.035q-1.704-2.898-3.787-4.299a8.03 8.03 0 0 0-4.571-1.4q-3.086 0-5.19 2.083t-2.103 5.21q0 1.783.728 3.612.73 1.83 2.606 4.2t5.103 5.572q3.23 3.204 8.231 7.765m0 2.82-1.58-1.426c-3.398-3.106-6.213-5.766-8.436-7.978q-3.339-3.32-5.269-5.853T.768 13.503A11.7 11.7 0 0 1 0 9.376Q0 5.4 2.699 2.702 5.4 0 9.376 0q2.748.001 5.156 1.406 2.406 1.408 4.22 4.09c1.205-1.788 2.614-3.151 4.219-4.09A10.07 10.07 0 0 1 28.127 0q3.975 0 6.677 2.702 2.699 2.698 2.699 6.674 0 2.075-.768 4.127-.767 2.052-2.699 4.585-1.93 2.534-5.248 5.853-3.316 3.319-8.457 7.978z\"><\/path><\/svg><\/span><span class=\"gb-headline-text\">Hochzeit<\/span><\/h4>\n\n\n\n<h4 class=\"gb-headline gb-headline-f63e578c\"><span class=\"gb-icon\"><svg xmlns=\"http:\/\/www.w3.org\/2000\/svg\" viewBox=\"0 0 40.662 41.376\"><path d=\"M2.187 37.17h4.374V23.717H2.187zM0 39.359v-17.83h13.289q.308 0 .63.071.324.068.601.16l12.637 4.63q1.172.447 2.021 1.603.845 1.156.846 2.955h6.56q1.977 0 3.027 1.237 1.053 1.235 1.051 3.137v1.347L25.4 41.376 8.746 36.524v2.834zm8.746-5.13 16.544 4.826 13.095-4.045q-.064-.995-.596-1.434a1.83 1.83 0 0 0-1.206-.441H26.21q-1.388 0-2.514-.11c-1.126-.11-1.52-.244-2.308-.52l-4.79-1.569.74-2.162 4.427 1.603q1.058.4 2.398.48c1.34.08 2.12.082 3.674.09q.002-1.02-.376-1.65a2 2 0 0 0-1.077-.88L13.804 23.8q-.128-.043-.234-.064c-.106-.021-.146-.02-.23-.02H8.746zm20.311-16.72 6.548-6.269a13 13 0 0 0 2.018-2.487 5.5 5.5 0 0 0 .855-2.966 3.48 3.48 0 0 0-1.051-2.55q-1.054-1.05-2.55-1.049-1.312 0-2.353.785a10 10 0 0 0-1.87 1.847L29.057 6.82 27.461 4.82a10 10 0 0 0-1.87-1.847 3.8 3.8 0 0 0-2.353-.785q-1.497 0-2.547 1.049a3.47 3.47 0 0 0-1.054 2.55q.002 1.603.854 2.966.856 1.366 2.019 2.487zm0 3.012-8.234-7.889a13.4 13.4 0 0 1-2.406-3.103 7.5 7.5 0 0 1-.965-3.742q0-2.412 1.687-4.1Q20.826 0 23.238 0a5.8 5.8 0 0 1 3.258.967 10.9 10.9 0 0 1 2.561 2.353A10.9 10.9 0 0 1 31.62.967 5.8 5.8 0 0 1 34.877 0q2.412 0 4.099 1.687 1.686 1.686 1.686 4.099c0 1.35-.317 2.594-.958 3.742a13.2 13.2 0 0 1-2.401 3.103z\"><\/path><\/svg><\/span><span class=\"gb-headline-text\">Dienstjubil\u00e4um<\/span><\/h4>\n\n<\/div>\n<\/div>\n<\/div>\n<\/div>\n\n<div class=\"gb-container gb-container-cc0c79ee\">\n<div class=\"gb-grid-wrapper gb-grid-wrapper-7e2f49d6\">\n<div class=\"gb-grid-column gb-grid-column-d9c5393f\"><div class=\"gb-container gb-container-d9c5393f wp-embed-aspect-16-9 wp-has-aspect-ratio\">\n\n<h2 class=\"gb-headline gb-headline-12487a62 gb-headline-text\">Ein nicht genutztes Geschenkbudget entfaltet keine Wirkung<\/h2>\n\n\n\n<p>Jedes Jahr ist gepr\u00e4gt von wichtigen Momenten, die es zu feiern gilt: Geburtstage, Jubil\u00e4en oder das Jahresende. All diese Anl\u00e4sse bieten die M\u00f6glichkeit, das Engagement Ihrer Mitarbeitenden wertzusch\u00e4tzen und sich mit einer pers\u00f6nlichen Aufmerksamkeit zu bedanken.<\/p>\n\n\n\n<p>Mit diesem <strong>Spezialangebot Geschenke<\/strong> machen Sie Mitarbeitergeschenke zu einem konkreten HR-Hebel &#8211; gesch\u00e4tzt von Ihren Teams und einfach in der Umsetzung f\u00fcr Ihre HR-Abteilung.<\/p>\n\n\n\n<h3 class=\"gb-headline gb-headline-61f20474 gb-headline-text\"><strong>Zu oft bleiben Mitarbeitergeschenke ungenutzt<\/strong><\/h3>\n\n\n\n<p>In vielen Unternehmen:<\/p>\n\n\n\n<ul class=\"wp-block-list\">\n<li>Geschenkbudgets werden zwar bereitgestellt, entfalten aber nicht die gew\u00fcnschte Wirkung<\/li>\n\n\n\n<li>Mitarbeitende vergessen ihre Geschenke oder nutzen sie nicht<\/li>\n\n\n\n<li>Das HR-Potenzial von Geschenken bleibt weitgehend ungenutzt<\/li>\n<\/ul>\n\n\n\n<p><strong>Das Resultat? Wenig Engagement. Wenig Wirkung. Wenig Mehrwert.<\/strong><\/p>\n\n\n\n<h2 class=\"gb-headline gb-headline-f1cc94c3 gb-headline-text\">Warum Mitarbeitergeschenke?<\/h2>\n\n\n\n<h4 class=\"gb-headline gb-headline-94c7bb86 gb-headline-text\"><mark class=\"gb-highlight\">F\u00fcr Arbeitgeber<\/mark><\/h4>\n\n\n\n<ul class=\"wp-block-list\">\n<li>Steuerbefreiung bis zu CHF 600.- pro Mitarbeitende und Jahr<\/li>\n\n\n\n<li>St\u00e4rkeres Engagement der Mitarbeitenden<\/li>\n\n\n\n<li>Bessere Wertsch\u00f6pfung Ihrer Benefits-Strategie<\/li>\n<\/ul>\n\n\n\n<h4 class=\"gb-headline gb-headline-5a6cada8 gb-headline-text\"><mark class=\"gb-highlight\">F\u00fcr Arbeitnehmer&nbsp;<\/mark><\/h4>\n\n\n\n<ul class=\"wp-block-list\">\n<li>Sinnvolle Geschenke, die tats\u00e4chlich genutzt werden<\/li>\n\n\n\n<li>Freiheit der Wahl und Zugang zu einer kuratierten Auswahl an Produkten und Erlebnissen \u2013 <em>The Selection<\/em><\/li>\n\n\n\n<li>Sp\u00fcrbare Wertsch\u00e4tzung<\/li>\n<\/ul>\n\n<\/div><\/div>\n\n<div class=\"gb-grid-column gb-grid-column-cc71e8f9\"><div class=\"gb-container gb-container-cc71e8f9\">\n\n<h3 class=\"gb-headline gb-headline-1d15f5d5 gb-headline-text\">Aktivieren Sie Ihre Geschenke jetzt \u00fcber das untenstehende Formular<\/h3>\n\n\n\n<iframe aria-label='LP Gifts - FR' frameborder=\"0\" style=\"height:800px;width:99%;border:none;\" src='https:\/\/forms.zohopublic.eu\/swibeco\/form\/LPGiftsDE\/formperma\/X0jogscucLInRkYJCUkpfY3CswY9SzlrHixsDldriBo'><\/iframe>\n\n<\/div><\/div>\n<\/div>\n<\/div>\n\n<div class=\"gb-container gb-container-27ecc4f8 bg-half-container selectionbl alignfull\">\n<div class=\"gb-container gb-container-0f1d4ef6\">\n<div class=\"gb-container gb-container-5b75854b\">\n\n<h2 class=\"gb-headline gb-headline-7d9675b6 gb-headline-text\"><strong><em>The Selection<\/em> \u2013 ein zug\u00e4ngliches Sortiment, wenn Ihre Mitarbeiter Geschenke erhalten<\/strong><\/h2>\n\n\n\n<p>Die Geschenke erm\u00f6glichen Ihren Mitarbeitenden den Zugang zu einer sorgf\u00e4ltig ausgew\u00e4hlten Auswahl, um sich selbst etwas Gutes zu tun. <em>The Selection<\/em> ist eine exklusive Kollektion aus Produkten, Erlebnissen und Geschenkgutscheinen rund um Themen wie Reisen, Gesundheit und Wohlbefinden, Gastronomie, Freizeit, Hightech und vieles mehr.<\/p>\n\n\n\n<p>Diese Kollektion ist nur zug\u00e4nglich, wenn Ihren Mitarbeitenden ein Geschenkebudget zur Verf\u00fcgung steht. Eine M\u00f6glichkeit, diesen Vorteil, den Sie ihnen bieten, noch besonderer zu machen.<\/p>\n\n\n\n<a class=\"gb-button gb-button-0f86a241 gb-button-text\" href=\"https:\/\/www.swibeco.ch\/de\/the-selection\/\" target=\"_blank\" rel=\"noopener noreferrer\">Mehr \u00fcber&nbsp; <em>The Selection<\/em> &nbsp;erfahren<\/a>\n\n<\/div>\n<\/div>\n<\/div>","protected":false},"excerpt":{"rendered":"<p>2026 st\u00e4rkt Mitarbeiterbenefits! Seit dem 1. Januar 2026 er\u00f6ffnet sich Ihnen eine neue M\u00f6glichkeit. Der H\u00f6chstbetrag f\u00fcr steuerfreie Geschenke wurde auf CHF 600.\u2013 pro Mitarbeitende und Jahr erh\u00f6ht (statt bisher CHF 500.\u2013)*. Verschenken Sie Ihre ersten Geschenke und profitieren Sie von 6% Sofortrabatt Ein Angebot, das sicherstellt, dass Mitarbeitergeschenke nicht nur vergeben, sondern auch genutzt &#8230; <a title=\"Geschenke promo 2026\" class=\"read-more\" href=\"https:\/\/www.swibeco.ch\/de\/geschenke-promo-2026\/\" aria-label=\"Mehr Informationen \u00fcber Geschenke promo 2026\">Lire plus<\/a><\/p>\n","protected":false},"author":1,"featured_media":0,"parent":0,"menu_order":5,"comment_status":"closed","ping_status":"closed","template":"","meta":{"_acf_changed":false,"footnotes":""},"class_list":["post-47305","page","type-page","status-publish"],"acf":{"type_page":"lp_active"},"yoast_head":"<!-- This site is optimized with the Yoast SEO Premium plugin v27.4 (Yoast SEO v27.4) - https:\/\/yoast.com\/product\/yoast-seo-premium-wordpress\/ -->\n<title>Geschenke promo 2026 | Swibeco<\/title>\n<meta name=\"robots\" content=\"index, follow, max-snippet:-1, max-image-preview:large, max-video-preview:-1\" \/>\n<link rel=\"canonical\" href=\"https:\/\/www.swibeco.ch\/de\/geschenke-promo-2026\/\" \/>\n<meta property=\"og:locale\" content=\"de_DE\" \/>\n<meta property=\"og:type\" content=\"article\" \/>\n<meta property=\"og:title\" content=\"Geschenke promo 2026\" \/>\n<meta property=\"og:description\" content=\"2026 st\u00e4rkt Mitarbeiterbenefits! Seit dem 1. Januar 2026 er\u00f6ffnet sich Ihnen eine neue M\u00f6glichkeit. Der H\u00f6chstbetrag f\u00fcr steuerfreie Geschenke wurde auf CHF 600.\u2013 pro Mitarbeitende und Jahr erh\u00f6ht (statt bisher CHF 500.\u2013)*. Verschenken Sie Ihre ersten Geschenke und profitieren Sie von 6% Sofortrabatt Ein Angebot, das sicherstellt, dass Mitarbeitergeschenke nicht nur vergeben, sondern auch genutzt ... Lire plus\" \/>\n<meta property=\"og:url\" content=\"https:\/\/www.swibeco.ch\/de\/geschenke-promo-2026\/\" \/>\n<meta property=\"og:site_name\" content=\"Swibeco\" \/>\n<meta property=\"article:modified_time\" content=\"2026-03-19T21:44:26+00:00\" \/>\n<meta property=\"og:image\" content=\"https:\/\/www.swibeco.ch\/wp-content\/uploads\/swibeco-opengraph.jpg\" \/>\n\t<meta property=\"og:image:width\" content=\"1200\" \/>\n\t<meta property=\"og:image:height\" content=\"675\" \/>\n\t<meta property=\"og:image:type\" content=\"image\/jpeg\" \/>\n<meta name=\"twitter:card\" content=\"summary_large_image\" \/>\n<meta name=\"twitter:label1\" content=\"Gesch\u00e4tzte Lesezeit\" \/>\n\t<meta name=\"twitter:data1\" content=\"2\u00a0Minuten\" \/>\n<script type=\"application\/ld+json\" class=\"yoast-schema-graph\">{\"@context\":\"https:\\\/\\\/schema.org\",\"@graph\":[{\"@type\":\"WebPage\",\"@id\":\"https:\\\/\\\/www.swibeco.ch\\\/de\\\/geschenke-promo-2026\\\/\",\"url\":\"https:\\\/\\\/www.swibeco.ch\\\/de\\\/geschenke-promo-2026\\\/\",\"name\":\"Geschenke promo 2026 | Swibeco\",\"isPartOf\":{\"@id\":\"https:\\\/\\\/www.swibeco.ch\\\/de\\\/#website\"},\"datePublished\":\"2026-01-22T17:30:24+00:00\",\"dateModified\":\"2026-03-19T21:44:26+00:00\",\"breadcrumb\":{\"@id\":\"https:\\\/\\\/www.swibeco.ch\\\/de\\\/geschenke-promo-2026\\\/#breadcrumb\"},\"inLanguage\":\"de\",\"potentialAction\":[{\"@type\":\"ReadAction\",\"target\":[\"https:\\\/\\\/www.swibeco.ch\\\/de\\\/geschenke-promo-2026\\\/\"]}]},{\"@type\":\"BreadcrumbList\",\"@id\":\"https:\\\/\\\/www.swibeco.ch\\\/de\\\/geschenke-promo-2026\\\/#breadcrumb\",\"itemListElement\":[{\"@type\":\"ListItem\",\"position\":1,\"name\":\"Accueil\",\"item\":\"https:\\\/\\\/www.swibeco.ch\\\/de\\\/\"},{\"@type\":\"ListItem\",\"position\":2,\"name\":\"Geschenke promo 2026\"}]},{\"@type\":\"WebSite\",\"@id\":\"https:\\\/\\\/www.swibeco.ch\\\/de\\\/#website\",\"url\":\"https:\\\/\\\/www.swibeco.ch\\\/de\\\/\",\"name\":\"Swibeco\",\"description\":\"Flexible Benefits for Real Impact\",\"publisher\":{\"@id\":\"https:\\\/\\\/www.swibeco.ch\\\/de\\\/#organization\"},\"potentialAction\":[{\"@type\":\"SearchAction\",\"target\":{\"@type\":\"EntryPoint\",\"urlTemplate\":\"https:\\\/\\\/www.swibeco.ch\\\/de\\\/?s={search_term_string}\"},\"query-input\":{\"@type\":\"PropertyValueSpecification\",\"valueRequired\":true,\"valueName\":\"search_term_string\"}}],\"inLanguage\":\"de\"},{\"@type\":\"Organization\",\"@id\":\"https:\\\/\\\/www.swibeco.ch\\\/de\\\/#organization\",\"name\":\"SWIBECO\",\"url\":\"https:\\\/\\\/www.swibeco.ch\\\/de\\\/\",\"logo\":{\"@type\":\"ImageObject\",\"inLanguage\":\"de\",\"@id\":\"https:\\\/\\\/www.swibeco.ch\\\/de\\\/#\\\/schema\\\/logo\\\/image\\\/\",\"url\":\"https:\\\/\\\/www.swibeco.ch\\\/wp-content\\\/uploads\\\/logo-swibeco.svg\",\"contentUrl\":\"https:\\\/\\\/www.swibeco.ch\\\/wp-content\\\/uploads\\\/logo-swibeco.svg\",\"width\":300,\"height\":110,\"caption\":\"SWIBECO\"},\"image\":{\"@id\":\"https:\\\/\\\/www.swibeco.ch\\\/de\\\/#\\\/schema\\\/logo\\\/image\\\/\"},\"sameAs\":[\"https:\\\/\\\/www.linkedin.com\\\/company\\\/swibeco\\\/\"]}]}<\/script>\n<!-- \/ Yoast SEO Premium plugin. -->","yoast_head_json":{"title":"Geschenke promo 2026 | Swibeco","robots":{"index":"index","follow":"follow","max-snippet":"max-snippet:-1","max-image-preview":"max-image-preview:large","max-video-preview":"max-video-preview:-1"},"canonical":"https:\/\/www.swibeco.ch\/de\/geschenke-promo-2026\/","og_locale":"de_DE","og_type":"article","og_title":"Geschenke promo 2026","og_description":"2026 st\u00e4rkt Mitarbeiterbenefits! Seit dem 1. Januar 2026 er\u00f6ffnet sich Ihnen eine neue M\u00f6glichkeit. Der H\u00f6chstbetrag f\u00fcr steuerfreie Geschenke wurde auf CHF 600.\u2013 pro Mitarbeitende und Jahr erh\u00f6ht (statt bisher CHF 500.\u2013)*. Verschenken Sie Ihre ersten Geschenke und profitieren Sie von 6% Sofortrabatt Ein Angebot, das sicherstellt, dass Mitarbeitergeschenke nicht nur vergeben, sondern auch genutzt ... Lire plus","og_url":"https:\/\/www.swibeco.ch\/de\/geschenke-promo-2026\/","og_site_name":"Swibeco","article_modified_time":"2026-03-19T21:44:26+00:00","og_image":[{"width":1200,"height":675,"url":"https:\/\/www.swibeco.ch\/wp-content\/uploads\/swibeco-opengraph.jpg","type":"image\/jpeg"}],"twitter_card":"summary_large_image","twitter_misc":{"Gesch\u00e4tzte Lesezeit":"2\u00a0Minuten"},"schema":{"@context":"https:\/\/schema.org","@graph":[{"@type":"WebPage","@id":"https:\/\/www.swibeco.ch\/de\/geschenke-promo-2026\/","url":"https:\/\/www.swibeco.ch\/de\/geschenke-promo-2026\/","name":"Geschenke promo 2026 | Swibeco","isPartOf":{"@id":"https:\/\/www.swibeco.ch\/de\/#website"},"datePublished":"2026-01-22T17:30:24+00:00","dateModified":"2026-03-19T21:44:26+00:00","breadcrumb":{"@id":"https:\/\/www.swibeco.ch\/de\/geschenke-promo-2026\/#breadcrumb"},"inLanguage":"de","potentialAction":[{"@type":"ReadAction","target":["https:\/\/www.swibeco.ch\/de\/geschenke-promo-2026\/"]}]},{"@type":"BreadcrumbList","@id":"https:\/\/www.swibeco.ch\/de\/geschenke-promo-2026\/#breadcrumb","itemListElement":[{"@type":"ListItem","position":1,"name":"Accueil","item":"https:\/\/www.swibeco.ch\/de\/"},{"@type":"ListItem","position":2,"name":"Geschenke promo 2026"}]},{"@type":"WebSite","@id":"https:\/\/www.swibeco.ch\/de\/#website","url":"https:\/\/www.swibeco.ch\/de\/","name":"Swibeco","description":"Flexible Benefits for Real Impact","publisher":{"@id":"https:\/\/www.swibeco.ch\/de\/#organization"},"potentialAction":[{"@type":"SearchAction","target":{"@type":"EntryPoint","urlTemplate":"https:\/\/www.swibeco.ch\/de\/?s={search_term_string}"},"query-input":{"@type":"PropertyValueSpecification","valueRequired":true,"valueName":"search_term_string"}}],"inLanguage":"de"},{"@type":"Organization","@id":"https:\/\/www.swibeco.ch\/de\/#organization","name":"SWIBECO","url":"https:\/\/www.swibeco.ch\/de\/","logo":{"@type":"ImageObject","inLanguage":"de","@id":"https:\/\/www.swibeco.ch\/de\/#\/schema\/logo\/image\/","url":"https:\/\/www.swibeco.ch\/wp-content\/uploads\/logo-swibeco.svg","contentUrl":"https:\/\/www.swibeco.ch\/wp-content\/uploads\/logo-swibeco.svg","width":300,"height":110,"caption":"SWIBECO"},"image":{"@id":"https:\/\/www.swibeco.ch\/de\/#\/schema\/logo\/image\/"},"sameAs":["https:\/\/www.linkedin.com\/company\/swibeco\/"]}]}},"_links":{"self":[{"href":"https:\/\/www.swibeco.ch\/de\/wp-json\/wp\/v2\/pages\/47305","targetHints":{"allow":["GET"]}}],"collection":[{"href":"https:\/\/www.swibeco.ch\/de\/wp-json\/wp\/v2\/pages"}],"about":[{"href":"https:\/\/www.swibeco.ch\/de\/wp-json\/wp\/v2\/types\/page"}],"author":[{"embeddable":true,"href":"https:\/\/www.swibeco.ch\/de\/wp-json\/wp\/v2\/users\/1"}],"replies":[{"embeddable":true,"href":"https:\/\/www.swibeco.ch\/de\/wp-json\/wp\/v2\/comments?post=47305"}],"version-history":[{"count":39,"href":"https:\/\/www.swibeco.ch\/de\/wp-json\/wp\/v2\/pages\/47305\/revisions"}],"predecessor-version":[{"id":48636,"href":"https:\/\/www.swibeco.ch\/de\/wp-json\/wp\/v2\/pages\/47305\/revisions\/48636"}],"wp:attachment":[{"href":"https:\/\/www.swibeco.ch\/de\/wp-json\/wp\/v2\/media?parent=47305"}],"curies":[{"name":"wp","href":"https:\/\/api.w.org\/{rel}","templated":true}]}}