{"id":47525,"date":"2026-01-28T11:31:42","date_gmt":"2026-01-28T10:31:42","guid":{"rendered":"https:\/\/www.swibeco.ch\/swibeco-card-with-apple-pay\/"},"modified":"2026-03-26T15:57:42","modified_gmt":"2026-03-26T14:57:42","slug":"swibeco-card-with-apple-pay","status":"publish","type":"page","link":"https:\/\/www.swibeco.ch\/de\/swibeco-card-with-apple-pay\/","title":{"rendered":"Swibeco Card with Apple Pay"},"content":{"rendered":"<div class=\"gb-container gb-container-7a180ece alignfull\">\n<div class=\"gb-container gb-container-fe5b51a6 banniere-bg\">\n<div class=\"gb-container gb-container-72e810eb\">\n<div class=\"gb-container gb-container-58a1bb3b\">\n\n<p>THE POWER TO BUY MORE<\/p>\n\n\n\n<p class=\"gb-headline gb-headline-d579b78c gb-headline-text\">Swibeco Card mit Apple Pay<\/p>\n\n<\/div>\n\n\n<p class=\"gb-headline gb-headline-f57f3ebf gb-headline-text\">Bezahlen Sie weltweit kontaktlos mit Ihrem iPhone, Ihrer Apple Watch oder Ihrem Mac und Ihrer Swibeco Card.<\/p>\n\n<\/div>\n<\/div>\n<\/div>\n\n<div class=\"gb-container gb-container-60948923 alignfull\">\n<div class=\"gb-container gb-container-1ac477df\">\n<div class=\"gb-grid-wrapper gb-grid-wrapper-760d960c\">\n<div class=\"gb-grid-column gb-grid-column-230edfdc\"><div class=\"gb-container gb-container-230edfdc\">\n\n<figure class=\"gb-block-image gb-block-image-1f229c0c\"><img decoding=\"async\" width=\"800\" height=\"1132\" class=\"gb-image gb-image-1f229c0c\" src=\"https:\/\/www.swibeco.ch\/wp-content\/uploads\/wallet-applepay-1.jpg\" alt=\"\" title=\"wallet-applepay\"\/><\/figure>\n\n<\/div><\/div>\n\n<div class=\"gb-grid-column gb-grid-column-bfdb5edc\"><div class=\"gb-container gb-container-bfdb5edc\">\n\n<h2 class=\"gb-headline gb-headline-685c948e gb-headline-text\"><mark class=\"gb-highlight\">Swibeco Card zu Apple Pay hinzuf\u00fcgen<\/mark><\/h2>\n\n\n\n<p class=\"gb-headline gb-headline-621742a1 gb-headline-text\">Das Hinzuf\u00fcgen Ihrer Karte zu Apple Pay ist ganz einfach. So starten Sie mit Ihrem iPhone.<\/p>\n\n\n\n<h3 class=\"gb-headline gb-headline-61234bb4 gb-headline-text\">Karte \u00fcber die Swibeco App hinzuf\u00fcgen<\/h3>\n\n\n\n<ol class=\"wp-block-list\">\n<li>Melden Sie sich in der <strong>Swibeco App<\/strong> an.<\/li>\n\n\n\n<li>Tippen Sie in der unteren Men\u00fcleiste auf <strong>Wallet<\/strong>.<\/li>\n\n\n\n<li>Tippen Sie anschliessend auf <strong>Zu Apple Wallet hinzuf\u00fcgen<\/strong>.<\/li>\n<\/ol>\n\n\n\n<h3 class=\"gb-headline gb-headline-c9c1d910 gb-headline-text\">Karte direkt \u00fcber Apple Wallet hinzuf\u00fcgen<\/h3>\n\n\n\n<p>Alternativ k\u00f6nnen Sie die Wallet App auf Ihrem iPhone \u00f6ffnen und auf das \u201e+\u201c-Symbol tippen.<\/p>\n\n\n\n<ol class=\"wp-block-list\">\n<li>\u00d6ffnen Sie die <strong>Wallet App<\/strong>.<\/li>\n\n\n\n<li>Tippen Sie auf das \u201e+\u201c-Symbol oben rechts.<\/li>\n\n\n\n<li>W\u00e4hlen Sie <strong>Yapeal<\/strong> aus der Liste aus.<\/li>\n\n\n\n<li>Folgen Sie den Anweisungen auf dem Bildschirm.<\/li>\n<\/ol>\n\n\n\n<p><a href=\"https:\/\/www.apple.com\/105\/media\/ww\/apple-pay\/2017\/1b3e5430_fafc_4e9d_8114_4ba5eacf00f4\/overview\/films\/add-a-card\/apple-pay-add-a-card-tpl-ww-20170912_720x1280h.mp4\" target=\"_blank\" rel=\"noreferrer noopener\">Videoanleitung von Apple (auf Englisch) (apple.com)<\/a><\/p>\n\n<\/div><\/div>\n<\/div>\n<\/div>\n<\/div>\n\n<div class=\"gb-container gb-container-c37248ef alignfull\">\n<div class=\"gb-container gb-container-7ded1ac1\">\n<div class=\"gb-grid-wrapper gb-grid-wrapper-5ab78b2f\">\n<div class=\"gb-grid-column gb-grid-column-b9505cf4\"><div class=\"gb-container gb-container-b9505cf4\">\n\n<figure class=\"gb-block-image gb-block-image-31cfd12b\"><img decoding=\"async\" width=\"1414\" height=\"2000\" class=\"gb-image gb-image-31cfd12b\" src=\"https:\/\/www.swibeco.ch\/wp-content\/uploads\/Apple-Pay_Swibeco-Card-2.png\" alt=\"\" title=\"Apple Pay_Swibeco Card\"\/><\/figure>\n\n<\/div><\/div>\n\n<div class=\"gb-grid-column gb-grid-column-bea13d83\"><div class=\"gb-container gb-container-bea13d83\">\n\n<h2 class=\"gb-headline gb-headline-2734ebf5 gb-headline-text\"><mark class=\"gb-highlight\">Mit Apple Pay bezahlen<\/mark><\/h2>\n\n\n\n<p class=\"gb-headline gb-headline-398d71b4 gb-headline-text\">Apple Pay ist die sichere und schnelle Art, in Gesch\u00e4ften mit Ihrem iPhone oder Ihrer Apple Watch zu bezahlen. Bezahlen Sie bequem mit den Ger\u00e4ten, die Sie t\u00e4glich bei sich tragen.<\/p>\n\n\n\n<h3 class=\"wp-block-heading\" id=\"col2textimage53902773-1249881998\">Bezahlen im Gesch\u00e4ft<\/h3>\n\n\n\n<p>F\u00fcr Zahlungen mit <strong>Face ID<\/strong> dr\u00fccken Sie zweimal die Seitentaste, schauen auf das Display und halten das iPhone nahe an das Leseger\u00e4t.<br>F\u00fcr <strong>Touch ID<\/strong> halten Sie das iPhone nahe an das Leseger\u00e4t und legen Ihren Finger auf Touch ID.<\/p>\n\n\n\n<ul class=\"wp-block-list\">\n<li><a href=\"https:\/\/www.apple.com\/105\/media\/ww\/apple-pay\/2017\/1b3e5430_fafc_4e9d_8114_4ba5eacf00f4\/overview\/films\/face-id\/apple-pay-face-id-tpl-ww-20171103_720x1280h.mp4\" target=\"_blank\" rel=\"noreferrer noopener\">Videoanleitung Face ID von Apple (auf Englisch) (apple.com)<\/a><\/li>\n\n\n\n<li><a href=\"https:\/\/www.apple.com\/105\/media\/ww\/apple-pay\/2017\/1b3e5430_fafc_4e9d_8114_4ba5eacf00f4\/overview\/films\/pay-in-store\/apple-pay-pay-in-store-tpl-ww-20170912_720x1280h.mp4\" target=\"_blank\" rel=\"noreferrer noopener\">Videoanleitung Touch ID von Apple (auf Englisch) (apple.com)<\/a><\/li>\n<\/ul>\n\n\n\n<h3 class=\"gb-headline gb-headline-708803a1 gb-headline-text\">Bezahlen in Apps und auf Websites<\/h3>\n\n\n\n<p>W\u00e4hlen Sie auf Ihrem iPhone oder iPad beim Bezahlen <strong>Apple Pay<\/strong> aus und best\u00e4tigen Sie die Zahlung mit Face ID oder Touch ID.<\/p>\n\n\n\n<p>Auf dem Mac w\u00e4hlen Sie <strong>Apple Pay<\/strong> und schliessen die Zahlung mit Ihrem iPhone oder Ihrer Apple Watch ab.<br>Auf dem MacBook Pro k\u00f6nnen Sie mit <strong>Touch ID<\/strong> \u00fcber die Touch Bar bezahlen.<\/p>\n\n<\/div><\/div>\n<\/div>\n<\/div>\n<\/div>\n\n\n<p><\/p>\n","protected":false},"excerpt":{"rendered":"<p>THE POWER TO BUY MORE Swibeco Card mit Apple Pay Bezahlen Sie weltweit kontaktlos mit Ihrem iPhone, Ihrer Apple Watch oder Ihrem Mac und Ihrer Swibeco Card.<\/p>\n","protected":false},"author":1,"featured_media":0,"parent":0,"menu_order":6,"comment_status":"closed","ping_status":"closed","template":"","meta":{"_acf_changed":false,"footnotes":""},"class_list":["post-47525","page","type-page","status-publish"],"acf":{"type_page":"site_officiel"},"yoast_head":"<!-- This site is optimized with the Yoast SEO Premium plugin v27.5 (Yoast SEO v27.5) - https:\/\/yoast.com\/product\/yoast-seo-premium-wordpress\/ -->\n<title>Swibeco Card with Apple Pay | Swibeco<\/title>\n<meta name=\"robots\" content=\"index, follow, max-snippet:-1, max-image-preview:large, max-video-preview:-1\" \/>\n<link rel=\"canonical\" href=\"https:\/\/www.swibeco.ch\/de\/swibeco-card-with-apple-pay\/\" \/>\n<meta property=\"og:locale\" content=\"de_DE\" \/>\n<meta property=\"og:type\" content=\"article\" \/>\n<meta property=\"og:title\" content=\"Swibeco Card with Apple Pay\" \/>\n<meta property=\"og:description\" content=\"THE POWER TO BUY MORE Swibeco Card mit Apple Pay Bezahlen Sie weltweit kontaktlos mit Ihrem iPhone, Ihrer Apple Watch oder Ihrem Mac und Ihrer Swibeco Card.\" \/>\n<meta property=\"og:url\" content=\"https:\/\/www.swibeco.ch\/de\/swibeco-card-with-apple-pay\/\" \/>\n<meta property=\"og:site_name\" content=\"Swibeco\" \/>\n<meta property=\"article:modified_time\" content=\"2026-03-26T14:57:42+00:00\" \/>\n<meta property=\"og:image\" content=\"https:\/\/www.swibeco.ch\/wp-content\/uploads\/swibeco-opengraph.jpg\" \/>\n<meta name=\"twitter:card\" content=\"summary_large_image\" \/>\n<meta name=\"twitter:label1\" content=\"Gesch\u00e4tzte Lesezeit\" \/>\n\t<meta name=\"twitter:data1\" content=\"2\u00a0Minuten\" \/>\n<script type=\"application\/ld+json\" class=\"yoast-schema-graph\">{\"@context\":\"https:\\\/\\\/schema.org\",\"@graph\":[{\"@type\":\"WebPage\",\"@id\":\"https:\\\/\\\/www.swibeco.ch\\\/de\\\/swibeco-card-with-apple-pay\\\/\",\"url\":\"https:\\\/\\\/www.swibeco.ch\\\/de\\\/swibeco-card-with-apple-pay\\\/\",\"name\":\"Swibeco Card with Apple Pay | Swibeco\",\"isPartOf\":{\"@id\":\"https:\\\/\\\/www.swibeco.ch\\\/de\\\/#website\"},\"primaryImageOfPage\":{\"@id\":\"https:\\\/\\\/www.swibeco.ch\\\/de\\\/swibeco-card-with-apple-pay\\\/#primaryimage\"},\"image\":{\"@id\":\"https:\\\/\\\/www.swibeco.ch\\\/de\\\/swibeco-card-with-apple-pay\\\/#primaryimage\"},\"thumbnailUrl\":\"https:\\\/\\\/www.swibeco.ch\\\/wp-content\\\/uploads\\\/wallet-applepay-1.jpg\",\"datePublished\":\"2026-01-28T10:31:42+00:00\",\"dateModified\":\"2026-03-26T14:57:42+00:00\",\"breadcrumb\":{\"@id\":\"https:\\\/\\\/www.swibeco.ch\\\/de\\\/swibeco-card-with-apple-pay\\\/#breadcrumb\"},\"inLanguage\":\"de\",\"potentialAction\":[{\"@type\":\"ReadAction\",\"target\":[\"https:\\\/\\\/www.swibeco.ch\\\/de\\\/swibeco-card-with-apple-pay\\\/\"]}]},{\"@type\":\"ImageObject\",\"inLanguage\":\"de\",\"@id\":\"https:\\\/\\\/www.swibeco.ch\\\/de\\\/swibeco-card-with-apple-pay\\\/#primaryimage\",\"url\":\"https:\\\/\\\/www.swibeco.ch\\\/wp-content\\\/uploads\\\/wallet-applepay-1.jpg\",\"contentUrl\":\"https:\\\/\\\/www.swibeco.ch\\\/wp-content\\\/uploads\\\/wallet-applepay-1.jpg\"},{\"@type\":\"BreadcrumbList\",\"@id\":\"https:\\\/\\\/www.swibeco.ch\\\/de\\\/swibeco-card-with-apple-pay\\\/#breadcrumb\",\"itemListElement\":[{\"@type\":\"ListItem\",\"position\":1,\"name\":\"Accueil\",\"item\":\"https:\\\/\\\/www.swibeco.ch\\\/de\\\/\"},{\"@type\":\"ListItem\",\"position\":2,\"name\":\"Swibeco Card with Apple Pay\"}]},{\"@type\":\"WebSite\",\"@id\":\"https:\\\/\\\/www.swibeco.ch\\\/de\\\/#website\",\"url\":\"https:\\\/\\\/www.swibeco.ch\\\/de\\\/\",\"name\":\"Swibeco\",\"description\":\"Flexible Benefits for Real Impact\",\"publisher\":{\"@id\":\"https:\\\/\\\/www.swibeco.ch\\\/de\\\/#organization\"},\"potentialAction\":[{\"@type\":\"SearchAction\",\"target\":{\"@type\":\"EntryPoint\",\"urlTemplate\":\"https:\\\/\\\/www.swibeco.ch\\\/de\\\/?s={search_term_string}\"},\"query-input\":{\"@type\":\"PropertyValueSpecification\",\"valueRequired\":true,\"valueName\":\"search_term_string\"}}],\"inLanguage\":\"de\"},{\"@type\":\"Organization\",\"@id\":\"https:\\\/\\\/www.swibeco.ch\\\/de\\\/#organization\",\"name\":\"SWIBECO\",\"url\":\"https:\\\/\\\/www.swibeco.ch\\\/de\\\/\",\"logo\":{\"@type\":\"ImageObject\",\"inLanguage\":\"de\",\"@id\":\"https:\\\/\\\/www.swibeco.ch\\\/de\\\/#\\\/schema\\\/logo\\\/image\\\/\",\"url\":\"https:\\\/\\\/www.swibeco.ch\\\/wp-content\\\/uploads\\\/logo-swibeco.svg\",\"contentUrl\":\"https:\\\/\\\/www.swibeco.ch\\\/wp-content\\\/uploads\\\/logo-swibeco.svg\",\"width\":300,\"height\":110,\"caption\":\"SWIBECO\"},\"image\":{\"@id\":\"https:\\\/\\\/www.swibeco.ch\\\/de\\\/#\\\/schema\\\/logo\\\/image\\\/\"},\"sameAs\":[\"https:\\\/\\\/www.linkedin.com\\\/company\\\/swibeco\\\/\"]}]}<\/script>\n<!-- \/ Yoast SEO Premium plugin. -->","yoast_head_json":{"title":"Swibeco Card with Apple Pay | Swibeco","robots":{"index":"index","follow":"follow","max-snippet":"max-snippet:-1","max-image-preview":"max-image-preview:large","max-video-preview":"max-video-preview:-1"},"canonical":"https:\/\/www.swibeco.ch\/de\/swibeco-card-with-apple-pay\/","og_locale":"de_DE","og_type":"article","og_title":"Swibeco Card with Apple Pay","og_description":"THE POWER TO BUY MORE Swibeco Card mit Apple Pay Bezahlen Sie weltweit kontaktlos mit Ihrem iPhone, Ihrer Apple Watch oder Ihrem Mac und Ihrer Swibeco Card.","og_url":"https:\/\/www.swibeco.ch\/de\/swibeco-card-with-apple-pay\/","og_site_name":"Swibeco","article_modified_time":"2026-03-26T14:57:42+00:00","og_image":[{"url":"https:\/\/www.swibeco.ch\/wp-content\/uploads\/swibeco-opengraph.jpg","type":"","width":"","height":""}],"twitter_card":"summary_large_image","twitter_misc":{"Gesch\u00e4tzte Lesezeit":"2\u00a0Minuten"},"schema":{"@context":"https:\/\/schema.org","@graph":[{"@type":"WebPage","@id":"https:\/\/www.swibeco.ch\/de\/swibeco-card-with-apple-pay\/","url":"https:\/\/www.swibeco.ch\/de\/swibeco-card-with-apple-pay\/","name":"Swibeco Card with Apple Pay | Swibeco","isPartOf":{"@id":"https:\/\/www.swibeco.ch\/de\/#website"},"primaryImageOfPage":{"@id":"https:\/\/www.swibeco.ch\/de\/swibeco-card-with-apple-pay\/#primaryimage"},"image":{"@id":"https:\/\/www.swibeco.ch\/de\/swibeco-card-with-apple-pay\/#primaryimage"},"thumbnailUrl":"https:\/\/www.swibeco.ch\/wp-content\/uploads\/wallet-applepay-1.jpg","datePublished":"2026-01-28T10:31:42+00:00","dateModified":"2026-03-26T14:57:42+00:00","breadcrumb":{"@id":"https:\/\/www.swibeco.ch\/de\/swibeco-card-with-apple-pay\/#breadcrumb"},"inLanguage":"de","potentialAction":[{"@type":"ReadAction","target":["https:\/\/www.swibeco.ch\/de\/swibeco-card-with-apple-pay\/"]}]},{"@type":"ImageObject","inLanguage":"de","@id":"https:\/\/www.swibeco.ch\/de\/swibeco-card-with-apple-pay\/#primaryimage","url":"https:\/\/www.swibeco.ch\/wp-content\/uploads\/wallet-applepay-1.jpg","contentUrl":"https:\/\/www.swibeco.ch\/wp-content\/uploads\/wallet-applepay-1.jpg"},{"@type":"BreadcrumbList","@id":"https:\/\/www.swibeco.ch\/de\/swibeco-card-with-apple-pay\/#breadcrumb","itemListElement":[{"@type":"ListItem","position":1,"name":"Accueil","item":"https:\/\/www.swibeco.ch\/de\/"},{"@type":"ListItem","position":2,"name":"Swibeco Card with Apple Pay"}]},{"@type":"WebSite","@id":"https:\/\/www.swibeco.ch\/de\/#website","url":"https:\/\/www.swibeco.ch\/de\/","name":"Swibeco","description":"Flexible Benefits for Real Impact","publisher":{"@id":"https:\/\/www.swibeco.ch\/de\/#organization"},"potentialAction":[{"@type":"SearchAction","target":{"@type":"EntryPoint","urlTemplate":"https:\/\/www.swibeco.ch\/de\/?s={search_term_string}"},"query-input":{"@type":"PropertyValueSpecification","valueRequired":true,"valueName":"search_term_string"}}],"inLanguage":"de"},{"@type":"Organization","@id":"https:\/\/www.swibeco.ch\/de\/#organization","name":"SWIBECO","url":"https:\/\/www.swibeco.ch\/de\/","logo":{"@type":"ImageObject","inLanguage":"de","@id":"https:\/\/www.swibeco.ch\/de\/#\/schema\/logo\/image\/","url":"https:\/\/www.swibeco.ch\/wp-content\/uploads\/logo-swibeco.svg","contentUrl":"https:\/\/www.swibeco.ch\/wp-content\/uploads\/logo-swibeco.svg","width":300,"height":110,"caption":"SWIBECO"},"image":{"@id":"https:\/\/www.swibeco.ch\/de\/#\/schema\/logo\/image\/"},"sameAs":["https:\/\/www.linkedin.com\/company\/swibeco\/"]}]}},"_links":{"self":[{"href":"https:\/\/www.swibeco.ch\/de\/wp-json\/wp\/v2\/pages\/47525","targetHints":{"allow":["GET"]}}],"collection":[{"href":"https:\/\/www.swibeco.ch\/de\/wp-json\/wp\/v2\/pages"}],"about":[{"href":"https:\/\/www.swibeco.ch\/de\/wp-json\/wp\/v2\/types\/page"}],"author":[{"embeddable":true,"href":"https:\/\/www.swibeco.ch\/de\/wp-json\/wp\/v2\/users\/1"}],"replies":[{"embeddable":true,"href":"https:\/\/www.swibeco.ch\/de\/wp-json\/wp\/v2\/comments?post=47525"}],"version-history":[{"count":0,"href":"https:\/\/www.swibeco.ch\/de\/wp-json\/wp\/v2\/pages\/47525\/revisions"}],"wp:attachment":[{"href":"https:\/\/www.swibeco.ch\/de\/wp-json\/wp\/v2\/media?parent=47525"}],"curies":[{"name":"wp","href":"https:\/\/api.w.org\/{rel}","templated":true}]}}